{"id":993,"date":"2025-05-17T17:51:40","date_gmt":"2025-05-17T15:51:40","guid":{"rendered":"https:\/\/arizagaballestar.com\/contacte\/"},"modified":"2025-11-04T15:48:16","modified_gmt":"2025-11-04T14:48:16","slug":"contacto","status":"publish","type":"page","link":"https:\/\/arizagaballestar.com\/es\/contacto\/","title":{"rendered":"Ponte en contacto"},"content":{"rendered":"<style>.kb-row-layout-wrap.wp-block-kadence-rowlayout.kb-row-layout-id993_a590a5-d8{margin-top:96px;margin-bottom:0px;}.kb-row-layout-id993_a590a5-d8 > .kt-row-column-wrap{align-content:start;}:where(.kb-row-layout-id993_a590a5-d8 > .kt-row-column-wrap) > .wp-block-kadence-column{justify-content:start;}.kb-row-layout-id993_a590a5-d8 > .kt-row-column-wrap{column-gap:90px;row-gap:var(--global-kb-gap-md, 2rem);padding-top:0px;padding-bottom:0px;grid-template-columns:repeat(2, minmax(0, 1fr));}.kb-row-layout-id993_a590a5-d8 > .kt-row-layout-overlay{opacity:0.30;}@media all and (max-width: 1024px){.kb-row-layout-wrap.wp-block-kadence-rowlayout.kb-row-layout-id993_a590a5-d8{margin-top:84px;margin-bottom:58px;}}@media all and (max-width: 1024px){.kb-row-layout-id993_a590a5-d8 > .kt-row-column-wrap{column-gap:60px;grid-template-columns:repeat(2, minmax(0, 1fr));}}@media all and (max-width: 767px){.kb-row-layout-wrap.wp-block-kadence-rowlayout.kb-row-layout-id993_a590a5-d8{margin-top:32px;margin-bottom:41px;}.kb-row-layout-id993_a590a5-d8 > .kt-row-column-wrap{row-gap:33px;grid-template-columns:minmax(0, 1fr);}}<\/style><div class=\"kb-row-layout-wrap kb-row-layout-id993_a590a5-d8 alignnone fila--header--interiors fila--contacte wp-block-kadence-rowlayout\"><div class=\"kt-row-column-wrap kt-has-2-columns kt-row-layout-equal kt-tab-layout-inherit kt-mobile-layout-row kt-row-valign-top\">\n<style>#wrapper.site{overflow:clip;}.kadence-column993_62a0ad-93{--kb-section-setting-offset:137px;}.kadence-column993_62a0ad-93 > .kt-inside-inner-col{padding-top:0px;padding-bottom:0px;}.kadence-column993_62a0ad-93 > .kt-inside-inner-col,.kadence-column993_62a0ad-93 > .kt-inside-inner-col:before{border-top-left-radius:0px;border-top-right-radius:0px;border-bottom-right-radius:0px;border-bottom-left-radius:0px;}.kadence-column993_62a0ad-93 > .kt-inside-inner-col{column-gap:var(--global-kb-gap-sm, 1rem);}.kadence-column993_62a0ad-93 > .kt-inside-inner-col{flex-direction:column;}.kadence-column993_62a0ad-93 > .kt-inside-inner-col > .aligncenter{width:100%;}.kadence-column993_62a0ad-93 > .kt-inside-inner-col:before{opacity:0.3;}.kadence-column993_62a0ad-93{position:relative;}.kadence-column993_62a0ad-93, .kt-inside-inner-col > .kadence-column993_62a0ad-93:not(.specificity){margin-top:0px;margin-bottom:0px;}@media all and (max-width: 1024px){.kadence-column993_62a0ad-93{--kb-section-setting-offset:1px;}}@media all and (max-width: 1024px){.kadence-column993_62a0ad-93 > .kt-inside-inner-col{flex-direction:column;justify-content:center;}}@media all and (max-width: 767px){.kadence-column993_62a0ad-93 > .kt-inside-inner-col{flex-direction:column;justify-content:center;}}<\/style>\n<div class=\"wp-block-kadence-column kadence-column993_62a0ad-93 kb-section-is-sticky\"><div class=\"kt-inside-inner-col\"><h1 class=\"h1 wp-block-post-title\">Ponte en contacto<\/h1>\n\n<style>.wp-block-kadence-spacer.kt-block-spacer-993_062e50-bd .kt-block-spacer{height:10px;}.wp-block-kadence-spacer.kt-block-spacer-993_062e50-bd .kt-divider{border-top-width:1px;height:1px;border-top-color:#535561;width:100%;border-top-style:solid;}<\/style>\n<div class=\"wp-block-kadence-spacer alignnone kt-block-spacer-993_062e50-bd\"><div class=\"kt-block-spacer kt-block-spacer-halign-left\"><hr class=\"kt-divider\"\/><\/div><\/div>\n\n\n\n<p>Si ten\u00e9is cualquier otra consulta, pod\u00e9is escribirnos a trav\u00e9s del formulario o contactarnos por tel\u00e9fono, correo electr\u00f3nico o presencialmente en la cl\u00ednica. Estaremos encantadas de atenderos.<\/p>\n\n\n\n<p><strong>Direcci\u00f3n:<\/strong> Cam\u00ed Ral 447, 08301 Matar\u00f3 (Barcelona) \u2014 <a href=\"https:\/\/maps.app.goo.gl\/7efsiPfktECCVr9c8\" data-type=\"link\" data-id=\"https:\/\/maps.app.goo.gl\/7efsiPfktECCVr9c8\" target=\"_blank\" rel=\"noreferrer noopener\">Indicaciones<\/a><br><strong>Tel\u00e9fono:<\/strong> +34 93 380 34 14<br><strong>Correo electr\u00f3nico:<\/strong> <a href=\"&#109;&#x61;&#105;&#x6c;&#116;&#x6f;&#58;&#x68;o&#x6c;a&#x40;a&#x72;i&#122;&#x61;&#103;&#x61;&#98;&#x61;&#108;&#x6c;&#101;&#x73;t&#x61;r&#x2e;c&#x6f;m\">ho&#108;&#97;&#64;&#x61;&#x72;&#x69;&#x7a;&#x61;ga&#98;&#97;&#108;&#x6c;&#x65;&#x73;&#x74;&#x61;r&#46;&#99;&#111;&#109;<\/a><\/p>\n\n\n\n<p><strong>Horario de atenci\u00f3n:<\/strong><br>Lunes a jueves de 09:00 h. a 19:00 h.<br>Viernes de 09:00 h. a 15:00 h.<\/p>\n<\/div><\/div>\n\n\n<style>.kadence-column993_1ba697-28 > .kt-inside-inner-col{padding-top:75px;padding-right:75px;padding-bottom:75px;padding-left:75px;}.kadence-column993_1ba697-28 > .kt-inside-inner-col,.kadence-column993_1ba697-28 > .kt-inside-inner-col:before{border-top-left-radius:90px;border-top-right-radius:90px;border-bottom-right-radius:90px;border-bottom-left-radius:90px;}.kadence-column993_1ba697-28 > .kt-inside-inner-col{column-gap:var(--global-kb-gap-sm, 1rem);}.kadence-column993_1ba697-28 > .kt-inside-inner-col{flex-direction:column;}.kadence-column993_1ba697-28 > .kt-inside-inner-col > .aligncenter{width:100%;}.kadence-column993_1ba697-28 > .kt-inside-inner-col{background-color:rgba(255, 219, 191, 0.5);}.kadence-column993_1ba697-28 > .kt-inside-inner-col:before{opacity:0.3;}.kadence-column993_1ba697-28{position:relative;}.kadence-column993_1ba697-28, .kt-inside-inner-col > .kadence-column993_1ba697-28:not(.specificity){margin-top:0px;margin-bottom:0px;}@media all and (max-width: 1024px){.kadence-column993_1ba697-28 > .kt-inside-inner-col{padding-top:30px;padding-right:30px;padding-bottom:30px;padding-left:30px;flex-direction:column;justify-content:center;}}@media all and (max-width: 1024px){.kadence-column993_1ba697-28 > .kt-inside-inner-col,.kadence-column993_1ba697-28 > .kt-inside-inner-col:before{border-top-left-radius:45px;border-top-right-radius:45px;border-bottom-right-radius:45px;border-bottom-left-radius:45px;}}@media all and (max-width: 767px){.kadence-column993_1ba697-28 > .kt-inside-inner-col{padding-top:30px;padding-right:30px;padding-bottom:30px;padding-left:30px;flex-direction:column;justify-content:center;}.kadence-column993_1ba697-28 > .kt-inside-inner-col,.kadence-column993_1ba697-28 > .kt-inside-inner-col:before{border-top-left-radius:45px;border-top-right-radius:45px;border-bottom-right-radius:45px;border-bottom-left-radius:45px;}}<\/style>\n<div class=\"wp-block-kadence-column kadence-column993_1ba697-28 columna--formulari\"><div class=\"kt-inside-inner-col\"><style>.wp-block-kadence-advancedheading.kt-adv-heading993_86fc5c-f0, .wp-block-kadence-advancedheading.kt-adv-heading993_86fc5c-f0[data-kb-block=\"kb-adv-heading993_86fc5c-f0\"]{font-style:normal;}.wp-block-kadence-advancedheading.kt-adv-heading993_86fc5c-f0 mark.kt-highlight, .wp-block-kadence-advancedheading.kt-adv-heading993_86fc5c-f0[data-kb-block=\"kb-adv-heading993_86fc5c-f0\"] mark.kt-highlight{font-style:normal;color:#f76a0c;-webkit-box-decoration-break:clone;box-decoration-break:clone;padding-top:0px;padding-right:0px;padding-bottom:0px;padding-left:0px;}.wp-block-kadence-advancedheading.kt-adv-heading993_86fc5c-f0 img.kb-inline-image, .wp-block-kadence-advancedheading.kt-adv-heading993_86fc5c-f0[data-kb-block=\"kb-adv-heading993_86fc5c-f0\"] img.kb-inline-image{width:150px;vertical-align:baseline;}<\/style>\n<h2 class=\"kt-adv-heading993_86fc5c-f0 h3 wp-block-kadence-advancedheading\" data-kb-block=\"kb-adv-heading993_86fc5c-f0\">Consulta en l\u00ednea<\/h2>\n\n\n\n<p>No dud\u00e9is en poneros en contacto con nosotras en cualquier momento. Esperamos poder ayudaros.<\/p>\n\n\n<style>.wp-block-kadence-spacer.kt-block-spacer-993_cc23fc-f2 .kt-block-spacer{height:6px;}.wp-block-kadence-spacer.kt-block-spacer-993_cc23fc-f2 .kt-divider{border-top-width:1px;height:1px;border-top-color:#eee;width:80%;border-top-style:solid;}<\/style>\n<div class=\"wp-block-kadence-spacer aligncenter kt-block-spacer-993_cc23fc-f2\"><div class=\"kt-block-spacer kt-block-spacer-halign-center\"><\/div><\/div>\n\n\n\n<div class=\"wp-block-contact-form-7-contact-form-selector\">\n<div class=\"wpcf7 no-js\" id=\"wpcf7-f992-o1\" lang=\"es-ES\" dir=\"ltr\" data-wpcf7-id=\"992\">\n<div class=\"screen-reader-response\"><p role=\"status\" aria-live=\"polite\" aria-atomic=\"true\"><\/p> <ul><\/ul><\/div>\n<form action=\"\/es\/wp-json\/wp\/v2\/pages\/993#wpcf7-f992-o1\" method=\"post\" class=\"wpcf7-form init\" aria-label=\"Formulario de contacto\" novalidate=\"novalidate\" data-status=\"init\">\n<fieldset class=\"hidden-fields-container\"><input type=\"hidden\" name=\"_wpcf7\" value=\"992\" \/><input type=\"hidden\" name=\"_wpcf7_version\" value=\"6.1.5\" \/><input type=\"hidden\" name=\"_wpcf7_locale\" value=\"es_ES\" \/><input type=\"hidden\" name=\"_wpcf7_unit_tag\" value=\"wpcf7-f992-o1\" \/><input type=\"hidden\" name=\"_wpcf7_container_post\" value=\"0\" \/><input type=\"hidden\" name=\"_wpcf7_posted_data_hash\" value=\"\" \/><input type=\"hidden\" name=\"_wpcf7_recaptcha_response\" value=\"\" \/>\n<\/fieldset>\n<p>\t\t<div id=\"cf7md-form\" class=\"cf7md-form\">\n\t\t\t<div class=\"mdc-layout-grid\">\n\t\t\t\t<div class=\"mdc-layout-grid__inner\">\n\t\t\t\t\t\t\t\t\t\t\n<\/p>\n\t\t\n\t\t<div class=\"cf7md-item cf7md-text mdc-layout-grid__cell mdc-layout-grid__cell--span-12-desktop mdc-layout-grid__cell--span-8-tablet mdc-layout-grid__cell--span-4-phone\">\n\t\t\t<br \/>\n<span class=\"wpcf7-form-control-wrap\" data-name=\"nom-cognoms\"><input size=\"40\" maxlength=\"400\" class=\"wpcf7-form-control wpcf7-text wpcf7-validates-as-required\" id=\"nom-cognoms\" aria-required=\"true\" aria-invalid=\"false\" value=\"\" type=\"text\" name=\"nom-cognoms\" \/><\/span><br \/>\n\t\t\t\t\t\t<div style=\"display: none;\" class=\"cf7md-text-html\">\n\t\t\t\t<div class=\"mdc-text-field \">\n\t\t\t\t\t\n\t\t\t\t\t\t\t\t\t\t\t<label class=\"mdc-floating-label\">Nombre y apellidos<\/label>\n\t\t\t\t\t\t<div class=\"mdc-line-ripple\"><\/div>\n\t\t\t\t\t\t\t\t\t<\/div>\n\t\t\t<\/div>\n\t\t<\/div>\n\t\t\n\t\t\n\t\t<div class=\"cf7md-item cf7md-text mdc-layout-grid__cell mdc-layout-grid__cell--span-12-desktop mdc-layout-grid__cell--span-8-tablet mdc-layout-grid__cell--span-4-phone\">\n\t\t\t<br \/>\n<span class=\"wpcf7-form-control-wrap\" data-name=\"correu-electronic\"><input size=\"40\" maxlength=\"400\" class=\"wpcf7-form-control wpcf7-email wpcf7-validates-as-required wpcf7-text wpcf7-validates-as-email\" id=\"correu-electronic\" aria-required=\"true\" aria-invalid=\"false\" value=\"\" type=\"email\" name=\"correu-electronic\" \/><\/span><br \/>\n\t\t\t\t\t\t<div style=\"display: none;\" class=\"cf7md-text-html\">\n\t\t\t\t<div class=\"mdc-text-field \">\n\t\t\t\t\t\n\t\t\t\t\t\t\t\t\t\t\t<label class=\"mdc-floating-label\">Correo electr\u00f3nico<\/label>\n\t\t\t\t\t\t<div class=\"mdc-line-ripple\"><\/div>\n\t\t\t\t\t\t\t\t\t<\/div>\n\t\t\t<\/div>\n\t\t<\/div>\n\t\t\n\t\t\n\t\t<div class=\"cf7md-item cf7md-text mdc-layout-grid__cell mdc-layout-grid__cell--span-12-desktop mdc-layout-grid__cell--span-8-tablet mdc-layout-grid__cell--span-4-phone\">\n\t\t\t<br \/>\n<span class=\"wpcf7-form-control-wrap\" data-name=\"telefon\"><input size=\"40\" maxlength=\"400\" class=\"wpcf7-form-control wpcf7-tel wpcf7-validates-as-required wpcf7-text wpcf7-validates-as-tel\" id=\"telefon\" aria-required=\"true\" aria-invalid=\"false\" value=\"\" type=\"tel\" name=\"telefon\" \/><\/span><br \/>\n\t\t\t\t\t\t<div style=\"display: none;\" class=\"cf7md-text-html\">\n\t\t\t\t<div class=\"mdc-text-field \">\n\t\t\t\t\t\n\t\t\t\t\t\t\t\t\t\t\t<label class=\"mdc-floating-label\">Tel\u00e9fono<\/label>\n\t\t\t\t\t\t<div class=\"mdc-line-ripple\"><\/div>\n\t\t\t\t\t\t\t\t\t<\/div>\n\t\t\t<\/div>\n\t\t<\/div>\n\t\t\n\n\t\t<div class=\"cf7md-item cf7md-textarea mdc-layout-grid__cell mdc-layout-grid__cell--span-12-desktop mdc-layout-grid__cell--span-8-tablet mdc-layout-grid__cell--span-4-phone cf7md-textarea-autosize\">\n\t\t\t<br \/>\n<span class=\"wpcf7-form-control-wrap\" data-name=\"consulta\"><textarea cols=\"40\" rows=\"10\" maxlength=\"2000\" class=\"wpcf7-form-control wpcf7-textarea wpcf7-validates-as-required\" id=\"consulta\" aria-required=\"true\" aria-invalid=\"false\" name=\"consulta\"><\/textarea><\/span><br \/>\n\t\t\t\t\t\t<div style=\"display: none;\" class=\"cf7md-text-html\">\n\t\t\t\t<div class=\"mdc-text-field  mdc-text-field--textarea\">\n\t\t\t\t\t\t\t\t\t\t<div class=\"mdc-notched-outline\">\n\t\t\t\t\t\t<div class=\"mdc-notched-outline__leading\"><\/div>\n\t\t\t\t\t\t<div class=\"mdc-notched-outline__notch\">\n\t\t\t\t\t\t\t<label class=\"mdc-floating-label\">Motivo de la consulta<\/label>\n\t\t\t\t\t\t<\/div>\n\t\t\t\t\t\t<div class=\"mdc-notched-outline__trailing\"><\/div>\n\t\t\t\t\t<\/div>\n\t\t\t\t<\/div>\n\t\t\t<\/div>\n\t\t<\/div>\n\t\t\n\t\t<div class=\"cf7md-item cf7md-accept cf7md-is-wpcf7v5 mdc-layout-grid__cell mdc-layout-grid__cell--span-12-desktop mdc-layout-grid__cell--span-8-tablet mdc-layout-grid__cell--span-4-phone\">\n\t\t\t\t\t\t<br \/>\n<span class=\"wpcf7-form-control-wrap\" data-name=\"aceptacion\"><span class=\"wpcf7-form-control wpcf7-acceptance\"><span class=\"wpcf7-list-item\"><label><input type=\"checkbox\" name=\"aceptacion\" value=\"1\" aria-invalid=\"false\" \/><span class=\"wpcf7-list-item-label\"><strong>Consiento el tratamiento de mis datos.<\/strong> Cl\u00ednica Dental Ar\u00edzaga & Ballestar tratar\u00e1 tus datos con la finalidad de responder a tus consultas, dudas o reclamaciones. Puedes ejercer los derechos de acceso, rectificaci\u00f3n, supresi\u00f3n, portabilidad, limitaci\u00f3n y oposici\u00f3n, tal y como te informamos en nuestra <a href=\"https:\/\/arizagaballestar.com\/es\/politica-de-privacitat\/\" target=\"_blank\">Pol\u00edtica de Privacidad<\/a> y en nuestro <a href=\"https:\/\/arizagaballestar.com\/es\/aviso-legal\/\" target=\"_blank\">Aviso Legal<\/a>.<\/span><\/label><\/span><\/span><\/span><br \/>\n\t\t\t<label class=\"cf7md-accept-label\"><\/label>\n\t\t\t<div style=\"display: none;\" class=\"cf7md-checkbox-html\">\n\t\t\t\t<div class=\"mdc-checkbox__background\">\n\t\t\t\t\t<svg class=\"mdc-checkbox__checkmark\" viewBox=\"0 0 24 24\">\n\t\t\t\t\t\t<path class=\"mdc-checkbox__checkmark-path\" fill=\"none\" d=\"M1.73,12.91 8.1,19.28 22.79,4.59\"\/>\n\t\t\t\t\t<\/svg>\n\t\t\t\t\t<div class=\"mdc-checkbox__mixedmark\"><\/div>\n\t\t\t\t<\/div>\n\t\t\t<\/div>\n\t\t\t\t\t<\/div>\n\t\t\n\t\t<div class=\"cf7md-item cf7md-submit mdc-layout-grid__cell mdc-layout-grid__cell--span-12-desktop mdc-layout-grid__cell--span-8-tablet mdc-layout-grid__cell--span-4-phone\" data-button-style=\"raised\">\n\t\t\t<br \/>\n<input class=\"wpcf7-form-control wpcf7-submit has-spinner\" type=\"submit\" value=\"Env\u00eda tu consulta\" \/><br \/>\n\t\t\t<svg class=\"cf7md-spinner\" width=\"25px\" height=\"25px\" viewBox=\"0 0 66 66\" xmlns=\"http:\/\/www.w3.org\/2000\/svg\">\n\t\t\t\t<circle class=\"cf7md-spinner-path\" fill=\"none\" stroke-width=\"6\" stroke-linecap=\"round\" cx=\"33\" cy=\"33\" r=\"30\"><\/circle>\n\t\t\t<\/svg>\n\t\t<\/div>\n\t\t\n\t\t\t\t\t\t\t\t\t<\/div>\n\t\t\t<\/div>\n\t\t<\/div>\n\t\t\n<\/p><div class=\"wpcf7-response-output\" aria-hidden=\"true\"><\/div>\n<\/form>\n<\/div>\n<\/div>\n<\/div><\/div>\n\n<\/div><\/div>","protected":false},"excerpt":{"rendered":"<p>No dud\u00e9is en poneros en contacto con nosotras en cualquier momento. Esperamos poder ayudaros.<\/p>\n","protected":false},"author":2,"featured_media":0,"parent":0,"menu_order":0,"comment_status":"closed","ping_status":"closed","template":"templates\/template-builder.php","meta":{"inline_featured_image":false,"_kad_blocks_custom_css":"","_kad_blocks_head_custom_js":"","_kad_blocks_body_custom_js":"","_kad_blocks_footer_custom_js":"","footnotes":""},"class_list":["post-993","page","type-page","status-publish","hentry","post","without-featured-image"],"taxonomy_info":[],"featured_image_src_large":false,"author_info":{"display_name":"Ideamatic","author_link":"https:\/\/arizagaballestar.com\/es\/author\/ideadmin\/"},"comment_info":0,"_links":{"self":[{"href":"https:\/\/arizagaballestar.com\/es\/wp-json\/wp\/v2\/pages\/993","targetHints":{"allow":["GET"]}}],"collection":[{"href":"https:\/\/arizagaballestar.com\/es\/wp-json\/wp\/v2\/pages"}],"about":[{"href":"https:\/\/arizagaballestar.com\/es\/wp-json\/wp\/v2\/types\/page"}],"author":[{"embeddable":true,"href":"https:\/\/arizagaballestar.com\/es\/wp-json\/wp\/v2\/users\/2"}],"replies":[{"embeddable":true,"href":"https:\/\/arizagaballestar.com\/es\/wp-json\/wp\/v2\/comments?post=993"}],"version-history":[{"count":5,"href":"https:\/\/arizagaballestar.com\/es\/wp-json\/wp\/v2\/pages\/993\/revisions"}],"predecessor-version":[{"id":1291,"href":"https:\/\/arizagaballestar.com\/es\/wp-json\/wp\/v2\/pages\/993\/revisions\/1291"}],"wp:attachment":[{"href":"https:\/\/arizagaballestar.com\/es\/wp-json\/wp\/v2\/media?parent=993"}],"curies":[{"name":"wp","href":"https:\/\/api.w.org\/{rel}","templated":true}]}}