{"id":983,"date":"2025-05-17T17:44:09","date_gmt":"2025-05-17T15:44:09","guid":{"rendered":"https:\/\/arizagaballestar.com\/equip\/"},"modified":"2025-06-02T19:57:05","modified_gmt":"2025-06-02T17:57:05","slug":"equipo-clinica-dental-mataro","status":"publish","type":"page","link":"https:\/\/arizagaballestar.com\/es\/equipo-clinica-dental-mataro\/","title":{"rendered":"Equipo"},"content":{"rendered":"<style>.kb-row-layout-wrap.wp-block-kadence-rowlayout.kb-row-layout-id983_894f06-c2{margin-top:96px;margin-bottom:78px;}.kb-row-layout-id983_894f06-c2 > .kt-row-column-wrap{align-content:start;}:where(.kb-row-layout-id983_894f06-c2 > .kt-row-column-wrap) > .wp-block-kadence-column{justify-content:start;}.kb-row-layout-id983_894f06-c2 > .kt-row-column-wrap{row-gap:45px;padding-top:0px;padding-bottom:0px;grid-template-columns:minmax(0, 1fr);}.kb-row-layout-id983_894f06-c2 > .kt-row-layout-overlay{opacity:0.30;}@media all and (max-width: 1024px){.kb-row-layout-wrap.wp-block-kadence-rowlayout.kb-row-layout-id983_894f06-c2{margin-top:84px;margin-bottom:58px;}}@media all and (max-width: 1024px){.kb-row-layout-id983_894f06-c2 > .kt-row-column-wrap{grid-template-columns:minmax(0, 1fr);}}@media all and (max-width: 767px){.kb-row-layout-wrap.wp-block-kadence-rowlayout.kb-row-layout-id983_894f06-c2{margin-top:32px;margin-bottom:41px;}.kb-row-layout-id983_894f06-c2 > .kt-row-column-wrap{row-gap:30px;grid-template-columns:minmax(0, 1fr);}}<\/style><div class=\"kb-row-layout-wrap kb-row-layout-id983_894f06-c2 alignnone fila--header--interiors wp-block-kadence-rowlayout\"><div class=\"kt-row-column-wrap kt-has-2-columns kt-row-layout-row kt-tab-layout-inherit kt-mobile-layout-row kt-row-valign-top\">\n<style>.kadence-column983_cf5520-99 > .kt-inside-inner-col{padding-top:0px;padding-bottom:0px;}.kadence-column983_cf5520-99 > .kt-inside-inner-col,.kadence-column983_cf5520-99 > .kt-inside-inner-col:before{border-top-left-radius:0px;border-top-right-radius:0px;border-bottom-right-radius:0px;border-bottom-left-radius:0px;}.kadence-column983_cf5520-99 > .kt-inside-inner-col{column-gap:var(--global-kb-gap-sm, 1rem);}.kadence-column983_cf5520-99 > .kt-inside-inner-col{flex-direction:column;}.kadence-column983_cf5520-99 > .kt-inside-inner-col > .aligncenter{width:100%;}.kadence-column983_cf5520-99 > .kt-inside-inner-col:before{opacity:0.3;}.kadence-column983_cf5520-99{position:relative;}.kadence-column983_cf5520-99, .kt-inside-inner-col > .kadence-column983_cf5520-99:not(.specificity){margin-top:0px;margin-bottom:0px;}@media all and (max-width: 1024px){.kadence-column983_cf5520-99 > .kt-inside-inner-col{flex-direction:column;justify-content:center;}}@media all and (max-width: 767px){.kadence-column983_cf5520-99 > .kt-inside-inner-col{flex-direction:column;justify-content:center;}}<\/style>\n<div class=\"wp-block-kadence-column kadence-column983_cf5520-99\"><div class=\"kt-inside-inner-col\"><h1 class=\"h1--plus wp-block-post-title\">Equipo<\/h1><\/div><\/div>\n\n\n<style>.kadence-column983_2c5473-2b > .kt-inside-inner-col{padding-top:0px;padding-bottom:0px;}.kadence-column983_2c5473-2b > .kt-inside-inner-col,.kadence-column983_2c5473-2b > .kt-inside-inner-col:before{border-top-left-radius:0px;border-top-right-radius:0px;border-bottom-right-radius:0px;border-bottom-left-radius:0px;}.kadence-column983_2c5473-2b > .kt-inside-inner-col{column-gap:var(--global-kb-gap-sm, 1rem);}.kadence-column983_2c5473-2b > .kt-inside-inner-col{flex-direction:column;}.kadence-column983_2c5473-2b > .kt-inside-inner-col > .aligncenter{width:100%;}.kadence-column983_2c5473-2b > .kt-inside-inner-col:before{opacity:0.3;}.kadence-column983_2c5473-2b{position:relative;}.kadence-column983_2c5473-2b, .kt-inside-inner-col > .kadence-column983_2c5473-2b:not(.specificity){margin-top:0px;margin-bottom:0px;}@media all and (max-width: 1024px){.kadence-column983_2c5473-2b > .kt-inside-inner-col{flex-direction:column;justify-content:center;}}@media all and (max-width: 767px){.kadence-column983_2c5473-2b > .kt-inside-inner-col{flex-direction:column;justify-content:center;}}<\/style>\n<div class=\"wp-block-kadence-column kadence-column983_2c5473-2b\"><div class=\"kt-inside-inner-col\"><style>.wp-block-kadence-advancedheading.kt-adv-heading983_714867-00, .wp-block-kadence-advancedheading.kt-adv-heading983_714867-00[data-kb-block=\"kb-adv-heading983_714867-00\"]{font-style:normal;}.wp-block-kadence-advancedheading.kt-adv-heading983_714867-00 mark.kt-highlight, .wp-block-kadence-advancedheading.kt-adv-heading983_714867-00[data-kb-block=\"kb-adv-heading983_714867-00\"] mark.kt-highlight{font-style:normal;color:#f76a0c;-webkit-box-decoration-break:clone;box-decoration-break:clone;padding-top:0px;padding-right:0px;padding-bottom:0px;padding-left:0px;}.wp-block-kadence-advancedheading.kt-adv-heading983_714867-00 img.kb-inline-image, .wp-block-kadence-advancedheading.kt-adv-heading983_714867-00[data-kb-block=\"kb-adv-heading983_714867-00\"] img.kb-inline-image{width:150px;vertical-align:baseline;}<\/style>\n<h2 class=\"kt-adv-heading983_714867-00 h3 wp-block-kadence-advancedheading\" data-kb-block=\"kb-adv-heading983_714867-00\">Profesionales formados para cuidarte con una visi\u00f3n integral y humana.<\/h2>\n<\/div><\/div>\n\n<\/div><\/div>\n\n<style>.kb-row-layout-wrap.wp-block-kadence-rowlayout.kb-row-layout-id983_ff070e-be{margin-top:0px;margin-bottom:150px;}.kb-row-layout-id983_ff070e-be > .kt-row-column-wrap{align-content:start;}:where(.kb-row-layout-id983_ff070e-be > .kt-row-column-wrap) > .wp-block-kadence-column{justify-content:start;}.kb-row-layout-id983_ff070e-be > .kt-row-column-wrap{column-gap:90px;row-gap:var(--global-kb-gap-md, 2rem);padding-top:0px;padding-bottom:0px;grid-template-columns:repeat(2, minmax(0, 1fr));}.kb-row-layout-id983_ff070e-be > .kt-row-layout-overlay{opacity:0.30;}@media all and (max-width: 1024px){.kb-row-layout-wrap.wp-block-kadence-rowlayout.kb-row-layout-id983_ff070e-be{margin-bottom:65px;}}@media all and (max-width: 1024px){.kb-row-layout-id983_ff070e-be > .kt-row-column-wrap{column-gap:60px;grid-template-columns:repeat(2, minmax(0, 1fr));}}@media all and (max-width: 767px){.kb-row-layout-wrap.wp-block-kadence-rowlayout.kb-row-layout-id983_ff070e-be{margin-bottom:60px;}.kb-row-layout-id983_ff070e-be > .kt-row-column-wrap{row-gap:33px;grid-template-columns:minmax(0, 1fr);}}<\/style><div class=\"kb-row-layout-wrap kb-row-layout-id983_ff070e-be alignnone fila--entradeta--foto wp-block-kadence-rowlayout\"><div class=\"kt-row-column-wrap kt-has-2-columns kt-row-layout-equal kt-tab-layout-inherit kt-mobile-layout-row kt-row-valign-top\">\n<style>.kadence-column983_5a89da-fd > .kt-inside-inner-col{padding-top:0px;padding-bottom:0px;}.kadence-column983_5a89da-fd > .kt-inside-inner-col,.kadence-column983_5a89da-fd > .kt-inside-inner-col:before{border-top-left-radius:0px;border-top-right-radius:0px;border-bottom-right-radius:0px;border-bottom-left-radius:0px;}.kadence-column983_5a89da-fd > .kt-inside-inner-col{column-gap:var(--global-kb-gap-sm, 1rem);}.kadence-column983_5a89da-fd > .kt-inside-inner-col{flex-direction:column;}.kadence-column983_5a89da-fd > .kt-inside-inner-col > .aligncenter{width:100%;}.kadence-column983_5a89da-fd > .kt-inside-inner-col:before{opacity:0.3;}.kadence-column983_5a89da-fd{position:relative;}.kadence-column983_5a89da-fd, .kt-inside-inner-col > .kadence-column983_5a89da-fd:not(.specificity){margin-top:0px;margin-bottom:0px;}@media all and (max-width: 1024px){.kadence-column983_5a89da-fd > .kt-inside-inner-col{flex-direction:column;justify-content:center;}}@media all and (max-width: 767px){.kadence-column983_5a89da-fd > .kt-inside-inner-col{flex-direction:column;justify-content:center;}}<\/style>\n<div class=\"wp-block-kadence-column kadence-column983_5a89da-fd\"><div class=\"kt-inside-inner-col\"><style>.wp-block-kadence-spacer.kt-block-spacer-983_35ace9-b8 .kt-block-spacer{height:10px;}.wp-block-kadence-spacer.kt-block-spacer-983_35ace9-b8 .kt-divider{border-top-width:1px;height:1px;border-top-color:#535561;width:100%;border-top-style:solid;}<\/style>\n<div class=\"wp-block-kadence-spacer alignnone kt-block-spacer-983_35ace9-b8\"><div class=\"kt-block-spacer kt-block-spacer-halign-left\"><hr class=\"kt-divider\"\/><\/div><\/div>\n\n\n\n<p>En la <strong>Cl\u00ednica Dental Ar\u00edzaga &amp; Ballestar<\/strong>, ubicada en <strong>Matar\u00f3<\/strong>, contamos con un equipo de profesionales altamente formados en distintas \u00e1reas de la odontolog\u00eda. Todos compartimos una misma visi\u00f3n: ofrecer una atenci\u00f3n personalizada, con un enfoque integral y un profundo respeto por la salud bucodental y global de nuestros pacientes.<\/p>\n<\/div><\/div>\n\n\n<style>.kadence-column983_d8be1e-8a > .kt-inside-inner-col,.kadence-column983_d8be1e-8a > .kt-inside-inner-col:before{border-top-left-radius:0px;border-top-right-radius:0px;border-bottom-right-radius:0px;border-bottom-left-radius:0px;}.kadence-column983_d8be1e-8a > .kt-inside-inner-col{column-gap:var(--global-kb-gap-sm, 1rem);}.kadence-column983_d8be1e-8a > .kt-inside-inner-col{flex-direction:column;}.kadence-column983_d8be1e-8a > .kt-inside-inner-col > .aligncenter{width:100%;}.kadence-column983_d8be1e-8a > .kt-inside-inner-col:before{opacity:0.3;}.kadence-column983_d8be1e-8a{position:relative;}@media all and (max-width: 1024px){.kadence-column983_d8be1e-8a > .kt-inside-inner-col{flex-direction:column;justify-content:center;}}@media all and (max-width: 767px){.kadence-column983_d8be1e-8a > .kt-inside-inner-col{flex-direction:column;justify-content:center;}}<\/style>\n<div class=\"wp-block-kadence-column kadence-column983_d8be1e-8a kvs-sm-false\"><div class=\"kt-inside-inner-col\"><style>.kb-image983_1ef0aa-d9 .kb-image-has-overlay:after{opacity:0.3;border-top-left-radius:90px;border-top-right-radius:90px;border-bottom-right-radius:90px;border-bottom-left-radius:90px;}.kb-image983_1ef0aa-d9 img.kb-img, .kb-image983_1ef0aa-d9 .kb-img img{border-top-left-radius:90px;border-top-right-radius:90px;border-bottom-right-radius:90px;border-bottom-left-radius:90px;}@media all and (max-width: 1024px){.kb-image983_1ef0aa-d9 .kb-image-has-overlay:after{border-top-left-radius:45px;border-top-right-radius:45px;border-bottom-right-radius:45px;border-bottom-left-radius:45px;}}@media all and (max-width: 1024px){.kb-image983_1ef0aa-d9 img.kb-img, .kb-image983_1ef0aa-d9 .kb-img img{border-top-left-radius:45px;border-top-right-radius:45px;border-bottom-right-radius:45px;border-bottom-left-radius:45px;}}@media all and (max-width: 767px){.kb-image983_1ef0aa-d9 .kb-image-has-overlay:after{border-top-left-radius:45px;border-top-right-radius:45px;border-bottom-right-radius:45px;border-bottom-left-radius:45px;}.kb-image983_1ef0aa-d9 img.kb-img, .kb-image983_1ef0aa-d9 .kb-img img{border-top-left-radius:45px;border-top-right-radius:45px;border-bottom-right-radius:45px;border-bottom-left-radius:45px;}}<\/style>\n<figure class=\"wp-block-kadence-image kb-image983_1ef0aa-d9 size-full kb-image-is-ratio-size\"><div class=\"kb-is-ratio-image kb-image-ratio-land43\"><img loading=\"lazy\" decoding=\"async\" width=\"2049\" height=\"1539\" src=\"https:\/\/arizagaballestar.com\/wp-content\/uploads\/2025\/05\/equip.webp\" alt=\"Equip\" class=\"kb-img wp-image-97\" srcset=\"https:\/\/arizagaballestar.com\/wp-content\/uploads\/2025\/05\/equip.webp 2049w, https:\/\/arizagaballestar.com\/wp-content\/uploads\/2025\/05\/equip-1200x901.webp 1200w, https:\/\/arizagaballestar.com\/wp-content\/uploads\/2025\/05\/equip-1400x1052.webp 1400w, https:\/\/arizagaballestar.com\/wp-content\/uploads\/2025\/05\/equip-300x225.webp 300w\" sizes=\"auto, (max-width: 2049px) 100vw, 2049px\" \/><\/div><\/figure>\n<\/div><\/div>\n\n<\/div><\/div>\n\n<div  class=\"ultp-post-grid-block wp-block-ultimate-post-post-grid-1 ultp-block-39ecd9 grid--equip\"><div class=\"ultp-block-wrapper\"><div class=\"ultp-loading\"><div class=\"ultp-loading-blocks\" style=\"width:100%;height:100%;\"><div style=\"left: 0;top: 0;animation-delay:0s;\"><\/div><div style=\"left: 21px;top: 0;animation-delay:0.125s;\"><\/div><div style=\"left: 42px;top: 0;animation-delay:0.25s;\"><\/div><div style=\"left: 0;top: 21px;animation-delay:0.875s;\"><\/div><div style=\"left: 42px;top: 21px;animation-delay:0.375s;\"><\/div><div style=\"left: 0;top: 42px;animation-delay:0.75s;\"><\/div><div style=\"left: 42px;top: 42px;animation-delay:0.625s;\"><\/div><div style=\"left: 21px;top: 42px;animation-delay:0.5s;\"><\/div><\/div><\/div><div class=\"ultp-block-items-wrap ultp-block-row ultp-pg1a-style1 ultp-grid1-responsive ultp-block-column-4 ultp-sm-column-2 ultp-xs-column-1 ultp-layout1\"><div class=\"ultp-block-item post-id-975\"><div class=\"ultp-block-content-wrap\"><div class=\"ultp-block-image ultp-block-image-zoomIn\"><a href=\"https:\/\/arizagaballestar.com\/es\/ana-arizaga-i-ferradas\/\" ><img decoding=\"async\"  class=\"ultp-block-image-content\"  alt=\"Ana Ar\u00edzaga\"  src=\"https:\/\/arizagaballestar.com\/wp-content\/uploads\/2025\/05\/ana-arizaga.webp\" \/><\/a><\/div><div class=\"ultp-block-content\"><h3 class=\"ultp-block-title \"><a href=\"https:\/\/arizagaballestar.com\/es\/ana-arizaga-i-ferradas\/\" >Ana Ar\u00edzaga i Ferradas<\/a><\/h3><div class=\"ultp-block-excerpt\">Directora y odont\u00f3loga. Formada en pr\u00f3tesis, implantolog\u00eda, terapia neural y odontolog\u00eda biol\u00f3gica. Comprometida con una odontolog\u00eda integral.<\/div><div class=\"ultp-block-readmore\"><a aria-label=\"Ana Ar\u00edzaga i Ferradas\" href=\"https:\/\/arizagaballestar.com\/es\/ana-arizaga-i-ferradas\/\" >Veure perfil<svg xmlns=\"http:\/\/www.w3.org\/2000\/svg\" fill=\"none\" viewBox=\"0 0 24 24\">\n  <path stroke=\"currentColor\" stroke-linecap=\"round\" stroke-linejoin=\"round\" stroke-width=\"1.5\" d=\"m12 20.5 8.5-8.5m0 0L12 3.5m8.5 8.5h-17\"\/>\n<\/svg>\n<\/a><\/div><\/div><\/div><\/div><div class=\"ultp-block-item post-id-978\"><div class=\"ultp-block-content-wrap\"><div class=\"ultp-block-image ultp-block-image-zoomIn\"><a href=\"https:\/\/arizagaballestar.com\/es\/gemma-ballestar-i-sempere\/\" ><img decoding=\"async\"  class=\"ultp-block-image-content\"  alt=\"Gemma Ballestar\"  src=\"https:\/\/arizagaballestar.com\/wp-content\/uploads\/2025\/05\/gemma-ballestar.webp\" \/><\/a><\/div><div class=\"ultp-block-content\"><h3 class=\"ultp-block-title \"><a href=\"https:\/\/arizagaballestar.com\/es\/gemma-ballestar-i-sempere\/\" >Gemma Ballestar i Sempere<\/a><\/h3><div class=\"ultp-block-excerpt\">Directora y odont\u00f3loga. Formada en periodoncia, posturolog\u00eda y terapia neural. Enfoque integrativo y personalizado para cada paciente.<\/div><div class=\"ultp-block-readmore\"><a aria-label=\"Gemma Ballestar i Sempere\" href=\"https:\/\/arizagaballestar.com\/es\/gemma-ballestar-i-sempere\/\" >Veure perfil<svg xmlns=\"http:\/\/www.w3.org\/2000\/svg\" fill=\"none\" viewBox=\"0 0 24 24\">\n  <path stroke=\"currentColor\" stroke-linecap=\"round\" stroke-linejoin=\"round\" stroke-width=\"1.5\" d=\"m12 20.5 8.5-8.5m0 0L12 3.5m8.5 8.5h-17\"\/>\n<\/svg>\n<\/a><\/div><\/div><\/div><\/div><\/div><\/div><div class=\"pagination-block-html\" aria-hidden=\"true\" style=\"display: none;\"><\/div><\/div>","protected":false},"excerpt":{"rendered":"<p>Conoce al equipo de la Cl\u00ednica Dental Ar\u00edzaga &#038; Ballestar: visi\u00f3n integral y compromiso con tu salud bucodental y general en Matar\u00f3.<\/p>\n","protected":false},"author":2,"featured_media":0,"parent":0,"menu_order":0,"comment_status":"closed","ping_status":"closed","template":"templates\/template-builder.php","meta":{"inline_featured_image":false,"_kad_blocks_custom_css":"","_kad_blocks_head_custom_js":"","_kad_blocks_body_custom_js":"","_kad_blocks_footer_custom_js":"","footnotes":""},"class_list":["post-983","page","type-page","status-publish","hentry","post","without-featured-image"],"taxonomy_info":[],"featured_image_src_large":false,"author_info":{"display_name":"Ideamatic","author_link":"https:\/\/arizagaballestar.com\/es\/author\/ideadmin\/"},"comment_info":0,"_links":{"self":[{"href":"https:\/\/arizagaballestar.com\/es\/wp-json\/wp\/v2\/pages\/983","targetHints":{"allow":["GET"]}}],"collection":[{"href":"https:\/\/arizagaballestar.com\/es\/wp-json\/wp\/v2\/pages"}],"about":[{"href":"https:\/\/arizagaballestar.com\/es\/wp-json\/wp\/v2\/types\/page"}],"author":[{"embeddable":true,"href":"https:\/\/arizagaballestar.com\/es\/wp-json\/wp\/v2\/users\/2"}],"replies":[{"embeddable":true,"href":"https:\/\/arizagaballestar.com\/es\/wp-json\/wp\/v2\/comments?post=983"}],"version-history":[{"count":4,"href":"https:\/\/arizagaballestar.com\/es\/wp-json\/wp\/v2\/pages\/983\/revisions"}],"predecessor-version":[{"id":1152,"href":"https:\/\/arizagaballestar.com\/es\/wp-json\/wp\/v2\/pages\/983\/revisions\/1152"}],"wp:attachment":[{"href":"https:\/\/arizagaballestar.com\/es\/wp-json\/wp\/v2\/media?parent=983"}],"curies":[{"name":"wp","href":"https:\/\/api.w.org\/{rel}","templated":true}]}}