{"id":978,"date":"2025-05-17T17:45:18","date_gmt":"2025-05-17T15:45:18","guid":{"rendered":"https:\/\/arizagaballestar.com\/gemma-ballestar-i-sempere\/"},"modified":"2025-06-02T19:38:49","modified_gmt":"2025-06-02T17:38:49","slug":"gemma-ballestar-i-sempere","status":"publish","type":"page","link":"https:\/\/arizagaballestar.com\/es\/gemma-ballestar-i-sempere\/","title":{"rendered":"Gemma Ballestar i Sempere"},"content":{"rendered":"<style>.kb-row-layout-wrap.wp-block-kadence-rowlayout.kb-row-layout-id978_58605c-c6{margin-top:137px;margin-bottom:0px;}.kb-row-layout-id978_58605c-c6 > .kt-row-column-wrap{align-content:start;}:where(.kb-row-layout-id978_58605c-c6 > .kt-row-column-wrap) > .wp-block-kadence-column{justify-content:start;}.kb-row-layout-id978_58605c-c6 > .kt-row-column-wrap{column-gap:150px;row-gap:var(--global-kb-gap-md, 2rem);padding-top:0px;padding-bottom:0px;grid-template-columns:minmax(0, 1fr) minmax(0, 2fr);}.kb-row-layout-id978_58605c-c6 > .kt-row-layout-overlay{opacity:0.30;}@media all and (max-width: 1024px){.kb-row-layout-wrap.wp-block-kadence-rowlayout.kb-row-layout-id978_58605c-c6{margin-top:84px;}}@media all and (max-width: 1024px){.kb-row-layout-id978_58605c-c6 > .kt-row-column-wrap{column-gap:60px;grid-template-columns:minmax(0, 1fr) minmax(0, 2fr);}}@media all and (max-width: 767px){.kb-row-layout-wrap.wp-block-kadence-rowlayout.kb-row-layout-id978_58605c-c6{margin-top:60px;}.kb-row-layout-id978_58605c-c6 > .kt-row-column-wrap{grid-template-columns:minmax(0, 1fr);}.kb-row-layout-id978_58605c-c6 > .kt-row-column-wrap > .wp-block-kadence-column:nth-child(1 of *:not(style)){order:2;}.kb-row-layout-id978_58605c-c6 > .kt-row-column-wrap > .wp-block-kadence-column:nth-child(2 of *:not(style)){order:1;}.kb-row-layout-id978_58605c-c6 > .kt-row-column-wrap > .wp-block-kadence-column:nth-child(3 of *:not(style)){order:12;}.kb-row-layout-id978_58605c-c6 > .kt-row-column-wrap > .wp-block-kadence-column:nth-child(4 of *:not(style)){order:11;}.kb-row-layout-id978_58605c-c6 > .kt-row-column-wrap > .wp-block-kadence-column:nth-child(5 of *:not(style)){order:22;}.kb-row-layout-id978_58605c-c6 > .kt-row-column-wrap > .wp-block-kadence-column:nth-child(6 of *:not(style)){order:21;}.kb-row-layout-id978_58605c-c6 > .kt-row-column-wrap > .wp-block-kadence-column:nth-child(7 of *:not(style)){order:32;}.kb-row-layout-id978_58605c-c6 > .kt-row-column-wrap > .wp-block-kadence-column:nth-child(8 of *:not(style)){order:31;}}<\/style><div class=\"kb-row-layout-wrap kb-row-layout-id978_58605c-c6 alignnone fitxa--equip wp-block-kadence-rowlayout\"><div class=\"kt-row-column-wrap kt-has-2-columns kt-row-layout-right-golden kt-tab-layout-inherit kt-mobile-layout-row kt-row-valign-top\">\n<style>#wrapper.site{overflow:clip;}.kadence-column978_c78235-5c{--kb-section-setting-offset:229px;}.kadence-column978_c78235-5c > .kt-inside-inner-col{padding-top:0px;padding-bottom:0px;}.kadence-column978_c78235-5c > .kt-inside-inner-col,.kadence-column978_c78235-5c > .kt-inside-inner-col:before{border-top-left-radius:0px;border-top-right-radius:0px;border-bottom-right-radius:0px;border-bottom-left-radius:0px;}.kadence-column978_c78235-5c > .kt-inside-inner-col{column-gap:var(--global-kb-gap-sm, 1rem);}.kadence-column978_c78235-5c > .kt-inside-inner-col{flex-direction:column;}.kadence-column978_c78235-5c > .kt-inside-inner-col > .aligncenter{width:100%;}.kadence-column978_c78235-5c > .kt-inside-inner-col:before{opacity:0.3;}.kadence-column978_c78235-5c{position:relative;}.kadence-column978_c78235-5c, .kt-inside-inner-col > .kadence-column978_c78235-5c:not(.specificity){margin-top:0px;margin-bottom:0px;}@media all and (max-width: 1024px){.kadence-column978_c78235-5c{--kb-section-setting-offset:60px;}}@media all and (max-width: 1024px){.kadence-column978_c78235-5c > .kt-inside-inner-col{flex-direction:column;justify-content:center;}}@media all and (max-width: 767px){.kadence-column978_c78235-5c > .kt-inside-inner-col{flex-direction:column;justify-content:center;}}<\/style>\n<div class=\"wp-block-kadence-column kadence-column978_c78235-5c kb-section-is-sticky\"><div class=\"kt-inside-inner-col\"><style>.kb-image978_a876b6-42 .kb-image-has-overlay:after{opacity:0.3;border-top-left-radius:90px;border-top-right-radius:90px;border-bottom-right-radius:90px;border-bottom-left-radius:90px;}.kb-image978_a876b6-42 img.kb-img, .kb-image978_a876b6-42 .kb-img img{border-top-left-radius:90px;border-top-right-radius:90px;border-bottom-right-radius:90px;border-bottom-left-radius:90px;}@media all and (max-width: 1024px){.kb-image978_a876b6-42 .kb-image-has-overlay:after{border-top-left-radius:45px;border-top-right-radius:45px;border-bottom-right-radius:45px;border-bottom-left-radius:45px;}}@media all and (max-width: 1024px){.kb-image978_a876b6-42 img.kb-img, .kb-image978_a876b6-42 .kb-img img{border-top-left-radius:45px;border-top-right-radius:45px;border-bottom-right-radius:45px;border-bottom-left-radius:45px;}}@media all and (max-width: 767px){.kb-image978_a876b6-42 .kb-image-has-overlay:after{border-top-left-radius:45px;border-top-right-radius:45px;border-bottom-right-radius:45px;border-bottom-left-radius:45px;}.kb-image978_a876b6-42 img.kb-img, .kb-image978_a876b6-42 .kb-img img{border-top-left-radius:45px;border-top-right-radius:45px;border-bottom-right-radius:45px;border-bottom-left-radius:45px;}}<\/style>\n<figure class=\"wp-block-kadence-image kb-image978_a876b6-42 size-full kb-image-is-ratio-size\"><div class=\"kb-is-ratio-image kb-image-ratio-port34\"><img loading=\"lazy\" decoding=\"async\" width=\"506\" height=\"673\" src=\"https:\/\/arizagaballestar.com\/wp-content\/uploads\/2025\/05\/gemma-ballestar.webp\" alt=\"Gemma Ballestar\" class=\"kb-img wp-image-506\" srcset=\"https:\/\/arizagaballestar.com\/wp-content\/uploads\/2025\/05\/gemma-ballestar.webp 506w, https:\/\/arizagaballestar.com\/wp-content\/uploads\/2025\/05\/gemma-ballestar-300x399.webp 300w\" sizes=\"auto, (max-width: 506px) 100vw, 506px\" \/><\/div><\/figure>\n<\/div><\/div>\n\n\n<style>.kadence-column978_40dd61-81 > .kt-inside-inner-col{padding-top:0px;padding-bottom:0px;}.kadence-column978_40dd61-81 > .kt-inside-inner-col,.kadence-column978_40dd61-81 > .kt-inside-inner-col:before{border-top-left-radius:0px;border-top-right-radius:0px;border-bottom-right-radius:0px;border-bottom-left-radius:0px;}.kadence-column978_40dd61-81 > .kt-inside-inner-col{column-gap:var(--global-kb-gap-sm, 1rem);}.kadence-column978_40dd61-81 > .kt-inside-inner-col{flex-direction:column;}.kadence-column978_40dd61-81 > .kt-inside-inner-col > .aligncenter{width:100%;}.kadence-column978_40dd61-81 > .kt-inside-inner-col:before{opacity:0.3;}.kadence-column978_40dd61-81{position:relative;}.kadence-column978_40dd61-81, .kt-inside-inner-col > .kadence-column978_40dd61-81:not(.specificity){margin-top:0px;margin-bottom:0px;}@media all and (max-width: 1024px){.kadence-column978_40dd61-81 > .kt-inside-inner-col{flex-direction:column;justify-content:center;}}@media all and (max-width: 767px){.kadence-column978_40dd61-81 > .kt-inside-inner-col{flex-direction:column;justify-content:center;}}<\/style>\n<div class=\"wp-block-kadence-column kadence-column978_40dd61-81\"><div class=\"kt-inside-inner-col\">\n<div class=\"wp-block-buttons breadcrumbs is-layout-flex wp-block-buttons-is-layout-flex\">\n<div class=\"wp-block-button is-style-fill\"><a class=\"wp-block-button__link has-text-color has-background has-link-color has-custom-font-size wp-element-button\" href=\"https:\/\/arizagaballestar.com\/es\/equipo-clinica-dental-mataro\/\" style=\"color:#535561;background-color:#ffffff00;font-size:16px\">Volver a Equipo<\/a><\/div>\n<\/div>\n\n\n<h1 class=\"wp-block-post-title\">Gemma Ballestar i Sempere<\/h1>\n\n<style>.wp-block-kadence-advancedheading.kt-adv-heading978_0cfd1b-4e, .wp-block-kadence-advancedheading.kt-adv-heading978_0cfd1b-4e[data-kb-block=\"kb-adv-heading978_0cfd1b-4e\"]{font-style:normal;}.wp-block-kadence-advancedheading.kt-adv-heading978_0cfd1b-4e mark.kt-highlight, .wp-block-kadence-advancedheading.kt-adv-heading978_0cfd1b-4e[data-kb-block=\"kb-adv-heading978_0cfd1b-4e\"] mark.kt-highlight{font-style:normal;color:#f76a0c;-webkit-box-decoration-break:clone;box-decoration-break:clone;padding-top:0px;padding-right:0px;padding-bottom:0px;padding-left:0px;}.wp-block-kadence-advancedheading.kt-adv-heading978_0cfd1b-4e img.kb-inline-image, .wp-block-kadence-advancedheading.kt-adv-heading978_0cfd1b-4e[data-kb-block=\"kb-adv-heading978_0cfd1b-4e\"] img.kb-inline-image{width:150px;vertical-align:baseline;}<\/style>\n<h2 class=\"kt-adv-heading978_0cfd1b-4e h5 wp-block-kadence-advancedheading\" data-kb-block=\"kb-adv-heading978_0cfd1b-4e\">Directora y odont\u00f3loga<\/h2>\n\n\n<style>.wp-block-kadence-spacer.kt-block-spacer-978_e639f4-26 .kt-block-spacer{height:10px;}.wp-block-kadence-spacer.kt-block-spacer-978_e639f4-26 .kt-divider{border-top-width:1px;height:1px;border-top-color:#535561;width:100%;border-top-style:solid;}<\/style>\n<div class=\"wp-block-kadence-spacer alignnone kt-block-spacer-978_e639f4-26\"><div class=\"kt-block-spacer kt-block-spacer-halign-left\"><hr class=\"kt-divider\"\/><\/div><\/div>\n\n\n<style>.wp-block-kadence-spacer.kt-block-spacer-978_20749a-d3 .kt-block-spacer{height:25px;}.wp-block-kadence-spacer.kt-block-spacer-978_20749a-d3 .kt-divider{border-top-width:1px;height:1px;border-top-color:#535561;width:100%;border-top-style:solid;}<\/style>\n<div class=\"wp-block-kadence-spacer alignnone kt-block-spacer-978_20749a-d3\"><div class=\"kt-block-spacer kt-block-spacer-halign-left\"><\/div><\/div>\n\n\n\n<ul class=\"wp-block-list\">\n<li>M\u00e1ster en <strong>Odontolog\u00eda Integrada de Adultos<\/strong> (Universidad de Barcelona, 2004-2007).<\/li>\n\n\n\n<li>Diploma de <strong>Estudios Avanzados<\/strong> (Universidad de Barcelona, 2006).<\/li>\n\n\n\n<li>Estancia cl\u00ednica en el <strong><strong>Departament\u00a0 of\u00a0 Advanced Periodontics<\/strong><\/strong> (University of Southern California, Los \u00c1ngeles, 2007).<\/li>\n\n\n\n<li>M\u00e1ster en <strong>Posturolog\u00eda Cl\u00ednica<\/strong> (Universidad de Barcelona, 2015-2017).<\/li>\n\n\n\n<li>M\u00e1ster en <strong>Terapia Neural y Odontolog\u00eda Neurofocal<\/strong> (Universidad de Barcelona, 2018-2020).<\/li>\n<\/ul>\n\n\n<style>.wp-block-kadence-advancedheading.kt-adv-heading978_147ba0-47, .wp-block-kadence-advancedheading.kt-adv-heading978_147ba0-47[data-kb-block=\"kb-adv-heading978_147ba0-47\"]{font-style:normal;}.wp-block-kadence-advancedheading.kt-adv-heading978_147ba0-47 mark.kt-highlight, .wp-block-kadence-advancedheading.kt-adv-heading978_147ba0-47[data-kb-block=\"kb-adv-heading978_147ba0-47\"] mark.kt-highlight{font-style:normal;color:#f76a0c;-webkit-box-decoration-break:clone;box-decoration-break:clone;padding-top:0px;padding-right:0px;padding-bottom:0px;padding-left:0px;}.wp-block-kadence-advancedheading.kt-adv-heading978_147ba0-47 img.kb-inline-image, .wp-block-kadence-advancedheading.kt-adv-heading978_147ba0-47[data-kb-block=\"kb-adv-heading978_147ba0-47\"] img.kb-inline-image{width:150px;vertical-align:baseline;}<\/style>\n<h3 class=\"kt-adv-heading978_147ba0-47 h5 wp-block-kadence-advancedheading\" data-kb-block=\"kb-adv-heading978_147ba0-47\">Otros cursos<\/h3>\n\n\n\n<ul class=\"wp-block-list\">\n<li>Diploma en <strong>Cirug\u00eda Pl\u00e1stica Periodontal y Periimplantaria<\/strong>. Dr. E. P. Allen en la cl\u00ednica Aparicio Barcelona. (Noviembre 2010).<\/li>\n\n\n\n<li>Curso de inmersi\u00f3n te\u00f3rico-demostrativo: <strong>\u00abEstrategias para la utilizaci\u00f3n de restauraciones est\u00e9ticas cer\u00e1micas: construyendo un protocolo cl\u00ednico paso a paso\u00bb<\/strong> (Dr. Sidney Kina, Maring\u00e1, Brasil, 2013).<\/li>\n\n\n\n<li><strong>Advanced Bone and Soft Tissue Regeneration in Implant Dentistry<\/strong>. Dr. Istvan Urban (Budapest, 2018).<\/li>\n\n\n\n<li>Certificaci\u00f3n <strong>Invisalign Go<\/strong> (2020).<\/li>\n<\/ul>\n<\/div><\/div>\n\n<\/div><\/div>","protected":false},"excerpt":{"rendered":"<p>Directora y odont\u00f3loga. Formada en periodoncia, posturolog\u00eda y terapia neural. Enfoque integrativo y personalizado para cada paciente.<\/p>\n","protected":false},"author":2,"featured_media":507,"parent":0,"menu_order":0,"comment_status":"closed","ping_status":"closed","template":"templates\/template-builder.php","meta":{"inline_featured_image":false,"_kad_blocks_custom_css":"","_kad_blocks_head_custom_js":"","_kad_blocks_body_custom_js":"","_kad_blocks_footer_custom_js":"","footnotes":""},"class_list":["post-978","page","type-page","status-publish","has-post-thumbnail","hentry","post","with-featured-image"],"taxonomy_info":[],"featured_image_src_large":["https:\/\/arizagaballestar.com\/wp-content\/uploads\/2025\/05\/gemma-ballestar.webp",506,673,false],"author_info":{"display_name":"Ideamatic","author_link":"https:\/\/arizagaballestar.com\/es\/author\/ideadmin\/"},"comment_info":0,"_links":{"self":[{"href":"https:\/\/arizagaballestar.com\/es\/wp-json\/wp\/v2\/pages\/978","targetHints":{"allow":["GET"]}}],"collection":[{"href":"https:\/\/arizagaballestar.com\/es\/wp-json\/wp\/v2\/pages"}],"about":[{"href":"https:\/\/arizagaballestar.com\/es\/wp-json\/wp\/v2\/types\/page"}],"author":[{"embeddable":true,"href":"https:\/\/arizagaballestar.com\/es\/wp-json\/wp\/v2\/users\/2"}],"replies":[{"embeddable":true,"href":"https:\/\/arizagaballestar.com\/es\/wp-json\/wp\/v2\/comments?post=978"}],"version-history":[{"count":4,"href":"https:\/\/arizagaballestar.com\/es\/wp-json\/wp\/v2\/pages\/978\/revisions"}],"predecessor-version":[{"id":1141,"href":"https:\/\/arizagaballestar.com\/es\/wp-json\/wp\/v2\/pages\/978\/revisions\/1141"}],"wp:featuredmedia":[{"embeddable":true,"href":"https:\/\/arizagaballestar.com\/es\/wp-json\/wp\/v2\/media\/507"}],"wp:attachment":[{"href":"https:\/\/arizagaballestar.com\/es\/wp-json\/wp\/v2\/media?parent=978"}],"curies":[{"name":"wp","href":"https:\/\/api.w.org\/{rel}","templated":true}]}}