{"id":975,"date":"2025-05-17T17:44:37","date_gmt":"2025-05-17T15:44:37","guid":{"rendered":"https:\/\/arizagaballestar.com\/ana-arizaga-i-ferradas\/"},"modified":"2025-06-02T19:36:44","modified_gmt":"2025-06-02T17:36:44","slug":"ana-arizaga-i-ferradas","status":"publish","type":"page","link":"https:\/\/arizagaballestar.com\/es\/ana-arizaga-i-ferradas\/","title":{"rendered":"Ana Ar\u00edzaga i Ferradas"},"content":{"rendered":"<style>.kb-row-layout-wrap.wp-block-kadence-rowlayout.kb-row-layout-id975_69f4df-4e{margin-top:137px;margin-bottom:0px;}.kb-row-layout-id975_69f4df-4e > .kt-row-column-wrap{align-content:start;}:where(.kb-row-layout-id975_69f4df-4e > .kt-row-column-wrap) > .wp-block-kadence-column{justify-content:start;}.kb-row-layout-id975_69f4df-4e > .kt-row-column-wrap{column-gap:150px;row-gap:var(--global-kb-gap-md, 2rem);padding-top:0px;padding-bottom:0px;grid-template-columns:minmax(0, 1fr) minmax(0, 2fr);}.kb-row-layout-id975_69f4df-4e > .kt-row-layout-overlay{opacity:0.30;}@media all and (max-width: 1024px){.kb-row-layout-wrap.wp-block-kadence-rowlayout.kb-row-layout-id975_69f4df-4e{margin-top:84px;}}@media all and (max-width: 1024px){.kb-row-layout-id975_69f4df-4e > .kt-row-column-wrap{column-gap:60px;grid-template-columns:minmax(0, 1fr) minmax(0, 2fr);}}@media all and (max-width: 767px){.kb-row-layout-wrap.wp-block-kadence-rowlayout.kb-row-layout-id975_69f4df-4e{margin-top:60px;}.kb-row-layout-id975_69f4df-4e > .kt-row-column-wrap{grid-template-columns:minmax(0, 1fr);}.kb-row-layout-id975_69f4df-4e > .kt-row-column-wrap > .wp-block-kadence-column:nth-child(1 of *:not(style)){order:2;}.kb-row-layout-id975_69f4df-4e > .kt-row-column-wrap > .wp-block-kadence-column:nth-child(2 of *:not(style)){order:1;}.kb-row-layout-id975_69f4df-4e > .kt-row-column-wrap > .wp-block-kadence-column:nth-child(3 of *:not(style)){order:12;}.kb-row-layout-id975_69f4df-4e > .kt-row-column-wrap > .wp-block-kadence-column:nth-child(4 of *:not(style)){order:11;}.kb-row-layout-id975_69f4df-4e > .kt-row-column-wrap > .wp-block-kadence-column:nth-child(5 of *:not(style)){order:22;}.kb-row-layout-id975_69f4df-4e > .kt-row-column-wrap > .wp-block-kadence-column:nth-child(6 of *:not(style)){order:21;}.kb-row-layout-id975_69f4df-4e > .kt-row-column-wrap > .wp-block-kadence-column:nth-child(7 of *:not(style)){order:32;}.kb-row-layout-id975_69f4df-4e > .kt-row-column-wrap > .wp-block-kadence-column:nth-child(8 of *:not(style)){order:31;}}<\/style><div class=\"kb-row-layout-wrap kb-row-layout-id975_69f4df-4e alignnone fitxa--equip wp-block-kadence-rowlayout\"><div class=\"kt-row-column-wrap kt-has-2-columns kt-row-layout-right-golden kt-tab-layout-inherit kt-mobile-layout-row kt-row-valign-top\">\n<style>#wrapper.site{overflow:clip;}.kadence-column975_e6baf6-c8{--kb-section-setting-offset:229px;}.kadence-column975_e6baf6-c8 > .kt-inside-inner-col{padding-top:0px;padding-bottom:0px;}.kadence-column975_e6baf6-c8 > .kt-inside-inner-col,.kadence-column975_e6baf6-c8 > .kt-inside-inner-col:before{border-top-left-radius:0px;border-top-right-radius:0px;border-bottom-right-radius:0px;border-bottom-left-radius:0px;}.kadence-column975_e6baf6-c8 > .kt-inside-inner-col{column-gap:var(--global-kb-gap-sm, 1rem);}.kadence-column975_e6baf6-c8 > .kt-inside-inner-col{flex-direction:column;}.kadence-column975_e6baf6-c8 > .kt-inside-inner-col > .aligncenter{width:100%;}.kadence-column975_e6baf6-c8 > .kt-inside-inner-col:before{opacity:0.3;}.kadence-column975_e6baf6-c8{position:relative;}.kadence-column975_e6baf6-c8, .kt-inside-inner-col > .kadence-column975_e6baf6-c8:not(.specificity){margin-top:0px;margin-bottom:0px;}@media all and (max-width: 1024px){.kadence-column975_e6baf6-c8{--kb-section-setting-offset:60px;}}@media all and (max-width: 1024px){.kadence-column975_e6baf6-c8 > .kt-inside-inner-col{flex-direction:column;justify-content:center;}}@media all and (max-width: 767px){.kadence-column975_e6baf6-c8 > .kt-inside-inner-col{flex-direction:column;justify-content:center;}}<\/style>\n<div class=\"wp-block-kadence-column kadence-column975_e6baf6-c8 kb-section-is-sticky\"><div class=\"kt-inside-inner-col\"><style>.kb-image975_732fb3-b6 .kb-image-has-overlay:after{opacity:0.3;border-top-left-radius:90px;border-top-right-radius:90px;border-bottom-right-radius:90px;border-bottom-left-radius:90px;}.kb-image975_732fb3-b6 img.kb-img, .kb-image975_732fb3-b6 .kb-img img{border-top-left-radius:90px;border-top-right-radius:90px;border-bottom-right-radius:90px;border-bottom-left-radius:90px;}@media all and (max-width: 1024px){.kb-image975_732fb3-b6 .kb-image-has-overlay:after{border-top-left-radius:45px;border-top-right-radius:45px;border-bottom-right-radius:45px;border-bottom-left-radius:45px;}}@media all and (max-width: 1024px){.kb-image975_732fb3-b6 img.kb-img, .kb-image975_732fb3-b6 .kb-img img{border-top-left-radius:45px;border-top-right-radius:45px;border-bottom-right-radius:45px;border-bottom-left-radius:45px;}}@media all and (max-width: 767px){.kb-image975_732fb3-b6 .kb-image-has-overlay:after{border-top-left-radius:45px;border-top-right-radius:45px;border-bottom-right-radius:45px;border-bottom-left-radius:45px;}.kb-image975_732fb3-b6 img.kb-img, .kb-image975_732fb3-b6 .kb-img img{border-top-left-radius:45px;border-top-right-radius:45px;border-bottom-right-radius:45px;border-bottom-left-radius:45px;}}<\/style>\n<figure class=\"wp-block-kadence-image kb-image975_732fb3-b6 size-full kb-image-is-ratio-size\"><div class=\"kb-is-ratio-image kb-image-ratio-port34\"><img loading=\"lazy\" decoding=\"async\" width=\"1012\" height=\"1346\" src=\"https:\/\/arizagaballestar.com\/wp-content\/uploads\/2025\/05\/ana-arizaga.webp\" alt=\"Ana Ar\u00edzaga\" class=\"kb-img wp-image-96\" srcset=\"https:\/\/arizagaballestar.com\/wp-content\/uploads\/2025\/05\/ana-arizaga.webp 1012w, https:\/\/arizagaballestar.com\/wp-content\/uploads\/2025\/05\/ana-arizaga-300x399.webp 300w\" sizes=\"auto, (max-width: 1012px) 100vw, 1012px\" \/><\/div><\/figure>\n<\/div><\/div>\n\n\n<style>.kadence-column975_c8cabe-0c > .kt-inside-inner-col{padding-top:0px;padding-bottom:0px;}.kadence-column975_c8cabe-0c > .kt-inside-inner-col,.kadence-column975_c8cabe-0c > .kt-inside-inner-col:before{border-top-left-radius:0px;border-top-right-radius:0px;border-bottom-right-radius:0px;border-bottom-left-radius:0px;}.kadence-column975_c8cabe-0c > .kt-inside-inner-col{column-gap:var(--global-kb-gap-sm, 1rem);}.kadence-column975_c8cabe-0c > .kt-inside-inner-col{flex-direction:column;}.kadence-column975_c8cabe-0c > .kt-inside-inner-col > .aligncenter{width:100%;}.kadence-column975_c8cabe-0c > .kt-inside-inner-col:before{opacity:0.3;}.kadence-column975_c8cabe-0c{position:relative;}.kadence-column975_c8cabe-0c, .kt-inside-inner-col > .kadence-column975_c8cabe-0c:not(.specificity){margin-top:0px;margin-bottom:0px;}@media all and (max-width: 1024px){.kadence-column975_c8cabe-0c > .kt-inside-inner-col{flex-direction:column;justify-content:center;}}@media all and (max-width: 767px){.kadence-column975_c8cabe-0c > .kt-inside-inner-col{flex-direction:column;justify-content:center;}}<\/style>\n<div class=\"wp-block-kadence-column kadence-column975_c8cabe-0c\"><div class=\"kt-inside-inner-col\">\n<div class=\"wp-block-buttons breadcrumbs is-layout-flex wp-block-buttons-is-layout-flex\">\n<div class=\"wp-block-button is-style-fill\"><a class=\"wp-block-button__link has-text-color has-background has-link-color has-custom-font-size wp-element-button\" href=\"https:\/\/arizagaballestar.com\/es\/equipo-clinica-dental-mataro\/\" style=\"color:#535561;background-color:#ffffff00;font-size:16px\">Volver a Equipo<\/a><\/div>\n<\/div>\n\n\n<h1 class=\"wp-block-post-title\">Ana Ar\u00edzaga i Ferradas<\/h1>\n\n<style>.wp-block-kadence-advancedheading.kt-adv-heading975_6e4e7e-2f, .wp-block-kadence-advancedheading.kt-adv-heading975_6e4e7e-2f[data-kb-block=\"kb-adv-heading975_6e4e7e-2f\"]{font-style:normal;}.wp-block-kadence-advancedheading.kt-adv-heading975_6e4e7e-2f mark.kt-highlight, .wp-block-kadence-advancedheading.kt-adv-heading975_6e4e7e-2f[data-kb-block=\"kb-adv-heading975_6e4e7e-2f\"] mark.kt-highlight{font-style:normal;color:#f76a0c;-webkit-box-decoration-break:clone;box-decoration-break:clone;padding-top:0px;padding-right:0px;padding-bottom:0px;padding-left:0px;}.wp-block-kadence-advancedheading.kt-adv-heading975_6e4e7e-2f img.kb-inline-image, .wp-block-kadence-advancedheading.kt-adv-heading975_6e4e7e-2f[data-kb-block=\"kb-adv-heading975_6e4e7e-2f\"] img.kb-inline-image{width:150px;vertical-align:baseline;}<\/style>\n<h2 class=\"kt-adv-heading975_6e4e7e-2f h5 wp-block-kadence-advancedheading\" data-kb-block=\"kb-adv-heading975_6e4e7e-2f\">Directora y odont\u00f3loga<\/h2>\n\n\n<style>.wp-block-kadence-spacer.kt-block-spacer-975_03e0de-8a .kt-block-spacer{height:10px;}.wp-block-kadence-spacer.kt-block-spacer-975_03e0de-8a .kt-divider{border-top-width:1px;height:1px;border-top-color:#535561;width:100%;border-top-style:solid;}<\/style>\n<div class=\"wp-block-kadence-spacer alignnone kt-block-spacer-975_03e0de-8a\"><div class=\"kt-block-spacer kt-block-spacer-halign-left\"><hr class=\"kt-divider\"\/><\/div><\/div>\n\n\n<style>.wp-block-kadence-spacer.kt-block-spacer-975_e6d3d5-68 .kt-block-spacer{height:25px;}.wp-block-kadence-spacer.kt-block-spacer-975_e6d3d5-68 .kt-divider{border-top-width:1px;height:1px;border-top-color:#535561;width:100%;border-top-style:solid;}<\/style>\n<div class=\"wp-block-kadence-spacer alignnone kt-block-spacer-975_e6d3d5-68\"><div class=\"kt-block-spacer kt-block-spacer-halign-left\"><\/div><\/div>\n\n\n\n<ul class=\"wp-block-list\">\n<li>M\u00e1ster en <strong>Rehabilitaci\u00f3n y Pr\u00f3tesis Maxilofacial<\/strong> (Universidad de Barcelona, 2007-2009).<\/li>\n\n\n\n<li>Diploma de <strong>Estudios Avanzados<\/strong> (Universidad de Barcelona, 2009).<\/li>\n\n\n\n<li>Postgrado <strong>Residencia Cl\u00ednica en Implantolog\u00eda Oral<\/strong> (Universidad Internacional de Catalu\u00f1a, 2013-2014).<\/li>\n\n\n\n<li>M\u00e1ster en <strong>Terapia Neural y Odontolog\u00eda Neurofocal<\/strong> (Universidad de Barcelona, 2021-2023).<\/li>\n\n\n\n<li>M\u00e1ster en Odontolog\u00eda Biol\u00f3gica (OB-RMR) (2024).<\/li>\n<\/ul>\n\n\n<style>.wp-block-kadence-advancedheading.kt-adv-heading975_29b5d5-46, .wp-block-kadence-advancedheading.kt-adv-heading975_29b5d5-46[data-kb-block=\"kb-adv-heading975_29b5d5-46\"]{font-style:normal;}.wp-block-kadence-advancedheading.kt-adv-heading975_29b5d5-46 mark.kt-highlight, .wp-block-kadence-advancedheading.kt-adv-heading975_29b5d5-46[data-kb-block=\"kb-adv-heading975_29b5d5-46\"] mark.kt-highlight{font-style:normal;color:#f76a0c;-webkit-box-decoration-break:clone;box-decoration-break:clone;padding-top:0px;padding-right:0px;padding-bottom:0px;padding-left:0px;}.wp-block-kadence-advancedheading.kt-adv-heading975_29b5d5-46 img.kb-inline-image, .wp-block-kadence-advancedheading.kt-adv-heading975_29b5d5-46[data-kb-block=\"kb-adv-heading975_29b5d5-46\"] img.kb-inline-image{width:150px;vertical-align:baseline;}<\/style>\n<h3 class=\"kt-adv-heading975_29b5d5-46 h5 wp-block-kadence-advancedheading\" data-kb-block=\"kb-adv-heading975_29b5d5-46\">Otros cursos<\/h3>\n\n\n\n<ul class=\"wp-block-list\">\n<li>Curso de <strong>direcci\u00f3n de instalaciones de radiodiagn\u00f3stico dental<\/strong> (Universidad de Barcelona, 2007).<\/li>\n\n\n\n<li>Diploma en <strong>Endodoncia<\/strong> (Universidad Internacional de Catalu\u00f1a, 2012).<\/li>\n\n\n\n<li>Curso de inmersi\u00f3n te\u00f3rico-demostrativo: <strong>\u00abEstrategias para la utilizaci\u00f3n de restauraciones est\u00e9ticas cer\u00e1micas: construyendo un protocolo cl\u00ednico paso a paso\u00bb<\/strong> (Dr. Sidney Kina, Maring\u00e1, Brasil, 2013).<\/li>\n\n\n\n<li>Curso te\u00f3rico-pr\u00e1ctico <strong>\u00abRestauraciones complejas est\u00e9ticas con composites en el sector anterior\u00bb<\/strong> (Dr. Fernando Autr\u00e1n, Barcelona, 2013).<\/li>\n\n\n\n<li>Curso de <strong>Cirug\u00eda implantol\u00f3gica dental avanzada<\/strong> (Campus Manresa de la Universidad de Vic \u2013 Universidad Central de Catalu\u00f1a, 2016).<\/li>\n\n\n\n<li>T\u00edtulo de <strong>experta en periodoncia e implantes<\/strong> (Universidad Internacional de Catalu\u00f1a, 2018).<\/li>\n\n\n\n<li>Curso te\u00f3rico-pr\u00e1ctico <strong>\u00abEst\u00e9tica dental en anteriores, el arte de los composites\u00bb<\/strong> (Dr. Fernando Autr\u00e1n, Barcelona, 2021).<\/li>\n\n\n\n<li><strong>Restauraciones adhesivas indirectas, Inlay, Onlay y Overlay. Del dise\u00f1o a la cementaci\u00f3n.<\/strong> Universidad Internacional de Catalu\u00f1a. 2024.<\/li>\n<\/ul>\n<\/div><\/div>\n\n<\/div><\/div>","protected":false},"excerpt":{"rendered":"<p>Directora y odont\u00f3loga. Formada en pr\u00f3tesis, implantolog\u00eda, terapia neural y odontolog\u00eda biol\u00f3gica. Comprometida con una odontolog\u00eda integral.<\/p>\n","protected":false},"author":2,"featured_media":137,"parent":0,"menu_order":0,"comment_status":"closed","ping_status":"closed","template":"templates\/template-builder.php","meta":{"inline_featured_image":false,"_kad_blocks_custom_css":"","_kad_blocks_head_custom_js":"","_kad_blocks_body_custom_js":"","_kad_blocks_footer_custom_js":"","footnotes":""},"class_list":["post-975","page","type-page","status-publish","has-post-thumbnail","hentry","post","with-featured-image"],"taxonomy_info":[],"featured_image_src_large":["https:\/\/arizagaballestar.com\/wp-content\/uploads\/2025\/05\/ana-arizaga.webp",770,1024,false],"author_info":{"display_name":"Ideamatic","author_link":"https:\/\/arizagaballestar.com\/es\/author\/ideadmin\/"},"comment_info":0,"_links":{"self":[{"href":"https:\/\/arizagaballestar.com\/es\/wp-json\/wp\/v2\/pages\/975","targetHints":{"allow":["GET"]}}],"collection":[{"href":"https:\/\/arizagaballestar.com\/es\/wp-json\/wp\/v2\/pages"}],"about":[{"href":"https:\/\/arizagaballestar.com\/es\/wp-json\/wp\/v2\/types\/page"}],"author":[{"embeddable":true,"href":"https:\/\/arizagaballestar.com\/es\/wp-json\/wp\/v2\/users\/2"}],"replies":[{"embeddable":true,"href":"https:\/\/arizagaballestar.com\/es\/wp-json\/wp\/v2\/comments?post=975"}],"version-history":[{"count":4,"href":"https:\/\/arizagaballestar.com\/es\/wp-json\/wp\/v2\/pages\/975\/revisions"}],"predecessor-version":[{"id":1139,"href":"https:\/\/arizagaballestar.com\/es\/wp-json\/wp\/v2\/pages\/975\/revisions\/1139"}],"wp:featuredmedia":[{"embeddable":true,"href":"https:\/\/arizagaballestar.com\/es\/wp-json\/wp\/v2\/media\/137"}],"wp:attachment":[{"href":"https:\/\/arizagaballestar.com\/es\/wp-json\/wp\/v2\/media?parent=975"}],"curies":[{"name":"wp","href":"https:\/\/api.w.org\/{rel}","templated":true}]}}