{"id":972,"date":"2025-05-17T17:51:22","date_gmt":"2025-05-17T15:51:22","guid":{"rendered":"https:\/\/arizagaballestar.com\/blog\/"},"modified":"2025-06-11T12:14:18","modified_gmt":"2025-06-11T10:14:18","slug":"blog","status":"publish","type":"page","link":"https:\/\/arizagaballestar.com\/es\/blog\/","title":{"rendered":"Blog"},"content":{"rendered":"<style>.kb-row-layout-wrap.wp-block-kadence-rowlayout.kb-row-layout-id972_e7d686-62{margin-top:96px;margin-bottom:78px;}.kb-row-layout-id972_e7d686-62 > .kt-row-column-wrap{align-content:start;}:where(.kb-row-layout-id972_e7d686-62 > .kt-row-column-wrap) > .wp-block-kadence-column{justify-content:start;}.kb-row-layout-id972_e7d686-62 > .kt-row-column-wrap{row-gap:45px;padding-top:0px;padding-bottom:0px;grid-template-columns:minmax(0, 1fr);}.kb-row-layout-id972_e7d686-62 > .kt-row-layout-overlay{opacity:0.30;}@media all and (max-width: 1024px){.kb-row-layout-wrap.wp-block-kadence-rowlayout.kb-row-layout-id972_e7d686-62{margin-top:84px;margin-bottom:58px;}}@media all and (max-width: 1024px){.kb-row-layout-id972_e7d686-62 > .kt-row-column-wrap{grid-template-columns:minmax(0, 1fr);}}@media all and (max-width: 767px){.kb-row-layout-wrap.wp-block-kadence-rowlayout.kb-row-layout-id972_e7d686-62{margin-top:32px;margin-bottom:41px;}.kb-row-layout-id972_e7d686-62 > .kt-row-column-wrap{row-gap:30px;grid-template-columns:minmax(0, 1fr);}}<\/style><div class=\"kb-row-layout-wrap kb-row-layout-id972_e7d686-62 alignnone fila--header--interiors wp-block-kadence-rowlayout\"><div class=\"kt-row-column-wrap kt-has-2-columns kt-row-layout-row kt-tab-layout-inherit kt-mobile-layout-row kt-row-valign-top\">\n<style>.kadence-column972_50ceb4-c9 > .kt-inside-inner-col{padding-top:0px;padding-bottom:0px;}.kadence-column972_50ceb4-c9 > .kt-inside-inner-col,.kadence-column972_50ceb4-c9 > .kt-inside-inner-col:before{border-top-left-radius:0px;border-top-right-radius:0px;border-bottom-right-radius:0px;border-bottom-left-radius:0px;}.kadence-column972_50ceb4-c9 > .kt-inside-inner-col{column-gap:var(--global-kb-gap-sm, 1rem);}.kadence-column972_50ceb4-c9 > .kt-inside-inner-col{flex-direction:column;}.kadence-column972_50ceb4-c9 > .kt-inside-inner-col > .aligncenter{width:100%;}.kadence-column972_50ceb4-c9 > .kt-inside-inner-col:before{opacity:0.3;}.kadence-column972_50ceb4-c9{position:relative;}.kadence-column972_50ceb4-c9, .kt-inside-inner-col > .kadence-column972_50ceb4-c9:not(.specificity){margin-top:0px;margin-bottom:0px;}@media all and (max-width: 1024px){.kadence-column972_50ceb4-c9 > .kt-inside-inner-col{flex-direction:column;justify-content:center;}}@media all and (max-width: 767px){.kadence-column972_50ceb4-c9 > .kt-inside-inner-col{flex-direction:column;justify-content:center;}}<\/style>\n<div class=\"wp-block-kadence-column kadence-column972_50ceb4-c9\"><div class=\"kt-inside-inner-col\"><h1 class=\"h1--plus wp-block-post-title\">Blog<\/h1><\/div><\/div>\n\n\n<style>.kadence-column972_d63d9f-e7 > .kt-inside-inner-col{padding-top:0px;padding-bottom:0px;}.kadence-column972_d63d9f-e7 > .kt-inside-inner-col,.kadence-column972_d63d9f-e7 > .kt-inside-inner-col:before{border-top-left-radius:0px;border-top-right-radius:0px;border-bottom-right-radius:0px;border-bottom-left-radius:0px;}.kadence-column972_d63d9f-e7 > .kt-inside-inner-col{column-gap:var(--global-kb-gap-sm, 1rem);}.kadence-column972_d63d9f-e7 > .kt-inside-inner-col{flex-direction:column;}.kadence-column972_d63d9f-e7 > .kt-inside-inner-col > .aligncenter{width:100%;}.kadence-column972_d63d9f-e7 > .kt-inside-inner-col:before{opacity:0.3;}.kadence-column972_d63d9f-e7{position:relative;}.kadence-column972_d63d9f-e7, .kt-inside-inner-col > .kadence-column972_d63d9f-e7:not(.specificity){margin-top:0px;margin-bottom:0px;}@media all and (max-width: 1024px){.kadence-column972_d63d9f-e7 > .kt-inside-inner-col{flex-direction:column;justify-content:center;}}@media all and (max-width: 767px){.kadence-column972_d63d9f-e7 > .kt-inside-inner-col{flex-direction:column;justify-content:center;}}<\/style>\n<div class=\"wp-block-kadence-column kadence-column972_d63d9f-e7\"><div class=\"kt-inside-inner-col\"><style>.wp-block-kadence-advancedheading.kt-adv-heading972_02f2fa-84, .wp-block-kadence-advancedheading.kt-adv-heading972_02f2fa-84[data-kb-block=\"kb-adv-heading972_02f2fa-84\"]{font-style:normal;}.wp-block-kadence-advancedheading.kt-adv-heading972_02f2fa-84 mark.kt-highlight, .wp-block-kadence-advancedheading.kt-adv-heading972_02f2fa-84[data-kb-block=\"kb-adv-heading972_02f2fa-84\"] mark.kt-highlight{font-style:normal;color:#f76a0c;-webkit-box-decoration-break:clone;box-decoration-break:clone;padding-top:0px;padding-right:0px;padding-bottom:0px;padding-left:0px;}.wp-block-kadence-advancedheading.kt-adv-heading972_02f2fa-84 img.kb-inline-image, .wp-block-kadence-advancedheading.kt-adv-heading972_02f2fa-84[data-kb-block=\"kb-adv-heading972_02f2fa-84\"] img.kb-inline-image{width:150px;vertical-align:baseline;}<\/style>\n<h2 class=\"kt-adv-heading972_02f2fa-84 h3 wp-block-kadence-advancedheading\" data-kb-block=\"kb-adv-heading972_02f2fa-84\">Art\u00edculos sobre salud bucodental, prevenci\u00f3n, tratamientos y bienestar. Informaci\u00f3n clara y \u00fatil para cuidar tu boca y tu salud.<\/h2>\n<\/div><\/div>\n\n<\/div><\/div>\n\n<style>.kb-row-layout-wrap.wp-block-kadence-rowlayout.kb-row-layout-id972_f056b7-11{margin-top:0px;margin-bottom:150px;}.kb-row-layout-id972_f056b7-11 > .kt-row-column-wrap{align-content:start;}:where(.kb-row-layout-id972_f056b7-11 > .kt-row-column-wrap) > .wp-block-kadence-column{justify-content:start;}.kb-row-layout-id972_f056b7-11 > .kt-row-column-wrap{column-gap:90px;row-gap:var(--global-kb-gap-md, 2rem);padding-top:0px;padding-bottom:0px;grid-template-columns:minmax(0, 1fr);}.kb-row-layout-id972_f056b7-11 > .kt-row-layout-overlay{opacity:0.30;}@media all and (max-width: 1024px){.kb-row-layout-wrap.wp-block-kadence-rowlayout.kb-row-layout-id972_f056b7-11{margin-bottom:65px;}}@media all and (max-width: 1024px){.kb-row-layout-id972_f056b7-11 > .kt-row-column-wrap{column-gap:60px;grid-template-columns:minmax(0, 1fr);}}@media all and (max-width: 767px){.kb-row-layout-wrap.wp-block-kadence-rowlayout.kb-row-layout-id972_f056b7-11{margin-bottom:60px;}.kb-row-layout-id972_f056b7-11 > .kt-row-column-wrap{row-gap:33px;grid-template-columns:minmax(0, 1fr);}}<\/style><div class=\"kb-row-layout-wrap kb-row-layout-id972_f056b7-11 alignnone fila--entradeta--foto articles--home wp-block-kadence-rowlayout\"><div class=\"kt-row-column-wrap kt-has-1-columns kt-row-layout-equal kt-tab-layout-inherit kt-mobile-layout-row kt-row-valign-top\">\n<style>.kadence-column972_e1afc0-eb > .kt-inside-inner-col{padding-top:0px;padding-bottom:0px;}.kadence-column972_e1afc0-eb > .kt-inside-inner-col,.kadence-column972_e1afc0-eb > .kt-inside-inner-col:before{border-top-left-radius:0px;border-top-right-radius:0px;border-bottom-right-radius:0px;border-bottom-left-radius:0px;}.kadence-column972_e1afc0-eb > .kt-inside-inner-col{column-gap:var(--global-kb-gap-sm, 1rem);}.kadence-column972_e1afc0-eb > .kt-inside-inner-col{flex-direction:column;}.kadence-column972_e1afc0-eb > .kt-inside-inner-col > .aligncenter{width:100%;}.kadence-column972_e1afc0-eb > .kt-inside-inner-col:before{opacity:0.3;}.kadence-column972_e1afc0-eb{position:relative;}.kadence-column972_e1afc0-eb, .kt-inside-inner-col > .kadence-column972_e1afc0-eb:not(.specificity){margin-top:0px;margin-bottom:0px;}@media all and (max-width: 1024px){.kadence-column972_e1afc0-eb > .kt-inside-inner-col{flex-direction:column;justify-content:center;}}@media all and (max-width: 767px){.kadence-column972_e1afc0-eb > .kt-inside-inner-col{flex-direction:column;justify-content:center;}}<\/style>\n<div class=\"wp-block-kadence-column kadence-column972_e1afc0-eb\"><div class=\"kt-inside-inner-col\">\n<div class=\"wp-block-ultimate-post-post-grid-parent ultp-post-grid-parent\" data-postid=\"972\" data-grids=\"[{&quot;blockId&quot;:&quot;9a959e&quot;,&quot;name&quot;:&quot;ultimate-post_post-grid-1&quot;}]\" data-pagi=\"[]\"><div  class=\"ultp-post-grid-block wp-block-ultimate-post-post-grid-1 ultp-block-9a959e darrers--articles subhome--blog\"><div class=\"ultp-block-wrapper\"><div class=\"ultp-loading\"><div class=\"ultp-loading-blocks\" style=\"width:100%;height:100%;\"><div style=\"left: 0;top: 0;animation-delay:0s;\"><\/div><div style=\"left: 21px;top: 0;animation-delay:0.125s;\"><\/div><div style=\"left: 42px;top: 0;animation-delay:0.25s;\"><\/div><div style=\"left: 0;top: 21px;animation-delay:0.875s;\"><\/div><div style=\"left: 42px;top: 21px;animation-delay:0.375s;\"><\/div><div style=\"left: 0;top: 42px;animation-delay:0.75s;\"><\/div><div style=\"left: 42px;top: 42px;animation-delay:0.625s;\"><\/div><div style=\"left: 21px;top: 42px;animation-delay:0.5s;\"><\/div><\/div><\/div><div class=\"ultp-block-items-wrap ultp-block-row ultp-pg1a-style1 ultp-grid1-responsive ultp-block-column-3 ultp-sm-column-2 ultp-xs-column-1 ultp-layout1\"><div class=\"ultp-block-item post-id-959\"><div class=\"ultp-block-content-wrap\"><div class=\"ultp-block-image ultp-block-image-zoomIn\"><a href=\"https:\/\/arizagaballestar.com\/es\/tus-encias-y-la-salud-general\/\" ><img decoding=\"async\"  class=\"ultp-block-image-content\"  alt=\"Genives i salut dental\"  src=\"https:\/\/arizagaballestar.com\/wp-content\/uploads\/2025\/05\/genives-i-salut-dental-870x570.webp\" \/><\/a><\/div><div class=\"ultp-block-content\"><h3 class=\"ultp-block-title \"><a href=\"https:\/\/arizagaballestar.com\/es\/tus-encias-y-la-salud-general\/\" >Tus enc\u00edas y la salud general<\/a><\/h3><div class=\"ultp-block-meta ultp-block-meta-dot ultp-block-meta-noIcon\"><span class=\"ultp-block-date ultp-block-meta-element\">20 mayo, 2025<\/span><\/div><div class=\"ultp-block-excerpt\">La periodontitis puede influir en enfermedades como la diabetes, el Alzheimer o las cardiopat\u00edas. Una buena salud bucal protege tu salud general.<\/div><\/div><\/div><\/div><div class=\"ultp-block-item post-id-963\"><div class=\"ultp-block-content-wrap\"><div class=\"ultp-block-image ultp-block-image-zoomIn\"><a href=\"https:\/\/arizagaballestar.com\/es\/que-son-los-escaneres-intraorales\/\" ><img decoding=\"async\"  class=\"ultp-block-image-content\"  alt=\"Esc\u00e0ners intraorals\"  src=\"https:\/\/arizagaballestar.com\/wp-content\/uploads\/2025\/05\/escaners-intraorals-870x570.webp\" \/><\/a><\/div><div class=\"ultp-block-content\"><h3 class=\"ultp-block-title \"><a href=\"https:\/\/arizagaballestar.com\/es\/que-son-los-escaneres-intraorales\/\" >\u00bfQu\u00e9 son los esc\u00e1neres intraorales?<\/a><\/h3><div class=\"ultp-block-meta ultp-block-meta-dot ultp-block-meta-noIcon\"><span class=\"ultp-block-date ultp-block-meta-element\">9 mayo, 2025<\/span><\/div><div class=\"ultp-block-excerpt\">Descubre c\u00f3mo los esc\u00e1neres intraorales mejoran la precisi\u00f3n, comodidad y eficiencia de los tratamientos dentales con tecnolog\u00eda digital avanzada.<\/div><\/div><\/div><\/div><\/div><\/div><div class=\"pagination-block-html\" aria-hidden=\"true\" style=\"display: none;\"><\/div><\/div><\/div>\n<\/div><\/div>\n\n<\/div><\/div>","protected":false},"excerpt":{"rendered":"<p>Art\u00edculos sobre salud bucodental, prevenci\u00f3n, tratamientos y bienestar. Informaci\u00f3n clara y \u00fatil para cuidar tu boca y tu salud.<\/p>\n","protected":false},"author":2,"featured_media":0,"parent":0,"menu_order":0,"comment_status":"closed","ping_status":"closed","template":"templates\/template-builder.php","meta":{"inline_featured_image":false,"_kad_blocks_custom_css":"","_kad_blocks_head_custom_js":"","_kad_blocks_body_custom_js":"","_kad_blocks_footer_custom_js":"","footnotes":""},"class_list":["post-972","page","type-page","status-publish","hentry","post","without-featured-image"],"taxonomy_info":[],"featured_image_src_large":false,"author_info":{"display_name":"Ideamatic","author_link":"https:\/\/arizagaballestar.com\/es\/author\/ideadmin\/"},"comment_info":0,"_links":{"self":[{"href":"https:\/\/arizagaballestar.com\/es\/wp-json\/wp\/v2\/pages\/972","targetHints":{"allow":["GET"]}}],"collection":[{"href":"https:\/\/arizagaballestar.com\/es\/wp-json\/wp\/v2\/pages"}],"about":[{"href":"https:\/\/arizagaballestar.com\/es\/wp-json\/wp\/v2\/types\/page"}],"author":[{"embeddable":true,"href":"https:\/\/arizagaballestar.com\/es\/wp-json\/wp\/v2\/users\/2"}],"replies":[{"embeddable":true,"href":"https:\/\/arizagaballestar.com\/es\/wp-json\/wp\/v2\/comments?post=972"}],"version-history":[{"count":2,"href":"https:\/\/arizagaballestar.com\/es\/wp-json\/wp\/v2\/pages\/972\/revisions"}],"predecessor-version":[{"id":1227,"href":"https:\/\/arizagaballestar.com\/es\/wp-json\/wp\/v2\/pages\/972\/revisions\/1227"}],"wp:attachment":[{"href":"https:\/\/arizagaballestar.com\/es\/wp-json\/wp\/v2\/media?parent=972"}],"curies":[{"name":"wp","href":"https:\/\/api.w.org\/{rel}","templated":true}]}}