{"id":1045,"date":"2025-05-17T17:47:54","date_gmt":"2025-05-17T15:47:54","guid":{"rendered":"https:\/\/arizagaballestar.com\/prevencio-i-tractament-de-la-caries-i-les-fractures-dentals\/"},"modified":"2025-06-02T20:04:13","modified_gmt":"2025-06-02T18:04:13","slug":"tratamiento-caries-fracturas-dentales","status":"publish","type":"page","link":"https:\/\/arizagaballestar.com\/es\/tratamiento-caries-fracturas-dentales\/","title":{"rendered":"Prevenci\u00f3n y tratamiento de la caries y las fracturas dentales"},"content":{"rendered":"<style>.kb-row-layout-wrap.wp-block-kadence-rowlayout.kb-row-layout-id1045_5052a3-73{margin-top:137px;margin-bottom:78px;}.kb-row-layout-id1045_5052a3-73 > .kt-row-column-wrap{align-content:start;}:where(.kb-row-layout-id1045_5052a3-73 > .kt-row-column-wrap) > .wp-block-kadence-column{justify-content:start;}.kb-row-layout-id1045_5052a3-73 > .kt-row-column-wrap{row-gap:30px;padding-top:0px;padding-bottom:0px;grid-template-columns:minmax(0, 1fr);}.kb-row-layout-id1045_5052a3-73 > .kt-row-layout-overlay{opacity:0.30;}@media all and (max-width: 1024px){.kb-row-layout-wrap.wp-block-kadence-rowlayout.kb-row-layout-id1045_5052a3-73{margin-top:84px;margin-bottom:58px;}}@media all and (max-width: 1024px){.kb-row-layout-id1045_5052a3-73 > .kt-row-column-wrap{grid-template-columns:minmax(0, 1fr);}}@media all and (max-width: 767px){.kb-row-layout-wrap.wp-block-kadence-rowlayout.kb-row-layout-id1045_5052a3-73{margin-top:87px;margin-bottom:41px;}.kb-row-layout-id1045_5052a3-73 > .kt-row-column-wrap{row-gap:30px;grid-template-columns:minmax(0, 1fr);}}<\/style><div class=\"kb-row-layout-wrap kb-row-layout-id1045_5052a3-73 alignnone fila--header--interiors fila--tractament wp-block-kadence-rowlayout\"><div class=\"kt-row-column-wrap kt-has-2-columns kt-row-layout-row kt-tab-layout-inherit kt-mobile-layout-row kt-row-valign-top\">\n<style>.kadence-column1045_25800c-04 > .kt-inside-inner-col{padding-top:0px;padding-bottom:0px;}.kadence-column1045_25800c-04 > .kt-inside-inner-col,.kadence-column1045_25800c-04 > .kt-inside-inner-col:before{border-top-left-radius:0px;border-top-right-radius:0px;border-bottom-right-radius:0px;border-bottom-left-radius:0px;}.kadence-column1045_25800c-04 > .kt-inside-inner-col{column-gap:var(--global-kb-gap-sm, 1rem);}.kadence-column1045_25800c-04 > .kt-inside-inner-col{flex-direction:column;}.kadence-column1045_25800c-04 > .kt-inside-inner-col > .aligncenter{width:100%;}.kadence-column1045_25800c-04 > .kt-inside-inner-col:before{opacity:0.3;}.kadence-column1045_25800c-04{position:relative;}.kadence-column1045_25800c-04, .kt-inside-inner-col > .kadence-column1045_25800c-04:not(.specificity){margin-top:0px;margin-bottom:0px;}@media all and (max-width: 1024px){.kadence-column1045_25800c-04 > .kt-inside-inner-col{flex-direction:column;justify-content:center;}}@media all and (max-width: 767px){.kadence-column1045_25800c-04 > .kt-inside-inner-col{flex-direction:column;justify-content:center;}}<\/style>\n<div class=\"wp-block-kadence-column kadence-column1045_25800c-04\"><div class=\"kt-inside-inner-col\">\n<div class=\"wp-block-buttons breadcrumbs is-layout-flex wp-block-buttons-is-layout-flex\">\n<div class=\"wp-block-button is-style-fill\"><a class=\"wp-block-button__link has-text-color has-background has-link-color has-custom-font-size wp-element-button\" href=\"https:\/\/arizagaballestar.com\/es\/tratamientos-dentales-mataro\/\" style=\"color:#535561;background-color:#ffffff00;font-size:16px\">Volver a Tratamientos<\/a><\/div>\n<\/div>\n\n\n<h1 class=\"h1--plus wp-block-post-title\">Prevenci\u00f3n y tratamiento de la caries y las fracturas dentales<\/h1><\/div><\/div>\n\n\n<style>.kadence-column1045_074089-76 > .kt-inside-inner-col{padding-top:0px;padding-bottom:0px;}.kadence-column1045_074089-76 > .kt-inside-inner-col,.kadence-column1045_074089-76 > .kt-inside-inner-col:before{border-top-left-radius:0px;border-top-right-radius:0px;border-bottom-right-radius:0px;border-bottom-left-radius:0px;}.kadence-column1045_074089-76 > .kt-inside-inner-col{column-gap:var(--global-kb-gap-sm, 1rem);}.kadence-column1045_074089-76 > .kt-inside-inner-col{flex-direction:column;}.kadence-column1045_074089-76 > .kt-inside-inner-col > .aligncenter{width:100%;}.kadence-column1045_074089-76 > .kt-inside-inner-col:before{opacity:0.3;}.kadence-column1045_074089-76{position:relative;}.kadence-column1045_074089-76, .kt-inside-inner-col > .kadence-column1045_074089-76:not(.specificity){margin-top:0px;margin-bottom:0px;}@media all and (max-width: 1024px){.kadence-column1045_074089-76 > .kt-inside-inner-col{flex-direction:column;justify-content:center;}}@media all and (max-width: 767px){.kadence-column1045_074089-76 > .kt-inside-inner-col{flex-direction:column;justify-content:center;}}<\/style>\n<div class=\"wp-block-kadence-column kadence-column1045_074089-76\"><div class=\"kt-inside-inner-col\"><style>.wp-block-kadence-advancedheading.kt-adv-heading1045_7e7732-18, .wp-block-kadence-advancedheading.kt-adv-heading1045_7e7732-18[data-kb-block=\"kb-adv-heading1045_7e7732-18\"]{font-style:normal;}.wp-block-kadence-advancedheading.kt-adv-heading1045_7e7732-18 mark.kt-highlight, .wp-block-kadence-advancedheading.kt-adv-heading1045_7e7732-18[data-kb-block=\"kb-adv-heading1045_7e7732-18\"] mark.kt-highlight{font-style:normal;color:#f76a0c;-webkit-box-decoration-break:clone;box-decoration-break:clone;padding-top:0px;padding-right:0px;padding-bottom:0px;padding-left:0px;}.wp-block-kadence-advancedheading.kt-adv-heading1045_7e7732-18 img.kb-inline-image, .wp-block-kadence-advancedheading.kt-adv-heading1045_7e7732-18[data-kb-block=\"kb-adv-heading1045_7e7732-18\"] img.kb-inline-image{width:150px;vertical-align:baseline;}<\/style>\n<h2 class=\"kt-adv-heading1045_7e7732-18 h3 wp-block-kadence-advancedheading\" data-kb-block=\"kb-adv-heading1045_7e7732-18\">Tratamiento de caries y fracturas dentales con t\u00e9cnicas conservadoras para preservar dientes y evitar complicaciones con un enfoque preventivo.<\/h2>\n<\/div><\/div>\n\n<\/div><\/div>\n\n<style>.kb-row-layout-wrap.wp-block-kadence-rowlayout.kb-row-layout-id1045_ed8472-20{margin-top:0px;margin-bottom:150px;}.kb-row-layout-id1045_ed8472-20 > .kt-row-column-wrap{align-content:start;}:where(.kb-row-layout-id1045_ed8472-20 > .kt-row-column-wrap) > .wp-block-kadence-column{justify-content:start;}.kb-row-layout-id1045_ed8472-20 > .kt-row-column-wrap{column-gap:90px;row-gap:var(--global-kb-gap-md, 2rem);padding-top:0px;padding-bottom:0px;grid-template-columns:repeat(2, minmax(0, 1fr));}.kb-row-layout-id1045_ed8472-20 > .kt-row-layout-overlay{opacity:0.30;}@media all and (max-width: 1024px){.kb-row-layout-wrap.wp-block-kadence-rowlayout.kb-row-layout-id1045_ed8472-20{margin-bottom:65px;}}@media all and (max-width: 1024px){.kb-row-layout-id1045_ed8472-20 > .kt-row-column-wrap{column-gap:60px;grid-template-columns:repeat(2, minmax(0, 1fr));}}@media all and (max-width: 767px){.kb-row-layout-wrap.wp-block-kadence-rowlayout.kb-row-layout-id1045_ed8472-20{margin-bottom:40px;}.kb-row-layout-id1045_ed8472-20 > .kt-row-column-wrap{row-gap:60px;grid-template-columns:minmax(0, 1fr);}}<\/style><div class=\"kb-row-layout-wrap kb-row-layout-id1045_ed8472-20 alignnone fila--entradeta--foto fila--tractament wp-block-kadence-rowlayout\"><div class=\"kt-row-column-wrap kt-has-2-columns kt-row-layout-equal kt-tab-layout-inherit kt-mobile-layout-row kt-row-valign-top\">\n<style>.kadence-column1045_ddd4ad-dc > .kt-inside-inner-col{padding-top:0px;padding-bottom:0px;}.kadence-column1045_ddd4ad-dc > .kt-inside-inner-col,.kadence-column1045_ddd4ad-dc > .kt-inside-inner-col:before{border-top-left-radius:0px;border-top-right-radius:0px;border-bottom-right-radius:0px;border-bottom-left-radius:0px;}.kadence-column1045_ddd4ad-dc > .kt-inside-inner-col{column-gap:var(--global-kb-gap-sm, 1rem);}.kadence-column1045_ddd4ad-dc > .kt-inside-inner-col{flex-direction:column;}.kadence-column1045_ddd4ad-dc > .kt-inside-inner-col > .aligncenter{width:100%;}.kadence-column1045_ddd4ad-dc > .kt-inside-inner-col:before{opacity:0.3;}.kadence-column1045_ddd4ad-dc{position:relative;}.kadence-column1045_ddd4ad-dc, .kt-inside-inner-col > .kadence-column1045_ddd4ad-dc:not(.specificity){margin-top:0px;margin-bottom:0px;}@media all and (max-width: 1024px){.kadence-column1045_ddd4ad-dc > .kt-inside-inner-col{flex-direction:column;justify-content:center;}}@media all and (max-width: 767px){.kadence-column1045_ddd4ad-dc > .kt-inside-inner-col{flex-direction:column;justify-content:center;}}<\/style>\n<div class=\"wp-block-kadence-column kadence-column1045_ddd4ad-dc\"><div class=\"kt-inside-inner-col\"><style>.wp-block-kadence-spacer.kt-block-spacer-1045_ec0f0b-c7 .kt-block-spacer{height:10px;}.wp-block-kadence-spacer.kt-block-spacer-1045_ec0f0b-c7 .kt-divider{border-top-width:1px;height:1px;border-top-color:#535561;width:100%;border-top-style:solid;}<\/style>\n<div class=\"wp-block-kadence-spacer alignnone kt-block-spacer-1045_ec0f0b-c7\"><div class=\"kt-block-spacer kt-block-spacer-halign-left\"><hr class=\"kt-divider\"\/><\/div><\/div>\n\n\n\n<p>La caries es una enfermedad dental com\u00fan que afecta a los dientes y se caracteriza por la desmineralizaci\u00f3n del esmalte dental provocada por los \u00e1cidos producidos por las bacterias presentes en la placa dental y estrechamente relacionadas con la ingesta de az\u00facares.<\/p>\n\n\n<style>.wp-block-kadence-spacer.kt-block-spacer-1045_42cc2d-da .kt-block-spacer{height:6px;}.wp-block-kadence-spacer.kt-block-spacer-1045_42cc2d-da .kt-divider{border-top-width:1px;height:1px;border-top-color:#eee;width:80%;border-top-style:solid;}<\/style>\n<div class=\"wp-block-kadence-spacer aligncenter kt-block-spacer-1045_42cc2d-da kvs-md-false kvs-sm-false\"><div class=\"kt-block-spacer kt-block-spacer-halign-center\"><\/div><\/div>\n\n\n\n<div class=\"wp-block-buttons is-layout-flex wp-block-buttons-is-layout-flex\">\n<div class=\"wp-block-button\"><a class=\"wp-block-button__link has-custom-font-size wp-element-button\" href=\"https:\/\/arizagaballestar.com\/es\/contacto\/\" style=\"font-size:16px\">Cita Online<\/a><\/div>\n<\/div>\n<\/div><\/div>\n\n\n<style>.kadence-column1045_aaf66e-ee > .kt-inside-inner-col,.kadence-column1045_aaf66e-ee > .kt-inside-inner-col:before{border-top-left-radius:0px;border-top-right-radius:0px;border-bottom-right-radius:0px;border-bottom-left-radius:0px;}.kadence-column1045_aaf66e-ee > .kt-inside-inner-col{column-gap:var(--global-kb-gap-sm, 1rem);}.kadence-column1045_aaf66e-ee > .kt-inside-inner-col{flex-direction:column;}.kadence-column1045_aaf66e-ee > .kt-inside-inner-col > .aligncenter{width:100%;}.kadence-column1045_aaf66e-ee > .kt-inside-inner-col:before{opacity:0.3;}.kadence-column1045_aaf66e-ee{position:relative;}@media all and (max-width: 1024px){.kadence-column1045_aaf66e-ee > .kt-inside-inner-col{flex-direction:column;justify-content:center;}}@media all and (max-width: 767px){.kadence-column1045_aaf66e-ee > .kt-inside-inner-col{flex-direction:column;justify-content:center;}}<\/style>\n<div class=\"wp-block-kadence-column kadence-column1045_aaf66e-ee\"><div class=\"kt-inside-inner-col\"><style>.kb-image1045_c17fc5-57 .kb-image-has-overlay:after{opacity:0.3;border-top-left-radius:90px;border-top-right-radius:90px;border-bottom-right-radius:90px;border-bottom-left-radius:90px;}.kb-image1045_c17fc5-57 img.kb-img, .kb-image1045_c17fc5-57 .kb-img img{border-top-left-radius:90px;border-top-right-radius:90px;border-bottom-right-radius:90px;border-bottom-left-radius:90px;}@media all and (max-width: 1024px){.kb-image1045_c17fc5-57 .kb-image-has-overlay:after{border-top-left-radius:45px;border-top-right-radius:45px;border-bottom-right-radius:45px;border-bottom-left-radius:45px;}}@media all and (max-width: 1024px){.kb-image1045_c17fc5-57 img.kb-img, .kb-image1045_c17fc5-57 .kb-img img{border-top-left-radius:45px;border-top-right-radius:45px;border-bottom-right-radius:45px;border-bottom-left-radius:45px;}}@media all and (max-width: 767px){.kb-image1045_c17fc5-57 .kb-image-has-overlay:after{border-top-left-radius:45px;border-top-right-radius:45px;border-bottom-right-radius:45px;border-bottom-left-radius:45px;}.kb-image1045_c17fc5-57 img.kb-img, .kb-image1045_c17fc5-57 .kb-img img{border-top-left-radius:45px;border-top-right-radius:45px;border-bottom-right-radius:45px;border-bottom-left-radius:45px;}}<\/style>\n<figure class=\"wp-block-kadence-image kb-image1045_c17fc5-57 size-full kb-image-is-ratio-size\"><div class=\"kb-is-ratio-image kb-image-ratio-land43\"><img loading=\"lazy\" decoding=\"async\" width=\"2049\" height=\"1539\" src=\"https:\/\/arizagaballestar.com\/wp-content\/uploads\/2025\/05\/caries.webp\" alt=\"C\u00e0ries\" class=\"kb-img wp-image-93\" srcset=\"https:\/\/arizagaballestar.com\/wp-content\/uploads\/2025\/05\/caries.webp 2049w, https:\/\/arizagaballestar.com\/wp-content\/uploads\/2025\/05\/caries-1200x901.webp 1200w, https:\/\/arizagaballestar.com\/wp-content\/uploads\/2025\/05\/caries-1400x1052.webp 1400w, https:\/\/arizagaballestar.com\/wp-content\/uploads\/2025\/05\/caries-300x225.webp 300w\" sizes=\"auto, (max-width: 2049px) 100vw, 2049px\" \/><\/div><\/figure>\n<\/div><\/div>\n\n<\/div><\/div>\n\n<style>.kb-row-layout-wrap.wp-block-kadence-rowlayout.kb-row-layout-id1045_02cbbb-72{margin-top:0px;margin-bottom:120px;}.kb-row-layout-id1045_02cbbb-72 > .kt-row-column-wrap{align-content:start;}:where(.kb-row-layout-id1045_02cbbb-72 > .kt-row-column-wrap) > .wp-block-kadence-column{justify-content:start;}.kb-row-layout-id1045_02cbbb-72 > .kt-row-column-wrap{column-gap:90px;row-gap:var(--global-kb-gap-md, 2rem);padding-top:0px;padding-bottom:0px;grid-template-columns:repeat(2, minmax(0, 1fr));}.kb-row-layout-id1045_02cbbb-72 > .kt-row-layout-overlay{opacity:0.30;}@media all and (max-width: 1024px){.kb-row-layout-wrap.wp-block-kadence-rowlayout.kb-row-layout-id1045_02cbbb-72{margin-bottom:62px;}}@media all and (max-width: 1024px){.kb-row-layout-id1045_02cbbb-72 > .kt-row-column-wrap{column-gap:60px;grid-template-columns:repeat(2, minmax(0, 1fr));}}@media all and (max-width: 767px){.kb-row-layout-wrap.wp-block-kadence-rowlayout.kb-row-layout-id1045_02cbbb-72{margin-bottom:10px;}.kb-row-layout-id1045_02cbbb-72 > .kt-row-column-wrap{row-gap:0px;grid-template-columns:minmax(0, 1fr);}}<\/style><div class=\"kb-row-layout-wrap kb-row-layout-id1045_02cbbb-72 alignnone fila--tractament wp-block-kadence-rowlayout\"><div class=\"kt-row-column-wrap kt-has-2-columns kt-row-layout-equal kt-tab-layout-inherit kt-mobile-layout-row kt-row-valign-top\">\n<style>#wrapper.site{overflow:clip;}.kadence-column1045_7ead6e-91{--kb-section-setting-offset:137px;}.kadence-column1045_7ead6e-91 > .kt-inside-inner-col{padding-top:0px;padding-bottom:0px;}.kadence-column1045_7ead6e-91 > .kt-inside-inner-col,.kadence-column1045_7ead6e-91 > .kt-inside-inner-col:before{border-top-left-radius:0px;border-top-right-radius:0px;border-bottom-right-radius:0px;border-bottom-left-radius:0px;}.kadence-column1045_7ead6e-91 > .kt-inside-inner-col{column-gap:var(--global-kb-gap-sm, 1rem);}.kadence-column1045_7ead6e-91 > .kt-inside-inner-col{flex-direction:column;}.kadence-column1045_7ead6e-91 > .kt-inside-inner-col > .aligncenter{width:100%;}.kadence-column1045_7ead6e-91 > .kt-inside-inner-col:before{opacity:0.3;}.kadence-column1045_7ead6e-91{position:relative;}.kadence-column1045_7ead6e-91, .kt-inside-inner-col > .kadence-column1045_7ead6e-91:not(.specificity){margin-top:0px;margin-bottom:0px;}@media all and (max-width: 1024px){.kadence-column1045_7ead6e-91{--kb-section-setting-offset:1px;}}@media all and (max-width: 1024px){.kadence-column1045_7ead6e-91 > .kt-inside-inner-col{flex-direction:column;justify-content:center;}}@media all and (max-width: 767px){.kadence-column1045_7ead6e-91 > .kt-inside-inner-col{flex-direction:column;justify-content:center;}}<\/style>\n<div class=\"wp-block-kadence-column kadence-column1045_7ead6e-91 kb-section-is-sticky columna--titol\"><div class=\"kt-inside-inner-col\"><style>.wp-block-kadence-advancedheading.kt-adv-heading1045_37d691-20, .wp-block-kadence-advancedheading.kt-adv-heading1045_37d691-20[data-kb-block=\"kb-adv-heading1045_37d691-20\"]{font-style:normal;}.wp-block-kadence-advancedheading.kt-adv-heading1045_37d691-20 mark.kt-highlight, .wp-block-kadence-advancedheading.kt-adv-heading1045_37d691-20[data-kb-block=\"kb-adv-heading1045_37d691-20\"] mark.kt-highlight{font-style:normal;color:#f76a0c;-webkit-box-decoration-break:clone;box-decoration-break:clone;padding-top:0px;padding-right:0px;padding-bottom:0px;padding-left:0px;}.wp-block-kadence-advancedheading.kt-adv-heading1045_37d691-20 img.kb-inline-image, .wp-block-kadence-advancedheading.kt-adv-heading1045_37d691-20[data-kb-block=\"kb-adv-heading1045_37d691-20\"] img.kb-inline-image{width:150px;vertical-align:baseline;}<\/style>\n<h3 class=\"kt-adv-heading1045_37d691-20 wp-block-kadence-advancedheading\" data-kb-block=\"kb-adv-heading1045_37d691-20\">\u00bfEn qu\u00e9 consiste exactamente?<\/h3>\n<\/div><\/div>\n\n\n<style>.kadence-column1045_62f25f-db > .kt-inside-inner-col{padding-top:0px;padding-bottom:0px;}.kadence-column1045_62f25f-db > .kt-inside-inner-col,.kadence-column1045_62f25f-db > .kt-inside-inner-col:before{border-top-left-radius:0px;border-top-right-radius:0px;border-bottom-right-radius:0px;border-bottom-left-radius:0px;}.kadence-column1045_62f25f-db > .kt-inside-inner-col{column-gap:var(--global-kb-gap-sm, 1rem);}.kadence-column1045_62f25f-db > .kt-inside-inner-col{flex-direction:column;}.kadence-column1045_62f25f-db > .kt-inside-inner-col > .aligncenter{width:100%;}.kadence-column1045_62f25f-db > .kt-inside-inner-col:before{opacity:0.3;}.kadence-column1045_62f25f-db{position:relative;}.kadence-column1045_62f25f-db, .kt-inside-inner-col > .kadence-column1045_62f25f-db:not(.specificity){margin-top:0px;margin-bottom:0px;}@media all and (max-width: 1024px){.kadence-column1045_62f25f-db > .kt-inside-inner-col{flex-direction:column;justify-content:center;}}@media all and (max-width: 767px){.kadence-column1045_62f25f-db > .kt-inside-inner-col{flex-direction:column;justify-content:center;}}<\/style>\n<div class=\"wp-block-kadence-column kadence-column1045_62f25f-db\"><div class=\"kt-inside-inner-col\"><style>.wp-block-kadence-spacer.kt-block-spacer-1045_280074-63 .kt-block-spacer{height:10px;}.wp-block-kadence-spacer.kt-block-spacer-1045_280074-63 .kt-divider{border-top-width:1px;height:1px;border-top-color:#535561;width:100%;border-top-style:solid;}<\/style>\n<div class=\"wp-block-kadence-spacer alignnone kt-block-spacer-1045_280074-63\"><div class=\"kt-block-spacer kt-block-spacer-halign-left\"><hr class=\"kt-divider\"\/><\/div><\/div>\n\n\n\n<p>Esta placa se acumula en la superficie de los dientes cuando no se mantiene una buena higiene bucal, las bacterias proliferan y comienza a generarse una peque\u00f1a p\u00e9rdida de esmalte, que puede pasar desapercibida, pero si no se trata, puede avanzar hacia las capas internas del diente, como la dentina y la pulpa dental o nervio, provocando dolor e infecci\u00f3n.<\/p>\n\n\n\n<p>El tratamiento de la caries depende de su gravedad. En las fases iniciales, se pueden eliminar los restos de placa y utilizar productos que refuercen el esmalte. En casos m\u00e1s avanzados, es necesario proceder a la restauraci\u00f3n del diente afectado con composite, que repara la zona da\u00f1ada. Si la caries ha llegado al nervio y ha provocado una infecci\u00f3n, puede ser necesario realizar un tratamiento de conductos o endodoncia.<\/p>\n\n\n\n<p>La prevenci\u00f3n es fundamental y pasa por mantener una buena higiene bucal, evitar alimentos ricos en az\u00facar y visitar regularmente al dentista.<\/p>\n\n\n\n<p>En la Cl\u00ednica Dental Ar\u00edzaga &amp; Ballestar damos mucha importancia a la prevenci\u00f3n, y por eso te ayudaremos a evitar que esto ocurra. En los casos en los que ya no sea posible prevenirlo, buscaremos la opci\u00f3n m\u00e1s conservadora y m\u00ednimamente invasiva para eliminar la caries y recuperar la estructura dental perdida.<\/p>\n\n\n\n<p>Las fracturas dentales son lesiones que afectan a la estructura de los dientes, ya sea la corona o la ra\u00edz. Estas fracturas pueden variar desde peque\u00f1as fisuras hasta fracturas completas que implican distintas capas del diente. Las causas m\u00e1s comunes de este tipo de lesiones incluyen traumatismos, como golpes durante la pr\u00e1ctica deportiva, ca\u00eddas o accidentes, as\u00ed como el uso excesivo o incorrecto de los dientes, como morderse las u\u00f1as o abrir envoltorios con los dientes. Tambi\u00e9n pueden ser consecuencia de caries avanzadas que debilitan la estructura dental. <strong>Cada vez m\u00e1s, debido al estr\u00e9s de la vida cotidiana, encontramos fracturas dentales ocasionadas por el microtraumatismo diario provocado por nuestros propios dientes.<\/strong><br><\/p>\n\n\n\n<p>El diagn\u00f3stico se realiza mediante una exploraci\u00f3n cl\u00ednica y radiol\u00f3gica para determinar el alcance de la lesi\u00f3n.<\/p>\n\n\n\n<p><strong>El tratamiento depende de la gravedad de la fractura. Puede incluir desde reconstrucciones con composite hasta la colocaci\u00f3n de coronas o carillas de cer\u00e1mica, o incluso la extracci\u00f3n del diente afectado en los casos m\u00e1s graves. La prevenci\u00f3n pasa por evitar h\u00e1bitos perjudiciales, utilizar protectores bucales en actividades deportivas y mantener una buena higiene bucal para evitar caries que puedan debilitar los dientes.<\/strong><\/p>\n<\/div><\/div>\n\n<\/div><\/div>\n\n<style>.kb-row-layout-wrap.wp-block-kadence-rowlayout.kb-row-layout-id34_94c75a-18{margin-top:0px;margin-bottom:0px;}.kb-row-layout-id34_94c75a-18 > .kt-row-column-wrap{align-content:start;}:where(.kb-row-layout-id34_94c75a-18 > .kt-row-column-wrap) > .wp-block-kadence-column{justify-content:start;}.kb-row-layout-id34_94c75a-18 > .kt-row-column-wrap{column-gap:var(--global-kb-gap-md, 2rem);row-gap:var(--global-kb-gap-md, 2rem);padding-top:95px;padding-bottom:150px;grid-template-columns:minmax(0, 1fr);}.kb-row-layout-id34_94c75a-18{background-color:#bbb5ac;}.kb-row-layout-id34_94c75a-18 > .kt-row-layout-overlay{opacity:0.30;}@media all and (max-width: 1024px){.kb-row-layout-id34_94c75a-18 > .kt-row-column-wrap{padding-top:68px;padding-bottom:120px;grid-template-columns:minmax(0, 1fr);}}@media all and (max-width: 767px){.kb-row-layout-wrap.wp-block-kadence-rowlayout.kb-row-layout-id34_94c75a-18{margin-top:63px;}.kb-row-layout-id34_94c75a-18 > .kt-row-column-wrap{padding-top:37px;padding-bottom:90px;grid-template-columns:minmax(0, 1fr);}}<\/style><div class=\"kb-row-layout-wrap kb-row-layout-id34_94c75a-18 alignfull kt-row-has-bg wp-block-kadence-rowlayout\"><div class=\"kt-row-column-wrap kt-has-1-columns kt-row-layout-equal kt-tab-layout-inherit kt-mobile-layout-row kt-row-valign-top\">\n<style>.kadence-column34_4519eb-08 > .kt-inside-inner-col{padding-top:0%;padding-right:20%;padding-bottom:0%;padding-left:20%;}.kadence-column34_4519eb-08 > .kt-inside-inner-col,.kadence-column34_4519eb-08 > .kt-inside-inner-col:before{border-top-left-radius:0px;border-top-right-radius:0px;border-bottom-right-radius:0px;border-bottom-left-radius:0px;}.kadence-column34_4519eb-08 > .kt-inside-inner-col{column-gap:var(--global-kb-gap-sm, 1rem);}.kadence-column34_4519eb-08 > .kt-inside-inner-col{flex-direction:column;}.kadence-column34_4519eb-08 > .kt-inside-inner-col > .aligncenter{width:100%;}.kadence-column34_4519eb-08 > .kt-inside-inner-col:before{opacity:0.3;}.kadence-column34_4519eb-08{position:relative;}.kadence-column34_4519eb-08, .kt-inside-inner-col > .kadence-column34_4519eb-08:not(.specificity){margin-top:0px;margin-bottom:0px;}@media all and (max-width: 1024px){.kadence-column34_4519eb-08 > .kt-inside-inner-col{padding-right:10%;padding-left:10%;flex-direction:column;justify-content:center;}}@media all and (max-width: 767px){.kadence-column34_4519eb-08 > .kt-inside-inner-col{padding-right:5%;padding-left:5%;flex-direction:column;justify-content:center;}}<\/style>\n<div class=\"wp-block-kadence-column kadence-column34_4519eb-08\"><div class=\"kt-inside-inner-col\">\n<p class=\"has-text-align-center h3 has-white-color has-text-color has-link-color wp-elements-a623d7e2bb5e15ec28f85742d0cf7108\">Pide tu cita y empezamos a cuidar de tu salud bucodental con atenci\u00f3n cercana y profesional.<\/p>\n\n\n\n<div class=\"wp-block-buttons is-content-justification-center is-layout-flex wp-container-core-buttons-is-layout-16018d1d wp-block-buttons-is-layout-flex\">\n<div class=\"wp-block-button\"><a class=\"wp-block-button__link has-white-color has-text-color has-background has-link-color has-custom-font-size wp-element-button\" href=\"https:\/\/arizagaballestar.com\/es\/contacto\/\" style=\"background-color:#375165;font-size:16px\">Cita Online<\/a><\/div>\n<\/div>\n<\/div><\/div>\n\n<\/div><\/div>","protected":false},"excerpt":{"rendered":"<p>Tratamiento de caries y fracturas dentales con t\u00e9cnicas conservadoras para preservar dientes y evitar complicaciones con un enfoque preventivo.<\/p>\n","protected":false},"author":2,"featured_media":134,"parent":0,"menu_order":0,"comment_status":"closed","ping_status":"closed","template":"templates\/template-builder.php","meta":{"inline_featured_image":false,"_kad_blocks_custom_css":"","_kad_blocks_head_custom_js":"","_kad_blocks_body_custom_js":"","_kad_blocks_footer_custom_js":"","footnotes":""},"class_list":["post-1045","page","type-page","status-publish","has-post-thumbnail","hentry","post","with-featured-image"],"taxonomy_info":[],"featured_image_src_large":["https:\/\/arizagaballestar.com\/wp-content\/uploads\/2025\/05\/caries.webp",905,680,false],"author_info":{"display_name":"Ideamatic","author_link":"https:\/\/arizagaballestar.com\/es\/author\/ideadmin\/"},"comment_info":0,"_links":{"self":[{"href":"https:\/\/arizagaballestar.com\/es\/wp-json\/wp\/v2\/pages\/1045","targetHints":{"allow":["GET"]}}],"collection":[{"href":"https:\/\/arizagaballestar.com\/es\/wp-json\/wp\/v2\/pages"}],"about":[{"href":"https:\/\/arizagaballestar.com\/es\/wp-json\/wp\/v2\/types\/page"}],"author":[{"embeddable":true,"href":"https:\/\/arizagaballestar.com\/es\/wp-json\/wp\/v2\/users\/2"}],"replies":[{"embeddable":true,"href":"https:\/\/arizagaballestar.com\/es\/wp-json\/wp\/v2\/comments?post=1045"}],"version-history":[{"count":3,"href":"https:\/\/arizagaballestar.com\/es\/wp-json\/wp\/v2\/pages\/1045\/revisions"}],"predecessor-version":[{"id":1155,"href":"https:\/\/arizagaballestar.com\/es\/wp-json\/wp\/v2\/pages\/1045\/revisions\/1155"}],"wp:featuredmedia":[{"embeddable":true,"href":"https:\/\/arizagaballestar.com\/es\/wp-json\/wp\/v2\/media\/134"}],"wp:attachment":[{"href":"https:\/\/arizagaballestar.com\/es\/wp-json\/wp\/v2\/media?parent=1045"}],"curies":[{"name":"wp","href":"https:\/\/api.w.org\/{rel}","templated":true}]}}