{"id":1042,"date":"2025-05-17T17:51:07","date_gmt":"2025-05-17T15:51:07","guid":{"rendered":"https:\/\/arizagaballestar.com\/posturologia\/"},"modified":"2025-06-02T20:30:22","modified_gmt":"2025-06-02T18:30:22","slug":"tratamiento-posturologia-dental","status":"publish","type":"page","link":"https:\/\/arizagaballestar.com\/es\/tratamiento-posturologia-dental\/","title":{"rendered":"Posturolog\u00eda"},"content":{"rendered":"<style>.kb-row-layout-wrap.wp-block-kadence-rowlayout.kb-row-layout-id1042_015c2d-e7{margin-top:137px;margin-bottom:78px;}.kb-row-layout-id1042_015c2d-e7 > .kt-row-column-wrap{align-content:start;}:where(.kb-row-layout-id1042_015c2d-e7 > .kt-row-column-wrap) > .wp-block-kadence-column{justify-content:start;}.kb-row-layout-id1042_015c2d-e7 > .kt-row-column-wrap{row-gap:30px;padding-top:0px;padding-bottom:0px;grid-template-columns:minmax(0, 1fr);}.kb-row-layout-id1042_015c2d-e7 > .kt-row-layout-overlay{opacity:0.30;}@media all and (max-width: 1024px){.kb-row-layout-wrap.wp-block-kadence-rowlayout.kb-row-layout-id1042_015c2d-e7{margin-top:84px;margin-bottom:58px;}}@media all and (max-width: 1024px){.kb-row-layout-id1042_015c2d-e7 > .kt-row-column-wrap{grid-template-columns:minmax(0, 1fr);}}@media all and (max-width: 767px){.kb-row-layout-wrap.wp-block-kadence-rowlayout.kb-row-layout-id1042_015c2d-e7{margin-top:87px;margin-bottom:41px;}.kb-row-layout-id1042_015c2d-e7 > .kt-row-column-wrap{row-gap:30px;grid-template-columns:minmax(0, 1fr);}}<\/style><div class=\"kb-row-layout-wrap kb-row-layout-id1042_015c2d-e7 alignnone fila--header--interiors fila--tractament wp-block-kadence-rowlayout\"><div class=\"kt-row-column-wrap kt-has-2-columns kt-row-layout-row kt-tab-layout-inherit kt-mobile-layout-row kt-row-valign-top\">\n<style>.kadence-column1042_550783-90 > .kt-inside-inner-col{padding-top:0px;padding-bottom:0px;}.kadence-column1042_550783-90 > .kt-inside-inner-col,.kadence-column1042_550783-90 > .kt-inside-inner-col:before{border-top-left-radius:0px;border-top-right-radius:0px;border-bottom-right-radius:0px;border-bottom-left-radius:0px;}.kadence-column1042_550783-90 > .kt-inside-inner-col{column-gap:var(--global-kb-gap-sm, 1rem);}.kadence-column1042_550783-90 > .kt-inside-inner-col{flex-direction:column;}.kadence-column1042_550783-90 > .kt-inside-inner-col > .aligncenter{width:100%;}.kadence-column1042_550783-90 > .kt-inside-inner-col:before{opacity:0.3;}.kadence-column1042_550783-90{position:relative;}.kadence-column1042_550783-90, .kt-inside-inner-col > .kadence-column1042_550783-90:not(.specificity){margin-top:0px;margin-bottom:0px;}@media all and (max-width: 1024px){.kadence-column1042_550783-90 > .kt-inside-inner-col{flex-direction:column;justify-content:center;}}@media all and (max-width: 767px){.kadence-column1042_550783-90 > .kt-inside-inner-col{flex-direction:column;justify-content:center;}}<\/style>\n<div class=\"wp-block-kadence-column kadence-column1042_550783-90\"><div class=\"kt-inside-inner-col\">\n<div class=\"wp-block-buttons breadcrumbs is-layout-flex wp-block-buttons-is-layout-flex\">\n<div class=\"wp-block-button is-style-fill\"><a class=\"wp-block-button__link has-text-color has-background has-link-color has-custom-font-size wp-element-button\" href=\"https:\/\/arizagaballestar.com\/es\/tratamientos-dentales-mataro\/\" style=\"color:#535561;background-color:#ffffff00;font-size:16px\">Volver a Tratamientos<\/a><\/div>\n<\/div>\n\n\n<h1 class=\"h1--plus wp-block-post-title\">Posturolog\u00eda<\/h1><\/div><\/div>\n\n\n<style>.kadence-column1042_c7b932-bb > .kt-inside-inner-col{padding-top:0px;padding-bottom:0px;}.kadence-column1042_c7b932-bb > .kt-inside-inner-col,.kadence-column1042_c7b932-bb > .kt-inside-inner-col:before{border-top-left-radius:0px;border-top-right-radius:0px;border-bottom-right-radius:0px;border-bottom-left-radius:0px;}.kadence-column1042_c7b932-bb > .kt-inside-inner-col{column-gap:var(--global-kb-gap-sm, 1rem);}.kadence-column1042_c7b932-bb > .kt-inside-inner-col{flex-direction:column;}.kadence-column1042_c7b932-bb > .kt-inside-inner-col > .aligncenter{width:100%;}.kadence-column1042_c7b932-bb > .kt-inside-inner-col:before{opacity:0.3;}.kadence-column1042_c7b932-bb{position:relative;}.kadence-column1042_c7b932-bb, .kt-inside-inner-col > .kadence-column1042_c7b932-bb:not(.specificity){margin-top:0px;margin-bottom:0px;}@media all and (max-width: 1024px){.kadence-column1042_c7b932-bb > .kt-inside-inner-col{flex-direction:column;justify-content:center;}}@media all and (max-width: 767px){.kadence-column1042_c7b932-bb > .kt-inside-inner-col{flex-direction:column;justify-content:center;}}<\/style>\n<div class=\"wp-block-kadence-column kadence-column1042_c7b932-bb\"><div class=\"kt-inside-inner-col\"><style>.wp-block-kadence-advancedheading.kt-adv-heading1042_3ae345-42, .wp-block-kadence-advancedheading.kt-adv-heading1042_3ae345-42[data-kb-block=\"kb-adv-heading1042_3ae345-42\"]{font-style:normal;}.wp-block-kadence-advancedheading.kt-adv-heading1042_3ae345-42 mark.kt-highlight, .wp-block-kadence-advancedheading.kt-adv-heading1042_3ae345-42[data-kb-block=\"kb-adv-heading1042_3ae345-42\"] mark.kt-highlight{font-style:normal;color:#f76a0c;-webkit-box-decoration-break:clone;box-decoration-break:clone;padding-top:0px;padding-right:0px;padding-bottom:0px;padding-left:0px;}.wp-block-kadence-advancedheading.kt-adv-heading1042_3ae345-42 img.kb-inline-image, .wp-block-kadence-advancedheading.kt-adv-heading1042_3ae345-42[data-kb-block=\"kb-adv-heading1042_3ae345-42\"] img.kb-inline-image{width:150px;vertical-align:baseline;}<\/style>\n<h2 class=\"kt-adv-heading1042_3ae345-42 h3 wp-block-kadence-advancedheading\" data-kb-block=\"kb-adv-heading1042_3ae345-42\">Tratamiento de posturolog\u00eda dental para detectar y corregir desequilibrios posturales relacionados con la boca, mejorando salud global y calidad de vida.<\/h2>\n<\/div><\/div>\n\n<\/div><\/div>\n\n<style>.kb-row-layout-wrap.wp-block-kadence-rowlayout.kb-row-layout-id1042_a02518-41{margin-top:0px;margin-bottom:150px;}.kb-row-layout-id1042_a02518-41 > .kt-row-column-wrap{align-content:start;}:where(.kb-row-layout-id1042_a02518-41 > .kt-row-column-wrap) > .wp-block-kadence-column{justify-content:start;}.kb-row-layout-id1042_a02518-41 > .kt-row-column-wrap{column-gap:90px;row-gap:var(--global-kb-gap-md, 2rem);padding-top:0px;padding-bottom:0px;grid-template-columns:repeat(2, minmax(0, 1fr));}.kb-row-layout-id1042_a02518-41 > .kt-row-layout-overlay{opacity:0.30;}@media all and (max-width: 1024px){.kb-row-layout-wrap.wp-block-kadence-rowlayout.kb-row-layout-id1042_a02518-41{margin-bottom:65px;}}@media all and (max-width: 1024px){.kb-row-layout-id1042_a02518-41 > .kt-row-column-wrap{column-gap:60px;grid-template-columns:repeat(2, minmax(0, 1fr));}}@media all and (max-width: 767px){.kb-row-layout-wrap.wp-block-kadence-rowlayout.kb-row-layout-id1042_a02518-41{margin-bottom:40px;}.kb-row-layout-id1042_a02518-41 > .kt-row-column-wrap{row-gap:60px;grid-template-columns:minmax(0, 1fr);}}<\/style><div class=\"kb-row-layout-wrap kb-row-layout-id1042_a02518-41 alignnone fila--entradeta--foto fila--tractament wp-block-kadence-rowlayout\"><div class=\"kt-row-column-wrap kt-has-2-columns kt-row-layout-equal kt-tab-layout-inherit kt-mobile-layout-row kt-row-valign-top\">\n<style>.kadence-column1042_c0de36-82 > .kt-inside-inner-col{padding-top:0px;padding-bottom:0px;}.kadence-column1042_c0de36-82 > .kt-inside-inner-col,.kadence-column1042_c0de36-82 > .kt-inside-inner-col:before{border-top-left-radius:0px;border-top-right-radius:0px;border-bottom-right-radius:0px;border-bottom-left-radius:0px;}.kadence-column1042_c0de36-82 > .kt-inside-inner-col{column-gap:var(--global-kb-gap-sm, 1rem);}.kadence-column1042_c0de36-82 > .kt-inside-inner-col{flex-direction:column;}.kadence-column1042_c0de36-82 > .kt-inside-inner-col > .aligncenter{width:100%;}.kadence-column1042_c0de36-82 > .kt-inside-inner-col:before{opacity:0.3;}.kadence-column1042_c0de36-82{position:relative;}.kadence-column1042_c0de36-82, .kt-inside-inner-col > .kadence-column1042_c0de36-82:not(.specificity){margin-top:0px;margin-bottom:0px;}@media all and (max-width: 1024px){.kadence-column1042_c0de36-82 > .kt-inside-inner-col{flex-direction:column;justify-content:center;}}@media all and (max-width: 767px){.kadence-column1042_c0de36-82 > .kt-inside-inner-col{flex-direction:column;justify-content:center;}}<\/style>\n<div class=\"wp-block-kadence-column kadence-column1042_c0de36-82\"><div class=\"kt-inside-inner-col\"><style>.wp-block-kadence-spacer.kt-block-spacer-1042_555fc1-ea .kt-block-spacer{height:10px;}.wp-block-kadence-spacer.kt-block-spacer-1042_555fc1-ea .kt-divider{border-top-width:1px;height:1px;border-top-color:#535561;width:100%;border-top-style:solid;}<\/style>\n<div class=\"wp-block-kadence-spacer alignnone kt-block-spacer-1042_555fc1-ea\"><div class=\"kt-block-spacer kt-block-spacer-halign-left\"><hr class=\"kt-divider\"\/><\/div><\/div>\n\n\n\n<p>La posturolog\u00eda es una rama de la ciencia que se ocupa del estudio de la postura y de c\u00f3mo esta afecta a la salud y al bienestar de las personas.<\/p>\n\n\n<style>.wp-block-kadence-spacer.kt-block-spacer-1042_6249e9-c3 .kt-block-spacer{height:6px;}.wp-block-kadence-spacer.kt-block-spacer-1042_6249e9-c3 .kt-divider{border-top-width:1px;height:1px;border-top-color:#eee;width:80%;border-top-style:solid;}<\/style>\n<div class=\"wp-block-kadence-spacer aligncenter kt-block-spacer-1042_6249e9-c3 kvs-md-false kvs-sm-false\"><div class=\"kt-block-spacer kt-block-spacer-halign-center\"><\/div><\/div>\n\n\n\n<div class=\"wp-block-buttons is-layout-flex wp-block-buttons-is-layout-flex\">\n<div class=\"wp-block-button\"><a class=\"wp-block-button__link has-custom-font-size wp-element-button\" href=\"https:\/\/arizagaballestar.com\/es\/contacto\/\" style=\"font-size:16px\">Cita Online<\/a><\/div>\n<\/div>\n<\/div><\/div>\n\n\n<style>.kadence-column1042_642800-68 > .kt-inside-inner-col,.kadence-column1042_642800-68 > .kt-inside-inner-col:before{border-top-left-radius:0px;border-top-right-radius:0px;border-bottom-right-radius:0px;border-bottom-left-radius:0px;}.kadence-column1042_642800-68 > .kt-inside-inner-col{column-gap:var(--global-kb-gap-sm, 1rem);}.kadence-column1042_642800-68 > .kt-inside-inner-col{flex-direction:column;}.kadence-column1042_642800-68 > .kt-inside-inner-col > .aligncenter{width:100%;}.kadence-column1042_642800-68 > .kt-inside-inner-col:before{opacity:0.3;}.kadence-column1042_642800-68{position:relative;}@media all and (max-width: 1024px){.kadence-column1042_642800-68 > .kt-inside-inner-col{flex-direction:column;justify-content:center;}}@media all and (max-width: 767px){.kadence-column1042_642800-68 > .kt-inside-inner-col{flex-direction:column;justify-content:center;}}<\/style>\n<div class=\"wp-block-kadence-column kadence-column1042_642800-68\"><div class=\"kt-inside-inner-col\"><style>.kb-image1042_ae2834-39 .kb-image-has-overlay:after{opacity:0.3;border-top-left-radius:90px;border-top-right-radius:90px;border-bottom-right-radius:90px;border-bottom-left-radius:90px;}.kb-image1042_ae2834-39 img.kb-img, .kb-image1042_ae2834-39 .kb-img img{border-top-left-radius:90px;border-top-right-radius:90px;border-bottom-right-radius:90px;border-bottom-left-radius:90px;}@media all and (max-width: 1024px){.kb-image1042_ae2834-39 .kb-image-has-overlay:after{border-top-left-radius:45px;border-top-right-radius:45px;border-bottom-right-radius:45px;border-bottom-left-radius:45px;}}@media all and (max-width: 1024px){.kb-image1042_ae2834-39 img.kb-img, .kb-image1042_ae2834-39 .kb-img img{border-top-left-radius:45px;border-top-right-radius:45px;border-bottom-right-radius:45px;border-bottom-left-radius:45px;}}@media all and (max-width: 767px){.kb-image1042_ae2834-39 .kb-image-has-overlay:after{border-top-left-radius:45px;border-top-right-radius:45px;border-bottom-right-radius:45px;border-bottom-left-radius:45px;}.kb-image1042_ae2834-39 img.kb-img, .kb-image1042_ae2834-39 .kb-img img{border-top-left-radius:45px;border-top-right-radius:45px;border-bottom-right-radius:45px;border-bottom-left-radius:45px;}}<\/style>\n<figure class=\"wp-block-kadence-image kb-image1042_ae2834-39 size-full kb-image-is-ratio-size\"><div class=\"kb-is-ratio-image kb-image-ratio-land43\"><img loading=\"lazy\" decoding=\"async\" width=\"2049\" height=\"1539\" src=\"https:\/\/arizagaballestar.com\/wp-content\/uploads\/2025\/05\/posturologia.webp\" alt=\"Posturologia\" class=\"kb-img wp-image-84\" srcset=\"https:\/\/arizagaballestar.com\/wp-content\/uploads\/2025\/05\/posturologia.webp 2049w, https:\/\/arizagaballestar.com\/wp-content\/uploads\/2025\/05\/posturologia-1200x901.webp 1200w, https:\/\/arizagaballestar.com\/wp-content\/uploads\/2025\/05\/posturologia-1400x1052.webp 1400w, https:\/\/arizagaballestar.com\/wp-content\/uploads\/2025\/05\/posturologia-300x225.webp 300w\" sizes=\"auto, (max-width: 2049px) 100vw, 2049px\" \/><\/div><\/figure>\n<\/div><\/div>\n\n<\/div><\/div>\n\n<style>.kb-row-layout-wrap.wp-block-kadence-rowlayout.kb-row-layout-id1042_6c4add-55{margin-top:0px;margin-bottom:120px;}.kb-row-layout-id1042_6c4add-55 > .kt-row-column-wrap{align-content:start;}:where(.kb-row-layout-id1042_6c4add-55 > .kt-row-column-wrap) > .wp-block-kadence-column{justify-content:start;}.kb-row-layout-id1042_6c4add-55 > .kt-row-column-wrap{column-gap:90px;row-gap:var(--global-kb-gap-md, 2rem);padding-top:0px;padding-bottom:0px;grid-template-columns:repeat(2, minmax(0, 1fr));}.kb-row-layout-id1042_6c4add-55 > .kt-row-layout-overlay{opacity:0.30;}@media all and (max-width: 1024px){.kb-row-layout-wrap.wp-block-kadence-rowlayout.kb-row-layout-id1042_6c4add-55{margin-bottom:62px;}}@media all and (max-width: 1024px){.kb-row-layout-id1042_6c4add-55 > .kt-row-column-wrap{column-gap:60px;grid-template-columns:repeat(2, minmax(0, 1fr));}}@media all and (max-width: 767px){.kb-row-layout-wrap.wp-block-kadence-rowlayout.kb-row-layout-id1042_6c4add-55{margin-bottom:10px;}.kb-row-layout-id1042_6c4add-55 > .kt-row-column-wrap{row-gap:0px;grid-template-columns:minmax(0, 1fr);}}<\/style><div class=\"kb-row-layout-wrap kb-row-layout-id1042_6c4add-55 alignnone fila--tractament wp-block-kadence-rowlayout\"><div class=\"kt-row-column-wrap kt-has-2-columns kt-row-layout-equal kt-tab-layout-inherit kt-mobile-layout-row kt-row-valign-top\">\n<style>#wrapper.site{overflow:clip;}.kadence-column1042_0db7cb-59{--kb-section-setting-offset:137px;}.kadence-column1042_0db7cb-59 > .kt-inside-inner-col{padding-top:0px;padding-bottom:0px;}.kadence-column1042_0db7cb-59 > .kt-inside-inner-col,.kadence-column1042_0db7cb-59 > .kt-inside-inner-col:before{border-top-left-radius:0px;border-top-right-radius:0px;border-bottom-right-radius:0px;border-bottom-left-radius:0px;}.kadence-column1042_0db7cb-59 > .kt-inside-inner-col{column-gap:var(--global-kb-gap-sm, 1rem);}.kadence-column1042_0db7cb-59 > .kt-inside-inner-col{flex-direction:column;}.kadence-column1042_0db7cb-59 > .kt-inside-inner-col > .aligncenter{width:100%;}.kadence-column1042_0db7cb-59 > .kt-inside-inner-col:before{opacity:0.3;}.kadence-column1042_0db7cb-59{position:relative;}.kadence-column1042_0db7cb-59, .kt-inside-inner-col > .kadence-column1042_0db7cb-59:not(.specificity){margin-top:0px;margin-bottom:0px;}@media all and (max-width: 1024px){.kadence-column1042_0db7cb-59{--kb-section-setting-offset:1px;}}@media all and (max-width: 1024px){.kadence-column1042_0db7cb-59 > .kt-inside-inner-col{flex-direction:column;justify-content:center;}}@media all and (max-width: 767px){.kadence-column1042_0db7cb-59 > .kt-inside-inner-col{flex-direction:column;justify-content:center;}}<\/style>\n<div class=\"wp-block-kadence-column kadence-column1042_0db7cb-59 kb-section-is-sticky columna--titol\"><div class=\"kt-inside-inner-col\"><style>.wp-block-kadence-advancedheading.kt-adv-heading1042_3f0703-4b, .wp-block-kadence-advancedheading.kt-adv-heading1042_3f0703-4b[data-kb-block=\"kb-adv-heading1042_3f0703-4b\"]{font-style:normal;}.wp-block-kadence-advancedheading.kt-adv-heading1042_3f0703-4b mark.kt-highlight, .wp-block-kadence-advancedheading.kt-adv-heading1042_3f0703-4b[data-kb-block=\"kb-adv-heading1042_3f0703-4b\"] mark.kt-highlight{font-style:normal;color:#f76a0c;-webkit-box-decoration-break:clone;box-decoration-break:clone;padding-top:0px;padding-right:0px;padding-bottom:0px;padding-left:0px;}.wp-block-kadence-advancedheading.kt-adv-heading1042_3f0703-4b img.kb-inline-image, .wp-block-kadence-advancedheading.kt-adv-heading1042_3f0703-4b[data-kb-block=\"kb-adv-heading1042_3f0703-4b\"] img.kb-inline-image{width:150px;vertical-align:baseline;}<\/style>\n<h3 class=\"kt-adv-heading1042_3f0703-4b wp-block-kadence-advancedheading\" data-kb-block=\"kb-adv-heading1042_3f0703-4b\">\u00bfEn qu\u00e9 consiste exactamente?<\/h3>\n<\/div><\/div>\n\n\n<style>.kadence-column1042_673b96-b5 > .kt-inside-inner-col{padding-top:0px;padding-bottom:0px;}.kadence-column1042_673b96-b5 > .kt-inside-inner-col,.kadence-column1042_673b96-b5 > .kt-inside-inner-col:before{border-top-left-radius:0px;border-top-right-radius:0px;border-bottom-right-radius:0px;border-bottom-left-radius:0px;}.kadence-column1042_673b96-b5 > .kt-inside-inner-col{column-gap:var(--global-kb-gap-sm, 1rem);}.kadence-column1042_673b96-b5 > .kt-inside-inner-col{flex-direction:column;}.kadence-column1042_673b96-b5 > .kt-inside-inner-col > .aligncenter{width:100%;}.kadence-column1042_673b96-b5 > .kt-inside-inner-col:before{opacity:0.3;}.kadence-column1042_673b96-b5{position:relative;}.kadence-column1042_673b96-b5, .kt-inside-inner-col > .kadence-column1042_673b96-b5:not(.specificity){margin-top:0px;margin-bottom:0px;}@media all and (max-width: 1024px){.kadence-column1042_673b96-b5 > .kt-inside-inner-col{flex-direction:column;justify-content:center;}}@media all and (max-width: 767px){.kadence-column1042_673b96-b5 > .kt-inside-inner-col{flex-direction:column;justify-content:center;}}<\/style>\n<div class=\"wp-block-kadence-column kadence-column1042_673b96-b5\"><div class=\"kt-inside-inner-col\"><style>.wp-block-kadence-spacer.kt-block-spacer-1042_8d87d4-38 .kt-block-spacer{height:10px;}.wp-block-kadence-spacer.kt-block-spacer-1042_8d87d4-38 .kt-divider{border-top-width:1px;height:1px;border-top-color:#535561;width:100%;border-top-style:solid;}<\/style>\n<div class=\"wp-block-kadence-spacer alignnone kt-block-spacer-1042_8d87d4-38\"><div class=\"kt-block-spacer kt-block-spacer-halign-left\"><hr class=\"kt-divider\"\/><\/div><\/div>\n\n\n\n<p>La posturolog\u00eda se basa en el an\u00e1lisis de c\u00f3mo el cuerpo mantiene el equilibrio y la alineaci\u00f3n en diferentes posiciones, as\u00ed como en la detecci\u00f3n de desequilibrios que pueden dar lugar a problemas de dolor o alteraciones funcionales, como por ejemplo:<\/p>\n\n\n\n<ul class=\"wp-block-list\">\n<li>migra\u00f1as o cefaleas<\/li>\n\n\n\n<li>dolores musculares o articulares<\/li>\n\n\n\n<li>inestabilidad, v\u00e9rtigo<\/li>\n\n\n\n<li>problemas de aprendizaje<\/li>\n\n\n\n<li>ac\u00fafenos, etc.<\/li>\n<\/ul>\n\n\n\n<p>La posturolog\u00eda considera que la postura no es solo una cuesti\u00f3n del aspecto visual o de la posici\u00f3n del cuerpo en un momento concreto, sino que est\u00e1 determinada por los receptores posturales como la vista, la piel, los pies, el sistema vestibular y tambi\u00e9n influenciada por m\u00faltiples factores, como pueden ser la boca e incluso el estado emocional y la respiraci\u00f3n.<\/p>\n\n\n\n<p>Los receptores posturales son estructuras sensoriales que detectan cambios en la posici\u00f3n y el movimiento del cuerpo, ayudando a mantener el equilibrio y la postura adecuada. Son una parte esencial del sistema sensorial que proporciona informaci\u00f3n al cerebro sobre la posici\u00f3n del cuerpo en el espacio y el movimiento, permitiendo as\u00ed ajustar la postura y coordinar los movimientos de forma precisa.<\/p>\n\n\n\n<p>Por lo tanto, ser\u00e1 importante determinar la(s) causa(s) del problema o desequilibrio, mediante lo que llamamos las pruebas posturales. A partir de ah\u00ed, se dise\u00f1ar\u00e1 un plan de tratamiento individualizado que puede incluir visitas de osteopat\u00eda, optometr\u00eda, podolog\u00eda, logopedia, odontolog\u00eda\u2026<\/p>\n\n\n\n<p>Es importante destacar que la posturolog\u00eda no sustituye otras especialidades m\u00e9dicas, sino que las complementa y contribuye a su interrelaci\u00f3n para lograr una mejor calidad de vida para el paciente.<\/p>\n\n\n\n<p>La relaci\u00f3n entre la posturolog\u00eda y la boca es esencial para comprender c\u00f3mo la salud bucal puede influir en el estado postural general y viceversa. La boca y su estructura, como la oclusi\u00f3n (la forma en que encajan los dientes), tienen un papel fundamental en el equilibrio corporal. Incluso tratamientos de ortodoncia, ausencias dentales, tratamientos antiguos, malposiciones linguales o la respiraci\u00f3n oral pueden influir en el sistema postural del paciente.<\/p>\n\n\n\n<p>La odontolog\u00eda postural busca qu\u00e9 problemas dentales o relacionados con las estructuras orofaciales pueden estar influyendo negativamente en el sistema postural del paciente.<\/p>\n\n\n\n<p>La odontolog\u00eda propioceptiva es una rama especializada que combina los conocimientos de la odontolog\u00eda con la teor\u00eda de la propiocepci\u00f3n, es decir, la capacidad de nuestro cuerpo para percibir la posici\u00f3n y el movimiento de sus partes sin necesidad de verlas. Esta disciplina se centra en el estudio y la mejora de la funci\u00f3n neuromuscular de la boca, la mand\u00edbula, los m\u00fasculos y las estructuras orales en general.<\/p>\n<\/div><\/div>\n\n<\/div><\/div>\n\n<style>.kb-row-layout-wrap.wp-block-kadence-rowlayout.kb-row-layout-id34_94c75a-18{margin-top:0px;margin-bottom:0px;}.kb-row-layout-id34_94c75a-18 > .kt-row-column-wrap{align-content:start;}:where(.kb-row-layout-id34_94c75a-18 > .kt-row-column-wrap) > .wp-block-kadence-column{justify-content:start;}.kb-row-layout-id34_94c75a-18 > .kt-row-column-wrap{column-gap:var(--global-kb-gap-md, 2rem);row-gap:var(--global-kb-gap-md, 2rem);padding-top:95px;padding-bottom:150px;grid-template-columns:minmax(0, 1fr);}.kb-row-layout-id34_94c75a-18{background-color:#bbb5ac;}.kb-row-layout-id34_94c75a-18 > .kt-row-layout-overlay{opacity:0.30;}@media all and (max-width: 1024px){.kb-row-layout-id34_94c75a-18 > .kt-row-column-wrap{padding-top:68px;padding-bottom:120px;grid-template-columns:minmax(0, 1fr);}}@media all and (max-width: 767px){.kb-row-layout-wrap.wp-block-kadence-rowlayout.kb-row-layout-id34_94c75a-18{margin-top:63px;}.kb-row-layout-id34_94c75a-18 > .kt-row-column-wrap{padding-top:37px;padding-bottom:90px;grid-template-columns:minmax(0, 1fr);}}<\/style><div class=\"kb-row-layout-wrap kb-row-layout-id34_94c75a-18 alignfull kt-row-has-bg wp-block-kadence-rowlayout\"><div class=\"kt-row-column-wrap kt-has-1-columns kt-row-layout-equal kt-tab-layout-inherit kt-mobile-layout-row kt-row-valign-top\">\n<style>.kadence-column34_4519eb-08 > .kt-inside-inner-col{padding-top:0%;padding-right:20%;padding-bottom:0%;padding-left:20%;}.kadence-column34_4519eb-08 > .kt-inside-inner-col,.kadence-column34_4519eb-08 > .kt-inside-inner-col:before{border-top-left-radius:0px;border-top-right-radius:0px;border-bottom-right-radius:0px;border-bottom-left-radius:0px;}.kadence-column34_4519eb-08 > .kt-inside-inner-col{column-gap:var(--global-kb-gap-sm, 1rem);}.kadence-column34_4519eb-08 > .kt-inside-inner-col{flex-direction:column;}.kadence-column34_4519eb-08 > .kt-inside-inner-col > .aligncenter{width:100%;}.kadence-column34_4519eb-08 > .kt-inside-inner-col:before{opacity:0.3;}.kadence-column34_4519eb-08{position:relative;}.kadence-column34_4519eb-08, .kt-inside-inner-col > .kadence-column34_4519eb-08:not(.specificity){margin-top:0px;margin-bottom:0px;}@media all and (max-width: 1024px){.kadence-column34_4519eb-08 > .kt-inside-inner-col{padding-right:10%;padding-left:10%;flex-direction:column;justify-content:center;}}@media all and (max-width: 767px){.kadence-column34_4519eb-08 > .kt-inside-inner-col{padding-right:5%;padding-left:5%;flex-direction:column;justify-content:center;}}<\/style>\n<div class=\"wp-block-kadence-column kadence-column34_4519eb-08\"><div class=\"kt-inside-inner-col\">\n<p class=\"has-text-align-center h3 has-white-color has-text-color has-link-color wp-elements-a623d7e2bb5e15ec28f85742d0cf7108\">Pide tu cita y empezamos a cuidar de tu salud bucodental con atenci\u00f3n cercana y profesional.<\/p>\n\n\n\n<div class=\"wp-block-buttons is-content-justification-center is-layout-flex wp-container-core-buttons-is-layout-16018d1d wp-block-buttons-is-layout-flex\">\n<div class=\"wp-block-button\"><a class=\"wp-block-button__link has-white-color has-text-color has-background has-link-color has-custom-font-size wp-element-button\" href=\"https:\/\/arizagaballestar.com\/es\/contacto\/\" style=\"background-color:#375165;font-size:16px\">Cita Online<\/a><\/div>\n<\/div>\n<\/div><\/div>\n\n<\/div><\/div>","protected":false},"excerpt":{"rendered":"<p>Tratamiento de posturolog\u00eda dental para detectar y corregir desequilibrios posturales relacionados con la boca, mejorando salud global y calidad de vida.<\/p>\n","protected":false},"author":2,"featured_media":125,"parent":0,"menu_order":0,"comment_status":"closed","ping_status":"closed","template":"templates\/template-builder.php","meta":{"inline_featured_image":false,"_kad_blocks_custom_css":"","_kad_blocks_head_custom_js":"","_kad_blocks_body_custom_js":"","_kad_blocks_footer_custom_js":"","footnotes":""},"class_list":["post-1042","page","type-page","status-publish","has-post-thumbnail","hentry","post","with-featured-image"],"taxonomy_info":[],"featured_image_src_large":["https:\/\/arizagaballestar.com\/wp-content\/uploads\/2025\/05\/posturologia.webp",905,680,false],"author_info":{"display_name":"Ideamatic","author_link":"https:\/\/arizagaballestar.com\/es\/author\/ideadmin\/"},"comment_info":0,"_links":{"self":[{"href":"https:\/\/arizagaballestar.com\/es\/wp-json\/wp\/v2\/pages\/1042","targetHints":{"allow":["GET"]}}],"collection":[{"href":"https:\/\/arizagaballestar.com\/es\/wp-json\/wp\/v2\/pages"}],"about":[{"href":"https:\/\/arizagaballestar.com\/es\/wp-json\/wp\/v2\/types\/page"}],"author":[{"embeddable":true,"href":"https:\/\/arizagaballestar.com\/es\/wp-json\/wp\/v2\/users\/2"}],"replies":[{"embeddable":true,"href":"https:\/\/arizagaballestar.com\/es\/wp-json\/wp\/v2\/comments?post=1042"}],"version-history":[{"count":2,"href":"https:\/\/arizagaballestar.com\/es\/wp-json\/wp\/v2\/pages\/1042\/revisions"}],"predecessor-version":[{"id":1179,"href":"https:\/\/arizagaballestar.com\/es\/wp-json\/wp\/v2\/pages\/1042\/revisions\/1179"}],"wp:featuredmedia":[{"embeddable":true,"href":"https:\/\/arizagaballestar.com\/es\/wp-json\/wp\/v2\/media\/125"}],"wp:attachment":[{"href":"https:\/\/arizagaballestar.com\/es\/wp-json\/wp\/v2\/media?parent=1042"}],"curies":[{"name":"wp","href":"https:\/\/api.w.org\/{rel}","templated":true}]}}