{"id":1038,"date":"2025-05-17T17:47:32","date_gmt":"2025-05-17T15:47:32","guid":{"rendered":"https:\/\/arizagaballestar.com\/periodoncia\/"},"modified":"2025-06-02T20:05:30","modified_gmt":"2025-06-02T18:05:30","slug":"tratamiento-periodoncia","status":"publish","type":"page","link":"https:\/\/arizagaballestar.com\/es\/tratamiento-periodoncia\/","title":{"rendered":"Periodoncia"},"content":{"rendered":"<style>.kb-row-layout-wrap.wp-block-kadence-rowlayout.kb-row-layout-id1038_86ad84-1b{margin-top:137px;margin-bottom:78px;}.kb-row-layout-id1038_86ad84-1b > .kt-row-column-wrap{align-content:start;}:where(.kb-row-layout-id1038_86ad84-1b > .kt-row-column-wrap) > .wp-block-kadence-column{justify-content:start;}.kb-row-layout-id1038_86ad84-1b > .kt-row-column-wrap{row-gap:30px;padding-top:0px;padding-bottom:0px;grid-template-columns:minmax(0, 1fr);}.kb-row-layout-id1038_86ad84-1b > .kt-row-layout-overlay{opacity:0.30;}@media all and (max-width: 1024px){.kb-row-layout-wrap.wp-block-kadence-rowlayout.kb-row-layout-id1038_86ad84-1b{margin-top:84px;margin-bottom:58px;}}@media all and (max-width: 1024px){.kb-row-layout-id1038_86ad84-1b > .kt-row-column-wrap{grid-template-columns:minmax(0, 1fr);}}@media all and (max-width: 767px){.kb-row-layout-wrap.wp-block-kadence-rowlayout.kb-row-layout-id1038_86ad84-1b{margin-top:87px;margin-bottom:41px;}.kb-row-layout-id1038_86ad84-1b > .kt-row-column-wrap{row-gap:30px;grid-template-columns:minmax(0, 1fr);}}<\/style><div class=\"kb-row-layout-wrap kb-row-layout-id1038_86ad84-1b alignnone fila--header--interiors fila--tractament wp-block-kadence-rowlayout\"><div class=\"kt-row-column-wrap kt-has-2-columns kt-row-layout-row kt-tab-layout-inherit kt-mobile-layout-row kt-row-valign-top\">\n<style>.kadence-column1038_175e74-3e > .kt-inside-inner-col{padding-top:0px;padding-bottom:0px;}.kadence-column1038_175e74-3e > .kt-inside-inner-col,.kadence-column1038_175e74-3e > .kt-inside-inner-col:before{border-top-left-radius:0px;border-top-right-radius:0px;border-bottom-right-radius:0px;border-bottom-left-radius:0px;}.kadence-column1038_175e74-3e > .kt-inside-inner-col{column-gap:var(--global-kb-gap-sm, 1rem);}.kadence-column1038_175e74-3e > .kt-inside-inner-col{flex-direction:column;}.kadence-column1038_175e74-3e > .kt-inside-inner-col > .aligncenter{width:100%;}.kadence-column1038_175e74-3e > .kt-inside-inner-col:before{opacity:0.3;}.kadence-column1038_175e74-3e{position:relative;}.kadence-column1038_175e74-3e, .kt-inside-inner-col > .kadence-column1038_175e74-3e:not(.specificity){margin-top:0px;margin-bottom:0px;}@media all and (max-width: 1024px){.kadence-column1038_175e74-3e > .kt-inside-inner-col{flex-direction:column;justify-content:center;}}@media all and (max-width: 767px){.kadence-column1038_175e74-3e > .kt-inside-inner-col{flex-direction:column;justify-content:center;}}<\/style>\n<div class=\"wp-block-kadence-column kadence-column1038_175e74-3e\"><div class=\"kt-inside-inner-col\">\n<div class=\"wp-block-buttons breadcrumbs is-layout-flex wp-block-buttons-is-layout-flex\">\n<div class=\"wp-block-button is-style-fill\"><a class=\"wp-block-button__link has-text-color has-background has-link-color has-custom-font-size wp-element-button\" href=\"https:\/\/arizagaballestar.com\/es\/tratamientos-dentales-mataro\/\" style=\"color:#535561;background-color:#ffffff00;font-size:16px\">Volver a Tratamientos<\/a><\/div>\n<\/div>\n\n\n<h1 class=\"h1--plus wp-block-post-title\">Periodoncia<\/h1><\/div><\/div>\n\n\n<style>.kadence-column1038_89d701-0d > .kt-inside-inner-col{padding-top:0px;padding-bottom:0px;}.kadence-column1038_89d701-0d > .kt-inside-inner-col,.kadence-column1038_89d701-0d > .kt-inside-inner-col:before{border-top-left-radius:0px;border-top-right-radius:0px;border-bottom-right-radius:0px;border-bottom-left-radius:0px;}.kadence-column1038_89d701-0d > .kt-inside-inner-col{column-gap:var(--global-kb-gap-sm, 1rem);}.kadence-column1038_89d701-0d > .kt-inside-inner-col{flex-direction:column;}.kadence-column1038_89d701-0d > .kt-inside-inner-col > .aligncenter{width:100%;}.kadence-column1038_89d701-0d > .kt-inside-inner-col:before{opacity:0.3;}.kadence-column1038_89d701-0d{position:relative;}.kadence-column1038_89d701-0d, .kt-inside-inner-col > .kadence-column1038_89d701-0d:not(.specificity){margin-top:0px;margin-bottom:0px;}@media all and (max-width: 1024px){.kadence-column1038_89d701-0d > .kt-inside-inner-col{flex-direction:column;justify-content:center;}}@media all and (max-width: 767px){.kadence-column1038_89d701-0d > .kt-inside-inner-col{flex-direction:column;justify-content:center;}}<\/style>\n<div class=\"wp-block-kadence-column kadence-column1038_89d701-0d\"><div class=\"kt-inside-inner-col\"><style>.wp-block-kadence-advancedheading.kt-adv-heading1038_7e00d8-8c, .wp-block-kadence-advancedheading.kt-adv-heading1038_7e00d8-8c[data-kb-block=\"kb-adv-heading1038_7e00d8-8c\"]{font-style:normal;}.wp-block-kadence-advancedheading.kt-adv-heading1038_7e00d8-8c mark.kt-highlight, .wp-block-kadence-advancedheading.kt-adv-heading1038_7e00d8-8c[data-kb-block=\"kb-adv-heading1038_7e00d8-8c\"] mark.kt-highlight{font-style:normal;color:#f76a0c;-webkit-box-decoration-break:clone;box-decoration-break:clone;padding-top:0px;padding-right:0px;padding-bottom:0px;padding-left:0px;}.wp-block-kadence-advancedheading.kt-adv-heading1038_7e00d8-8c img.kb-inline-image, .wp-block-kadence-advancedheading.kt-adv-heading1038_7e00d8-8c[data-kb-block=\"kb-adv-heading1038_7e00d8-8c\"] img.kb-inline-image{width:150px;vertical-align:baseline;}<\/style>\n<h2 class=\"kt-adv-heading1038_7e00d8-8c h3 wp-block-kadence-advancedheading\" data-kb-block=\"kb-adv-heading1038_7e00d8-8c\">Tratamiento de periodoncia para prevenir y tratar gingivitis y periodontitis con un enfoque profesional, respetuoso y adaptado a cada paciente.<\/h2>\n<\/div><\/div>\n\n<\/div><\/div>\n\n<style>.kb-row-layout-wrap.wp-block-kadence-rowlayout.kb-row-layout-id1038_758066-a7{margin-top:0px;margin-bottom:150px;}.kb-row-layout-id1038_758066-a7 > .kt-row-column-wrap{align-content:start;}:where(.kb-row-layout-id1038_758066-a7 > .kt-row-column-wrap) > .wp-block-kadence-column{justify-content:start;}.kb-row-layout-id1038_758066-a7 > .kt-row-column-wrap{column-gap:90px;row-gap:var(--global-kb-gap-md, 2rem);padding-top:0px;padding-bottom:0px;grid-template-columns:repeat(2, minmax(0, 1fr));}.kb-row-layout-id1038_758066-a7 > .kt-row-layout-overlay{opacity:0.30;}@media all and (max-width: 1024px){.kb-row-layout-wrap.wp-block-kadence-rowlayout.kb-row-layout-id1038_758066-a7{margin-bottom:65px;}}@media all and (max-width: 1024px){.kb-row-layout-id1038_758066-a7 > .kt-row-column-wrap{column-gap:60px;grid-template-columns:repeat(2, minmax(0, 1fr));}}@media all and (max-width: 767px){.kb-row-layout-wrap.wp-block-kadence-rowlayout.kb-row-layout-id1038_758066-a7{margin-bottom:40px;}.kb-row-layout-id1038_758066-a7 > .kt-row-column-wrap{row-gap:60px;grid-template-columns:minmax(0, 1fr);}}<\/style><div class=\"kb-row-layout-wrap kb-row-layout-id1038_758066-a7 alignnone fila--entradeta--foto fila--tractament wp-block-kadence-rowlayout\"><div class=\"kt-row-column-wrap kt-has-2-columns kt-row-layout-equal kt-tab-layout-inherit kt-mobile-layout-row kt-row-valign-top\">\n<style>.kadence-column1038_d6b48f-0a > .kt-inside-inner-col{padding-top:0px;padding-bottom:0px;}.kadence-column1038_d6b48f-0a > .kt-inside-inner-col,.kadence-column1038_d6b48f-0a > .kt-inside-inner-col:before{border-top-left-radius:0px;border-top-right-radius:0px;border-bottom-right-radius:0px;border-bottom-left-radius:0px;}.kadence-column1038_d6b48f-0a > .kt-inside-inner-col{column-gap:var(--global-kb-gap-sm, 1rem);}.kadence-column1038_d6b48f-0a > .kt-inside-inner-col{flex-direction:column;}.kadence-column1038_d6b48f-0a > .kt-inside-inner-col > .aligncenter{width:100%;}.kadence-column1038_d6b48f-0a > .kt-inside-inner-col:before{opacity:0.3;}.kadence-column1038_d6b48f-0a{position:relative;}.kadence-column1038_d6b48f-0a, .kt-inside-inner-col > .kadence-column1038_d6b48f-0a:not(.specificity){margin-top:0px;margin-bottom:0px;}@media all and (max-width: 1024px){.kadence-column1038_d6b48f-0a > .kt-inside-inner-col{flex-direction:column;justify-content:center;}}@media all and (max-width: 767px){.kadence-column1038_d6b48f-0a > .kt-inside-inner-col{flex-direction:column;justify-content:center;}}<\/style>\n<div class=\"wp-block-kadence-column kadence-column1038_d6b48f-0a\"><div class=\"kt-inside-inner-col\"><style>.wp-block-kadence-spacer.kt-block-spacer-1038_d18a40-f0 .kt-block-spacer{height:10px;}.wp-block-kadence-spacer.kt-block-spacer-1038_d18a40-f0 .kt-divider{border-top-width:1px;height:1px;border-top-color:#535561;width:100%;border-top-style:solid;}<\/style>\n<div class=\"wp-block-kadence-spacer alignnone kt-block-spacer-1038_d18a40-f0\"><div class=\"kt-block-spacer kt-block-spacer-halign-left\"><hr class=\"kt-divider\"\/><\/div><\/div>\n\n\n\n<p>La periodoncia trata los tejidos que dan soporte \u2014\u201csujetan\u201d\u2014 nuestros dientes, como son las enc\u00edas, el hueso y las fibras que los unen.<\/p>\n\n\n<style>.wp-block-kadence-spacer.kt-block-spacer-1038_ab9fde-c3 .kt-block-spacer{height:6px;}.wp-block-kadence-spacer.kt-block-spacer-1038_ab9fde-c3 .kt-divider{border-top-width:1px;height:1px;border-top-color:#eee;width:80%;border-top-style:solid;}<\/style>\n<div class=\"wp-block-kadence-spacer aligncenter kt-block-spacer-1038_ab9fde-c3 kvs-md-false kvs-sm-false\"><div class=\"kt-block-spacer kt-block-spacer-halign-center\"><\/div><\/div>\n\n\n\n<div class=\"wp-block-buttons is-layout-flex wp-block-buttons-is-layout-flex\">\n<div class=\"wp-block-button\"><a class=\"wp-block-button__link has-custom-font-size wp-element-button\" href=\"https:\/\/arizagaballestar.com\/es\/contacto\/\" style=\"font-size:16px\">Cita Online<\/a><\/div>\n<\/div>\n<\/div><\/div>\n\n\n<style>.kadence-column1038_70f592-6b > .kt-inside-inner-col,.kadence-column1038_70f592-6b > .kt-inside-inner-col:before{border-top-left-radius:0px;border-top-right-radius:0px;border-bottom-right-radius:0px;border-bottom-left-radius:0px;}.kadence-column1038_70f592-6b > .kt-inside-inner-col{column-gap:var(--global-kb-gap-sm, 1rem);}.kadence-column1038_70f592-6b > .kt-inside-inner-col{flex-direction:column;}.kadence-column1038_70f592-6b > .kt-inside-inner-col > .aligncenter{width:100%;}.kadence-column1038_70f592-6b > .kt-inside-inner-col:before{opacity:0.3;}.kadence-column1038_70f592-6b{position:relative;}@media all and (max-width: 1024px){.kadence-column1038_70f592-6b > .kt-inside-inner-col{flex-direction:column;justify-content:center;}}@media all and (max-width: 767px){.kadence-column1038_70f592-6b > .kt-inside-inner-col{flex-direction:column;justify-content:center;}}<\/style>\n<div class=\"wp-block-kadence-column kadence-column1038_70f592-6b\"><div class=\"kt-inside-inner-col\"><style>.kb-image1038_959e96-e2 .kb-image-has-overlay:after{opacity:0.3;border-top-left-radius:90px;border-top-right-radius:90px;border-bottom-right-radius:90px;border-bottom-left-radius:90px;}.kb-image1038_959e96-e2 img.kb-img, .kb-image1038_959e96-e2 .kb-img img{border-top-left-radius:90px;border-top-right-radius:90px;border-bottom-right-radius:90px;border-bottom-left-radius:90px;}@media all and (max-width: 1024px){.kb-image1038_959e96-e2 .kb-image-has-overlay:after{border-top-left-radius:45px;border-top-right-radius:45px;border-bottom-right-radius:45px;border-bottom-left-radius:45px;}}@media all and (max-width: 1024px){.kb-image1038_959e96-e2 img.kb-img, .kb-image1038_959e96-e2 .kb-img img{border-top-left-radius:45px;border-top-right-radius:45px;border-bottom-right-radius:45px;border-bottom-left-radius:45px;}}@media all and (max-width: 767px){.kb-image1038_959e96-e2 .kb-image-has-overlay:after{border-top-left-radius:45px;border-top-right-radius:45px;border-bottom-right-radius:45px;border-bottom-left-radius:45px;}.kb-image1038_959e96-e2 img.kb-img, .kb-image1038_959e96-e2 .kb-img img{border-top-left-radius:45px;border-top-right-radius:45px;border-bottom-right-radius:45px;border-bottom-left-radius:45px;}}<\/style>\n<figure class=\"wp-block-kadence-image kb-image1038_959e96-e2 size-full kb-image-is-ratio-size\"><div class=\"kb-is-ratio-image kb-image-ratio-land43\"><img loading=\"lazy\" decoding=\"async\" width=\"2049\" height=\"1539\" src=\"https:\/\/arizagaballestar.com\/wp-content\/uploads\/2025\/05\/periodoncia.webp\" alt=\"Period\u00f2ncia\" class=\"kb-img wp-image-94\" srcset=\"https:\/\/arizagaballestar.com\/wp-content\/uploads\/2025\/05\/periodoncia.webp 2049w, https:\/\/arizagaballestar.com\/wp-content\/uploads\/2025\/05\/periodoncia-1200x901.webp 1200w, https:\/\/arizagaballestar.com\/wp-content\/uploads\/2025\/05\/periodoncia-1400x1052.webp 1400w, https:\/\/arizagaballestar.com\/wp-content\/uploads\/2025\/05\/periodoncia-300x225.webp 300w\" sizes=\"auto, (max-width: 2049px) 100vw, 2049px\" \/><\/div><\/figure>\n<\/div><\/div>\n\n<\/div><\/div>\n\n<style>.kb-row-layout-wrap.wp-block-kadence-rowlayout.kb-row-layout-id1038_29703a-55{margin-top:0px;margin-bottom:120px;}.kb-row-layout-id1038_29703a-55 > .kt-row-column-wrap{align-content:start;}:where(.kb-row-layout-id1038_29703a-55 > .kt-row-column-wrap) > .wp-block-kadence-column{justify-content:start;}.kb-row-layout-id1038_29703a-55 > .kt-row-column-wrap{column-gap:90px;row-gap:var(--global-kb-gap-md, 2rem);padding-top:0px;padding-bottom:0px;grid-template-columns:repeat(2, minmax(0, 1fr));}.kb-row-layout-id1038_29703a-55 > .kt-row-layout-overlay{opacity:0.30;}@media all and (max-width: 1024px){.kb-row-layout-wrap.wp-block-kadence-rowlayout.kb-row-layout-id1038_29703a-55{margin-bottom:62px;}}@media all and (max-width: 1024px){.kb-row-layout-id1038_29703a-55 > .kt-row-column-wrap{column-gap:60px;grid-template-columns:repeat(2, minmax(0, 1fr));}}@media all and (max-width: 767px){.kb-row-layout-wrap.wp-block-kadence-rowlayout.kb-row-layout-id1038_29703a-55{margin-bottom:10px;}.kb-row-layout-id1038_29703a-55 > .kt-row-column-wrap{row-gap:0px;grid-template-columns:minmax(0, 1fr);}}<\/style><div class=\"kb-row-layout-wrap kb-row-layout-id1038_29703a-55 alignnone fila--tractament wp-block-kadence-rowlayout\"><div class=\"kt-row-column-wrap kt-has-2-columns kt-row-layout-equal kt-tab-layout-inherit kt-mobile-layout-row kt-row-valign-top\">\n<style>#wrapper.site{overflow:clip;}.kadence-column1038_15f19d-5b{--kb-section-setting-offset:137px;}.kadence-column1038_15f19d-5b > .kt-inside-inner-col{padding-top:0px;padding-bottom:0px;}.kadence-column1038_15f19d-5b > .kt-inside-inner-col,.kadence-column1038_15f19d-5b > .kt-inside-inner-col:before{border-top-left-radius:0px;border-top-right-radius:0px;border-bottom-right-radius:0px;border-bottom-left-radius:0px;}.kadence-column1038_15f19d-5b > .kt-inside-inner-col{column-gap:var(--global-kb-gap-sm, 1rem);}.kadence-column1038_15f19d-5b > .kt-inside-inner-col{flex-direction:column;}.kadence-column1038_15f19d-5b > .kt-inside-inner-col > .aligncenter{width:100%;}.kadence-column1038_15f19d-5b > .kt-inside-inner-col:before{opacity:0.3;}.kadence-column1038_15f19d-5b{position:relative;}.kadence-column1038_15f19d-5b, .kt-inside-inner-col > .kadence-column1038_15f19d-5b:not(.specificity){margin-top:0px;margin-bottom:0px;}@media all and (max-width: 1024px){.kadence-column1038_15f19d-5b{--kb-section-setting-offset:1px;}}@media all and (max-width: 1024px){.kadence-column1038_15f19d-5b > .kt-inside-inner-col{flex-direction:column;justify-content:center;}}@media all and (max-width: 767px){.kadence-column1038_15f19d-5b > .kt-inside-inner-col{flex-direction:column;justify-content:center;}}<\/style>\n<div class=\"wp-block-kadence-column kadence-column1038_15f19d-5b kb-section-is-sticky columna--titol\"><div class=\"kt-inside-inner-col\"><style>.wp-block-kadence-advancedheading.kt-adv-heading1038_1d3f31-26, .wp-block-kadence-advancedheading.kt-adv-heading1038_1d3f31-26[data-kb-block=\"kb-adv-heading1038_1d3f31-26\"]{font-style:normal;}.wp-block-kadence-advancedheading.kt-adv-heading1038_1d3f31-26 mark.kt-highlight, .wp-block-kadence-advancedheading.kt-adv-heading1038_1d3f31-26[data-kb-block=\"kb-adv-heading1038_1d3f31-26\"] mark.kt-highlight{font-style:normal;color:#f76a0c;-webkit-box-decoration-break:clone;box-decoration-break:clone;padding-top:0px;padding-right:0px;padding-bottom:0px;padding-left:0px;}.wp-block-kadence-advancedheading.kt-adv-heading1038_1d3f31-26 img.kb-inline-image, .wp-block-kadence-advancedheading.kt-adv-heading1038_1d3f31-26[data-kb-block=\"kb-adv-heading1038_1d3f31-26\"] img.kb-inline-image{width:150px;vertical-align:baseline;}<\/style>\n<h3 class=\"kt-adv-heading1038_1d3f31-26 wp-block-kadence-advancedheading\" data-kb-block=\"kb-adv-heading1038_1d3f31-26\">\u00bfEn qu\u00e9 consiste exactamente?<\/h3>\n<\/div><\/div>\n\n\n<style>.kadence-column1038_872138-75 > .kt-inside-inner-col{padding-top:0px;padding-bottom:0px;}.kadence-column1038_872138-75 > .kt-inside-inner-col,.kadence-column1038_872138-75 > .kt-inside-inner-col:before{border-top-left-radius:0px;border-top-right-radius:0px;border-bottom-right-radius:0px;border-bottom-left-radius:0px;}.kadence-column1038_872138-75 > .kt-inside-inner-col{column-gap:var(--global-kb-gap-sm, 1rem);}.kadence-column1038_872138-75 > .kt-inside-inner-col{flex-direction:column;}.kadence-column1038_872138-75 > .kt-inside-inner-col > .aligncenter{width:100%;}.kadence-column1038_872138-75 > .kt-inside-inner-col:before{opacity:0.3;}.kadence-column1038_872138-75{position:relative;}.kadence-column1038_872138-75, .kt-inside-inner-col > .kadence-column1038_872138-75:not(.specificity){margin-top:0px;margin-bottom:0px;}@media all and (max-width: 1024px){.kadence-column1038_872138-75 > .kt-inside-inner-col{flex-direction:column;justify-content:center;}}@media all and (max-width: 767px){.kadence-column1038_872138-75 > .kt-inside-inner-col{flex-direction:column;justify-content:center;}}<\/style>\n<div class=\"wp-block-kadence-column kadence-column1038_872138-75\"><div class=\"kt-inside-inner-col\"><style>.wp-block-kadence-spacer.kt-block-spacer-1038_d6d3bb-ec .kt-block-spacer{height:10px;}.wp-block-kadence-spacer.kt-block-spacer-1038_d6d3bb-ec .kt-divider{border-top-width:1px;height:1px;border-top-color:#535561;width:100%;border-top-style:solid;}<\/style>\n<div class=\"wp-block-kadence-spacer alignnone kt-block-spacer-1038_d6d3bb-ec\"><div class=\"kt-block-spacer kt-block-spacer-halign-left\"><hr class=\"kt-divider\"\/><\/div><\/div>\n\n\n\n<p>Una enc\u00eda sana no sangra ni al cepillarse, ni al comer, ni cuando es explorada por un profesional. El sangrado se considera una se\u00f1al de aviso de que algo no est\u00e1 bien, y por tanto, indica inflamaci\u00f3n.<\/p>\n\n\n\n<p>Nuestra boca es un ecosistema en equilibrio constante, lleno de diferentes especies bacterianas que nuestro sistema inmunitario mantiene bajo control.<\/p>\n\n\n\n<p>Si nos cepillamos de forma deficiente y\/o no realizamos limpiezas y revisiones profesionales cuando corresponde, ese equilibrio puede romperse y las bacterias pueden comenzar a aumentar en n\u00famero, generando una respuesta inflamatoria que, en primer lugar, derivar\u00e1 en lo que llamamos gingivitis. Lo notaremos por el sangrado de las enc\u00edas. Este primer paso es reversible.<\/p>\n\n\n\n<p>En algunas personas, si esta situaci\u00f3n se mantiene en el tiempo, se desencadena una respuesta inmunitaria exagerada y el problema se vuelve cr\u00f3nico. En este punto se produce p\u00e9rdida de hueso y, en los casos m\u00e1s graves, incluso pueden llegar a perderse dientes. Nos encontramos ante lo que se conoce como periodontitis.<\/p>\n\n\n\n<p>El tabaco es uno de los factores de riesgo m\u00e1s importantes para desarrollar y agravar la periodontitis, ya que disminuye el aporte sangu\u00edneo a los tejidos y reduce la respuesta del sistema inmunitario.<\/p>\n\n\n\n<p>Si te sangran las enc\u00edas al cepillarte, notas que los dientes se ven m\u00e1s largos, aparecen espacios negros entre dientes, tienes halitosis o incluso movilidad dental, probablemente tengas alg\u00fan problema periodontal.<\/p>\n\n\n\n<p>En la Cl\u00ednica Dental Ar\u00edzaga &amp; Ballestar en Matar\u00f3 somos especialistas en su tratamiento.<\/p>\n<\/div><\/div>\n\n<\/div><\/div>\n\n<style>.kb-row-layout-wrap.wp-block-kadence-rowlayout.kb-row-layout-id34_94c75a-18{margin-top:0px;margin-bottom:0px;}.kb-row-layout-id34_94c75a-18 > .kt-row-column-wrap{align-content:start;}:where(.kb-row-layout-id34_94c75a-18 > .kt-row-column-wrap) > .wp-block-kadence-column{justify-content:start;}.kb-row-layout-id34_94c75a-18 > .kt-row-column-wrap{column-gap:var(--global-kb-gap-md, 2rem);row-gap:var(--global-kb-gap-md, 2rem);padding-top:95px;padding-bottom:150px;grid-template-columns:minmax(0, 1fr);}.kb-row-layout-id34_94c75a-18{background-color:#bbb5ac;}.kb-row-layout-id34_94c75a-18 > .kt-row-layout-overlay{opacity:0.30;}@media all and (max-width: 1024px){.kb-row-layout-id34_94c75a-18 > .kt-row-column-wrap{padding-top:68px;padding-bottom:120px;grid-template-columns:minmax(0, 1fr);}}@media all and (max-width: 767px){.kb-row-layout-wrap.wp-block-kadence-rowlayout.kb-row-layout-id34_94c75a-18{margin-top:63px;}.kb-row-layout-id34_94c75a-18 > .kt-row-column-wrap{padding-top:37px;padding-bottom:90px;grid-template-columns:minmax(0, 1fr);}}<\/style><div class=\"kb-row-layout-wrap kb-row-layout-id34_94c75a-18 alignfull kt-row-has-bg wp-block-kadence-rowlayout\"><div class=\"kt-row-column-wrap kt-has-1-columns kt-row-layout-equal kt-tab-layout-inherit kt-mobile-layout-row kt-row-valign-top\">\n<style>.kadence-column34_4519eb-08 > .kt-inside-inner-col{padding-top:0%;padding-right:20%;padding-bottom:0%;padding-left:20%;}.kadence-column34_4519eb-08 > .kt-inside-inner-col,.kadence-column34_4519eb-08 > .kt-inside-inner-col:before{border-top-left-radius:0px;border-top-right-radius:0px;border-bottom-right-radius:0px;border-bottom-left-radius:0px;}.kadence-column34_4519eb-08 > .kt-inside-inner-col{column-gap:var(--global-kb-gap-sm, 1rem);}.kadence-column34_4519eb-08 > .kt-inside-inner-col{flex-direction:column;}.kadence-column34_4519eb-08 > .kt-inside-inner-col > .aligncenter{width:100%;}.kadence-column34_4519eb-08 > .kt-inside-inner-col:before{opacity:0.3;}.kadence-column34_4519eb-08{position:relative;}.kadence-column34_4519eb-08, .kt-inside-inner-col > .kadence-column34_4519eb-08:not(.specificity){margin-top:0px;margin-bottom:0px;}@media all and (max-width: 1024px){.kadence-column34_4519eb-08 > .kt-inside-inner-col{padding-right:10%;padding-left:10%;flex-direction:column;justify-content:center;}}@media all and (max-width: 767px){.kadence-column34_4519eb-08 > .kt-inside-inner-col{padding-right:5%;padding-left:5%;flex-direction:column;justify-content:center;}}<\/style>\n<div class=\"wp-block-kadence-column kadence-column34_4519eb-08\"><div class=\"kt-inside-inner-col\">\n<p class=\"has-text-align-center h3 has-white-color has-text-color has-link-color wp-elements-a623d7e2bb5e15ec28f85742d0cf7108\">Pide tu cita y empezamos a cuidar de tu salud bucodental con atenci\u00f3n cercana y profesional.<\/p>\n\n\n\n<div class=\"wp-block-buttons is-content-justification-center is-layout-flex wp-container-core-buttons-is-layout-16018d1d wp-block-buttons-is-layout-flex\">\n<div class=\"wp-block-button\"><a class=\"wp-block-button__link has-white-color has-text-color has-background has-link-color has-custom-font-size wp-element-button\" href=\"https:\/\/arizagaballestar.com\/es\/contacto\/\" style=\"background-color:#375165;font-size:16px\">Cita Online<\/a><\/div>\n<\/div>\n<\/div><\/div>\n\n<\/div><\/div>","protected":false},"excerpt":{"rendered":"<p>Tratamiento de periodoncia para prevenir y tratar gingivitis y periodontitis con un enfoque profesional, respetuoso y adaptado a cada paciente.<\/p>\n","protected":false},"author":2,"featured_media":135,"parent":0,"menu_order":0,"comment_status":"closed","ping_status":"closed","template":"templates\/template-builder.php","meta":{"inline_featured_image":false,"_kad_blocks_custom_css":"","_kad_blocks_head_custom_js":"","_kad_blocks_body_custom_js":"","_kad_blocks_footer_custom_js":"","footnotes":""},"class_list":["post-1038","page","type-page","status-publish","has-post-thumbnail","hentry","post","with-featured-image"],"taxonomy_info":[],"featured_image_src_large":["https:\/\/arizagaballestar.com\/wp-content\/uploads\/2025\/05\/periodoncia.webp",905,680,false],"author_info":{"display_name":"Ideamatic","author_link":"https:\/\/arizagaballestar.com\/es\/author\/ideadmin\/"},"comment_info":0,"_links":{"self":[{"href":"https:\/\/arizagaballestar.com\/es\/wp-json\/wp\/v2\/pages\/1038","targetHints":{"allow":["GET"]}}],"collection":[{"href":"https:\/\/arizagaballestar.com\/es\/wp-json\/wp\/v2\/pages"}],"about":[{"href":"https:\/\/arizagaballestar.com\/es\/wp-json\/wp\/v2\/types\/page"}],"author":[{"embeddable":true,"href":"https:\/\/arizagaballestar.com\/es\/wp-json\/wp\/v2\/users\/2"}],"replies":[{"embeddable":true,"href":"https:\/\/arizagaballestar.com\/es\/wp-json\/wp\/v2\/comments?post=1038"}],"version-history":[{"count":4,"href":"https:\/\/arizagaballestar.com\/es\/wp-json\/wp\/v2\/pages\/1038\/revisions"}],"predecessor-version":[{"id":1156,"href":"https:\/\/arizagaballestar.com\/es\/wp-json\/wp\/v2\/pages\/1038\/revisions\/1156"}],"wp:featuredmedia":[{"embeddable":true,"href":"https:\/\/arizagaballestar.com\/es\/wp-json\/wp\/v2\/media\/135"}],"wp:attachment":[{"href":"https:\/\/arizagaballestar.com\/es\/wp-json\/wp\/v2\/media?parent=1038"}],"curies":[{"name":"wp","href":"https:\/\/api.w.org\/{rel}","templated":true}]}}