{"id":1028,"date":"2025-05-17T17:50:29","date_gmt":"2025-05-17T15:50:29","guid":{"rendered":"https:\/\/arizagaballestar.com\/odontopediatria\/"},"modified":"2025-06-02T20:24:12","modified_gmt":"2025-06-02T18:24:12","slug":"odontopediatria-mataro","status":"publish","type":"page","link":"https:\/\/arizagaballestar.com\/es\/odontopediatria-mataro\/","title":{"rendered":"Odontopediatr\u00eda"},"content":{"rendered":"<style>.kb-row-layout-wrap.wp-block-kadence-rowlayout.kb-row-layout-id1028_d75f92-33{margin-top:137px;margin-bottom:78px;}.kb-row-layout-id1028_d75f92-33 > .kt-row-column-wrap{align-content:start;}:where(.kb-row-layout-id1028_d75f92-33 > .kt-row-column-wrap) > .wp-block-kadence-column{justify-content:start;}.kb-row-layout-id1028_d75f92-33 > .kt-row-column-wrap{row-gap:30px;padding-top:0px;padding-bottom:0px;grid-template-columns:minmax(0, 1fr);}.kb-row-layout-id1028_d75f92-33 > .kt-row-layout-overlay{opacity:0.30;}@media all and (max-width: 1024px){.kb-row-layout-wrap.wp-block-kadence-rowlayout.kb-row-layout-id1028_d75f92-33{margin-top:84px;margin-bottom:58px;}}@media all and (max-width: 1024px){.kb-row-layout-id1028_d75f92-33 > .kt-row-column-wrap{grid-template-columns:minmax(0, 1fr);}}@media all and (max-width: 767px){.kb-row-layout-wrap.wp-block-kadence-rowlayout.kb-row-layout-id1028_d75f92-33{margin-top:87px;margin-bottom:41px;}.kb-row-layout-id1028_d75f92-33 > .kt-row-column-wrap{row-gap:30px;grid-template-columns:minmax(0, 1fr);}}<\/style><div class=\"kb-row-layout-wrap kb-row-layout-id1028_d75f92-33 alignnone fila--header--interiors fila--tractament wp-block-kadence-rowlayout\"><div class=\"kt-row-column-wrap kt-has-2-columns kt-row-layout-row kt-tab-layout-inherit kt-mobile-layout-row kt-row-valign-top\">\n<style>.kadence-column1028_c38174-7e > .kt-inside-inner-col{padding-top:0px;padding-bottom:0px;}.kadence-column1028_c38174-7e > .kt-inside-inner-col,.kadence-column1028_c38174-7e > .kt-inside-inner-col:before{border-top-left-radius:0px;border-top-right-radius:0px;border-bottom-right-radius:0px;border-bottom-left-radius:0px;}.kadence-column1028_c38174-7e > .kt-inside-inner-col{column-gap:var(--global-kb-gap-sm, 1rem);}.kadence-column1028_c38174-7e > .kt-inside-inner-col{flex-direction:column;}.kadence-column1028_c38174-7e > .kt-inside-inner-col > .aligncenter{width:100%;}.kadence-column1028_c38174-7e > .kt-inside-inner-col:before{opacity:0.3;}.kadence-column1028_c38174-7e{position:relative;}.kadence-column1028_c38174-7e, .kt-inside-inner-col > .kadence-column1028_c38174-7e:not(.specificity){margin-top:0px;margin-bottom:0px;}@media all and (max-width: 1024px){.kadence-column1028_c38174-7e > .kt-inside-inner-col{flex-direction:column;justify-content:center;}}@media all and (max-width: 767px){.kadence-column1028_c38174-7e > .kt-inside-inner-col{flex-direction:column;justify-content:center;}}<\/style>\n<div class=\"wp-block-kadence-column kadence-column1028_c38174-7e\"><div class=\"kt-inside-inner-col\">\n<div class=\"wp-block-buttons breadcrumbs is-layout-flex wp-block-buttons-is-layout-flex\">\n<div class=\"wp-block-button is-style-fill\"><a class=\"wp-block-button__link has-text-color has-background has-link-color has-custom-font-size wp-element-button\" href=\"https:\/\/arizagaballestar.com\/es\/tratamientos-dentales-mataro\/\" style=\"color:#535561;background-color:#ffffff00;font-size:16px\">Volver a Tratamientos<\/a><\/div>\n<\/div>\n\n\n<h1 class=\"h1--plus wp-block-post-title\">Odontopediatr\u00eda<\/h1><\/div><\/div>\n\n\n<style>.kadence-column1028_a75d29-b9 > .kt-inside-inner-col{padding-top:0px;padding-bottom:0px;}.kadence-column1028_a75d29-b9 > .kt-inside-inner-col,.kadence-column1028_a75d29-b9 > .kt-inside-inner-col:before{border-top-left-radius:0px;border-top-right-radius:0px;border-bottom-right-radius:0px;border-bottom-left-radius:0px;}.kadence-column1028_a75d29-b9 > .kt-inside-inner-col{column-gap:var(--global-kb-gap-sm, 1rem);}.kadence-column1028_a75d29-b9 > .kt-inside-inner-col{flex-direction:column;}.kadence-column1028_a75d29-b9 > .kt-inside-inner-col > .aligncenter{width:100%;}.kadence-column1028_a75d29-b9 > .kt-inside-inner-col:before{opacity:0.3;}.kadence-column1028_a75d29-b9{position:relative;}.kadence-column1028_a75d29-b9, .kt-inside-inner-col > .kadence-column1028_a75d29-b9:not(.specificity){margin-top:0px;margin-bottom:0px;}@media all and (max-width: 1024px){.kadence-column1028_a75d29-b9 > .kt-inside-inner-col{flex-direction:column;justify-content:center;}}@media all and (max-width: 767px){.kadence-column1028_a75d29-b9 > .kt-inside-inner-col{flex-direction:column;justify-content:center;}}<\/style>\n<div class=\"wp-block-kadence-column kadence-column1028_a75d29-b9\"><div class=\"kt-inside-inner-col\"><style>.wp-block-kadence-advancedheading.kt-adv-heading1028_fcf0cb-6d, .wp-block-kadence-advancedheading.kt-adv-heading1028_fcf0cb-6d[data-kb-block=\"kb-adv-heading1028_fcf0cb-6d\"]{font-style:normal;}.wp-block-kadence-advancedheading.kt-adv-heading1028_fcf0cb-6d mark.kt-highlight, .wp-block-kadence-advancedheading.kt-adv-heading1028_fcf0cb-6d[data-kb-block=\"kb-adv-heading1028_fcf0cb-6d\"] mark.kt-highlight{font-style:normal;color:#f76a0c;-webkit-box-decoration-break:clone;box-decoration-break:clone;padding-top:0px;padding-right:0px;padding-bottom:0px;padding-left:0px;}.wp-block-kadence-advancedheading.kt-adv-heading1028_fcf0cb-6d img.kb-inline-image, .wp-block-kadence-advancedheading.kt-adv-heading1028_fcf0cb-6d[data-kb-block=\"kb-adv-heading1028_fcf0cb-6d\"] img.kb-inline-image{width:150px;vertical-align:baseline;}<\/style>\n<h2 class=\"kt-adv-heading1028_fcf0cb-6d h3 wp-block-kadence-advancedheading\" data-kb-block=\"kb-adv-heading1028_fcf0cb-6d\">Servicio de odontopediatr\u00eda en Matar\u00f3 para cuidar la salud bucal de los ni\u00f1os con tratamientos adaptados, atenci\u00f3n cercana y prevenci\u00f3n desde peque\u00f1os.<\/h2>\n<\/div><\/div>\n\n<\/div><\/div>\n\n<style>.kb-row-layout-wrap.wp-block-kadence-rowlayout.kb-row-layout-id1028_1ff323-c0{margin-top:0px;margin-bottom:150px;}.kb-row-layout-id1028_1ff323-c0 > .kt-row-column-wrap{align-content:start;}:where(.kb-row-layout-id1028_1ff323-c0 > .kt-row-column-wrap) > .wp-block-kadence-column{justify-content:start;}.kb-row-layout-id1028_1ff323-c0 > .kt-row-column-wrap{column-gap:90px;row-gap:var(--global-kb-gap-md, 2rem);padding-top:0px;padding-bottom:0px;grid-template-columns:repeat(2, minmax(0, 1fr));}.kb-row-layout-id1028_1ff323-c0 > .kt-row-layout-overlay{opacity:0.30;}@media all and (max-width: 1024px){.kb-row-layout-wrap.wp-block-kadence-rowlayout.kb-row-layout-id1028_1ff323-c0{margin-bottom:65px;}}@media all and (max-width: 1024px){.kb-row-layout-id1028_1ff323-c0 > .kt-row-column-wrap{column-gap:60px;grid-template-columns:repeat(2, minmax(0, 1fr));}}@media all and (max-width: 767px){.kb-row-layout-wrap.wp-block-kadence-rowlayout.kb-row-layout-id1028_1ff323-c0{margin-bottom:40px;}.kb-row-layout-id1028_1ff323-c0 > .kt-row-column-wrap{row-gap:60px;grid-template-columns:minmax(0, 1fr);}}<\/style><div class=\"kb-row-layout-wrap kb-row-layout-id1028_1ff323-c0 alignnone fila--entradeta--foto fila--tractament wp-block-kadence-rowlayout\"><div class=\"kt-row-column-wrap kt-has-2-columns kt-row-layout-equal kt-tab-layout-inherit kt-mobile-layout-row kt-row-valign-top\">\n<style>.kadence-column1028_804df2-58 > .kt-inside-inner-col{padding-top:0px;padding-bottom:0px;}.kadence-column1028_804df2-58 > .kt-inside-inner-col,.kadence-column1028_804df2-58 > .kt-inside-inner-col:before{border-top-left-radius:0px;border-top-right-radius:0px;border-bottom-right-radius:0px;border-bottom-left-radius:0px;}.kadence-column1028_804df2-58 > .kt-inside-inner-col{column-gap:var(--global-kb-gap-sm, 1rem);}.kadence-column1028_804df2-58 > .kt-inside-inner-col{flex-direction:column;}.kadence-column1028_804df2-58 > .kt-inside-inner-col > .aligncenter{width:100%;}.kadence-column1028_804df2-58 > .kt-inside-inner-col:before{opacity:0.3;}.kadence-column1028_804df2-58{position:relative;}.kadence-column1028_804df2-58, .kt-inside-inner-col > .kadence-column1028_804df2-58:not(.specificity){margin-top:0px;margin-bottom:0px;}@media all and (max-width: 1024px){.kadence-column1028_804df2-58 > .kt-inside-inner-col{flex-direction:column;justify-content:center;}}@media all and (max-width: 767px){.kadence-column1028_804df2-58 > .kt-inside-inner-col{flex-direction:column;justify-content:center;}}<\/style>\n<div class=\"wp-block-kadence-column kadence-column1028_804df2-58\"><div class=\"kt-inside-inner-col\"><style>.wp-block-kadence-spacer.kt-block-spacer-1028_578e9f-03 .kt-block-spacer{height:10px;}.wp-block-kadence-spacer.kt-block-spacer-1028_578e9f-03 .kt-divider{border-top-width:1px;height:1px;border-top-color:#535561;width:100%;border-top-style:solid;}<\/style>\n<div class=\"wp-block-kadence-spacer alignnone kt-block-spacer-1028_578e9f-03\"><div class=\"kt-block-spacer kt-block-spacer-halign-left\"><hr class=\"kt-divider\"\/><\/div><\/div>\n\n\n\n<p>La odontopediatr\u00eda es una rama de la odontolog\u00eda que se dedica al cuidado de la boca de los ni\u00f1os y adolescentes. Su objetivo principal es prevenir, detectar y tratar las afecciones dentales en los m\u00e1s peque\u00f1os, asegurando que puedan disfrutar de una boca sana desde la infancia hasta la edad adulta. Esta especialidad combina conocimientos de la odontolog\u00eda general con t\u00e9cnicas espec\u00edficas adaptadas a las necesidades de los m\u00e1s j\u00f3venes, teniendo en cuenta tambi\u00e9n los aspectos psicol\u00f3gicos y emocionales de los ni\u00f1os.<\/p>\n\n\n<style>.wp-block-kadence-spacer.kt-block-spacer-1028_83516a-9a .kt-block-spacer{height:6px;}.wp-block-kadence-spacer.kt-block-spacer-1028_83516a-9a .kt-divider{border-top-width:1px;height:1px;border-top-color:#eee;width:80%;border-top-style:solid;}<\/style>\n<div class=\"wp-block-kadence-spacer aligncenter kt-block-spacer-1028_83516a-9a kvs-md-false kvs-sm-false\"><div class=\"kt-block-spacer kt-block-spacer-halign-center\"><\/div><\/div>\n\n\n\n<div class=\"wp-block-buttons is-layout-flex wp-block-buttons-is-layout-flex\">\n<div class=\"wp-block-button\"><a class=\"wp-block-button__link has-custom-font-size wp-element-button\" href=\"https:\/\/arizagaballestar.com\/es\/contacto\/\" style=\"font-size:16px\">Cita Online<\/a><\/div>\n<\/div>\n<\/div><\/div>\n\n\n<style>.kadence-column1028_63aa73-a2 > .kt-inside-inner-col,.kadence-column1028_63aa73-a2 > .kt-inside-inner-col:before{border-top-left-radius:0px;border-top-right-radius:0px;border-bottom-right-radius:0px;border-bottom-left-radius:0px;}.kadence-column1028_63aa73-a2 > .kt-inside-inner-col{column-gap:var(--global-kb-gap-sm, 1rem);}.kadence-column1028_63aa73-a2 > .kt-inside-inner-col{flex-direction:column;}.kadence-column1028_63aa73-a2 > .kt-inside-inner-col > .aligncenter{width:100%;}.kadence-column1028_63aa73-a2 > .kt-inside-inner-col:before{opacity:0.3;}.kadence-column1028_63aa73-a2{position:relative;}@media all and (max-width: 1024px){.kadence-column1028_63aa73-a2 > .kt-inside-inner-col{flex-direction:column;justify-content:center;}}@media all and (max-width: 767px){.kadence-column1028_63aa73-a2 > .kt-inside-inner-col{flex-direction:column;justify-content:center;}}<\/style>\n<div class=\"wp-block-kadence-column kadence-column1028_63aa73-a2\"><div class=\"kt-inside-inner-col\"><style>.kb-image1028_90d3eb-dc .kb-image-has-overlay:after{opacity:0.3;border-top-left-radius:90px;border-top-right-radius:90px;border-bottom-right-radius:90px;border-bottom-left-radius:90px;}.kb-image1028_90d3eb-dc img.kb-img, .kb-image1028_90d3eb-dc .kb-img img{border-top-left-radius:90px;border-top-right-radius:90px;border-bottom-right-radius:90px;border-bottom-left-radius:90px;}@media all and (max-width: 1024px){.kb-image1028_90d3eb-dc .kb-image-has-overlay:after{border-top-left-radius:45px;border-top-right-radius:45px;border-bottom-right-radius:45px;border-bottom-left-radius:45px;}}@media all and (max-width: 1024px){.kb-image1028_90d3eb-dc img.kb-img, .kb-image1028_90d3eb-dc .kb-img img{border-top-left-radius:45px;border-top-right-radius:45px;border-bottom-right-radius:45px;border-bottom-left-radius:45px;}}@media all and (max-width: 767px){.kb-image1028_90d3eb-dc .kb-image-has-overlay:after{border-top-left-radius:45px;border-top-right-radius:45px;border-bottom-right-radius:45px;border-bottom-left-radius:45px;}.kb-image1028_90d3eb-dc img.kb-img, .kb-image1028_90d3eb-dc .kb-img img{border-top-left-radius:45px;border-top-right-radius:45px;border-bottom-right-radius:45px;border-bottom-left-radius:45px;}}<\/style>\n<figure class=\"wp-block-kadence-image kb-image1028_90d3eb-dc size-full kb-image-is-ratio-size\"><div class=\"kb-is-ratio-image kb-image-ratio-land43\"><img loading=\"lazy\" decoding=\"async\" width=\"2049\" height=\"1539\" src=\"https:\/\/arizagaballestar.com\/wp-content\/uploads\/2025\/05\/odontopediatria.webp\" alt=\"Odontopediatria\" class=\"kb-img wp-image-86\" srcset=\"https:\/\/arizagaballestar.com\/wp-content\/uploads\/2025\/05\/odontopediatria.webp 2049w, https:\/\/arizagaballestar.com\/wp-content\/uploads\/2025\/05\/odontopediatria-1200x901.webp 1200w, https:\/\/arizagaballestar.com\/wp-content\/uploads\/2025\/05\/odontopediatria-1400x1052.webp 1400w, https:\/\/arizagaballestar.com\/wp-content\/uploads\/2025\/05\/odontopediatria-300x225.webp 300w\" sizes=\"auto, (max-width: 2049px) 100vw, 2049px\" \/><\/div><\/figure>\n<\/div><\/div>\n\n<\/div><\/div>\n\n<style>.kb-row-layout-wrap.wp-block-kadence-rowlayout.kb-row-layout-id1028_81c4cc-97{margin-top:0px;margin-bottom:120px;}.kb-row-layout-id1028_81c4cc-97 > .kt-row-column-wrap{align-content:start;}:where(.kb-row-layout-id1028_81c4cc-97 > .kt-row-column-wrap) > .wp-block-kadence-column{justify-content:start;}.kb-row-layout-id1028_81c4cc-97 > .kt-row-column-wrap{column-gap:90px;row-gap:var(--global-kb-gap-md, 2rem);padding-top:0px;padding-bottom:0px;grid-template-columns:repeat(2, minmax(0, 1fr));}.kb-row-layout-id1028_81c4cc-97 > .kt-row-layout-overlay{opacity:0.30;}@media all and (max-width: 1024px){.kb-row-layout-wrap.wp-block-kadence-rowlayout.kb-row-layout-id1028_81c4cc-97{margin-bottom:62px;}}@media all and (max-width: 1024px){.kb-row-layout-id1028_81c4cc-97 > .kt-row-column-wrap{column-gap:60px;grid-template-columns:repeat(2, minmax(0, 1fr));}}@media all and (max-width: 767px){.kb-row-layout-wrap.wp-block-kadence-rowlayout.kb-row-layout-id1028_81c4cc-97{margin-bottom:10px;}.kb-row-layout-id1028_81c4cc-97 > .kt-row-column-wrap{row-gap:0px;grid-template-columns:minmax(0, 1fr);}}<\/style><div class=\"kb-row-layout-wrap kb-row-layout-id1028_81c4cc-97 alignnone fila--tractament wp-block-kadence-rowlayout\"><div class=\"kt-row-column-wrap kt-has-2-columns kt-row-layout-equal kt-tab-layout-inherit kt-mobile-layout-row kt-row-valign-top\">\n<style>#wrapper.site{overflow:clip;}.kadence-column1028_34cadb-88{--kb-section-setting-offset:137px;}.kadence-column1028_34cadb-88 > .kt-inside-inner-col{padding-top:0px;padding-bottom:0px;}.kadence-column1028_34cadb-88 > .kt-inside-inner-col,.kadence-column1028_34cadb-88 > .kt-inside-inner-col:before{border-top-left-radius:0px;border-top-right-radius:0px;border-bottom-right-radius:0px;border-bottom-left-radius:0px;}.kadence-column1028_34cadb-88 > .kt-inside-inner-col{column-gap:var(--global-kb-gap-sm, 1rem);}.kadence-column1028_34cadb-88 > .kt-inside-inner-col{flex-direction:column;}.kadence-column1028_34cadb-88 > .kt-inside-inner-col > .aligncenter{width:100%;}.kadence-column1028_34cadb-88 > .kt-inside-inner-col:before{opacity:0.3;}.kadence-column1028_34cadb-88{position:relative;}.kadence-column1028_34cadb-88, .kt-inside-inner-col > .kadence-column1028_34cadb-88:not(.specificity){margin-top:0px;margin-bottom:0px;}@media all and (max-width: 1024px){.kadence-column1028_34cadb-88{--kb-section-setting-offset:1px;}}@media all and (max-width: 1024px){.kadence-column1028_34cadb-88 > .kt-inside-inner-col{flex-direction:column;justify-content:center;}}@media all and (max-width: 767px){.kadence-column1028_34cadb-88 > .kt-inside-inner-col{flex-direction:column;justify-content:center;}}<\/style>\n<div class=\"wp-block-kadence-column kadence-column1028_34cadb-88 kb-section-is-sticky columna--titol\"><div class=\"kt-inside-inner-col\"><style>.wp-block-kadence-advancedheading.kt-adv-heading1028_49adb4-80, .wp-block-kadence-advancedheading.kt-adv-heading1028_49adb4-80[data-kb-block=\"kb-adv-heading1028_49adb4-80\"]{font-style:normal;}.wp-block-kadence-advancedheading.kt-adv-heading1028_49adb4-80 mark.kt-highlight, .wp-block-kadence-advancedheading.kt-adv-heading1028_49adb4-80[data-kb-block=\"kb-adv-heading1028_49adb4-80\"] mark.kt-highlight{font-style:normal;color:#f76a0c;-webkit-box-decoration-break:clone;box-decoration-break:clone;padding-top:0px;padding-right:0px;padding-bottom:0px;padding-left:0px;}.wp-block-kadence-advancedheading.kt-adv-heading1028_49adb4-80 img.kb-inline-image, .wp-block-kadence-advancedheading.kt-adv-heading1028_49adb4-80[data-kb-block=\"kb-adv-heading1028_49adb4-80\"] img.kb-inline-image{width:150px;vertical-align:baseline;}<\/style>\n<h3 class=\"kt-adv-heading1028_49adb4-80 wp-block-kadence-advancedheading\" data-kb-block=\"kb-adv-heading1028_49adb4-80\">\u00bfEn qu\u00e9 consiste exactamente?<\/h3>\n<\/div><\/div>\n\n\n<style>.kadence-column1028_75533d-4e > .kt-inside-inner-col{padding-top:0px;padding-bottom:0px;}.kadence-column1028_75533d-4e > .kt-inside-inner-col,.kadence-column1028_75533d-4e > .kt-inside-inner-col:before{border-top-left-radius:0px;border-top-right-radius:0px;border-bottom-right-radius:0px;border-bottom-left-radius:0px;}.kadence-column1028_75533d-4e > .kt-inside-inner-col{column-gap:var(--global-kb-gap-sm, 1rem);}.kadence-column1028_75533d-4e > .kt-inside-inner-col{flex-direction:column;}.kadence-column1028_75533d-4e > .kt-inside-inner-col > .aligncenter{width:100%;}.kadence-column1028_75533d-4e > .kt-inside-inner-col:before{opacity:0.3;}.kadence-column1028_75533d-4e{position:relative;}.kadence-column1028_75533d-4e, .kt-inside-inner-col > .kadence-column1028_75533d-4e:not(.specificity){margin-top:0px;margin-bottom:0px;}@media all and (max-width: 1024px){.kadence-column1028_75533d-4e > .kt-inside-inner-col{flex-direction:column;justify-content:center;}}@media all and (max-width: 767px){.kadence-column1028_75533d-4e > .kt-inside-inner-col{flex-direction:column;justify-content:center;}}<\/style>\n<div class=\"wp-block-kadence-column kadence-column1028_75533d-4e\"><div class=\"kt-inside-inner-col\"><style>.wp-block-kadence-spacer.kt-block-spacer-1028_672e21-78 .kt-block-spacer{height:10px;}.wp-block-kadence-spacer.kt-block-spacer-1028_672e21-78 .kt-divider{border-top-width:1px;height:1px;border-top-color:#535561;width:100%;border-top-style:solid;}<\/style>\n<div class=\"wp-block-kadence-spacer alignnone kt-block-spacer-1028_672e21-78\"><div class=\"kt-block-spacer kt-block-spacer-halign-left\"><hr class=\"kt-divider\"\/><\/div><\/div>\n\n\n\n<p>Los odontopediatras realizan diversas actividades que incluyen la limpieza dental, la aplicaci\u00f3n de fl\u00faor, la prevenci\u00f3n de caries y la detecci\u00f3n precoz de problemas como la maloclusi\u00f3n o la malposici\u00f3n dental. Adem\u00e1s, educan a padres e hijos sobre la importancia de mantener una buena higiene bucal, una alimentaci\u00f3n equilibrada y el control de h\u00e1bitos perjudiciales como la succi\u00f3n del dedo o el uso excesivo del chupete.<\/p>\n\n\n\n<p>Una caracter\u00edstica clave de la odontopediatr\u00eda es la atenci\u00f3n personalizada y el uso de t\u00e9cnicas que facilitan la visita al dentista, haciendo que los ni\u00f1os se sientan c\u00f3modos y tranquilos durante el tratamiento. Los odont\u00f3logos pedi\u00e1tricos tambi\u00e9n pueden realizar tratamientos como la colocaci\u00f3n de pr\u00f3tesis, la prevenci\u00f3n de lesiones y, si es necesario, tratamientos de conducto o extracciones, siempre buscando minimizar las molestias y garantizar el bienestar del paciente infantil.<\/p>\n\n\n\n<p>En resumen, la odontopediatr\u00eda es una especialidad esencial para garantizar una buena salud bucal desde la infancia, previniendo problemas futuros y fomentando h\u00e1bitos saludables que perdurar\u00e1n a lo largo de la vida. Su labor no solo contribuye a la salud bucal, sino tambi\u00e9n al desarrollo integral de los ni\u00f1os, promoviendo una autoestima positiva y una mejor calidad de vida.<\/p>\n<\/div><\/div>\n\n<\/div><\/div>\n\n<style>.kb-row-layout-wrap.wp-block-kadence-rowlayout.kb-row-layout-id34_94c75a-18{margin-top:0px;margin-bottom:0px;}.kb-row-layout-id34_94c75a-18 > .kt-row-column-wrap{align-content:start;}:where(.kb-row-layout-id34_94c75a-18 > .kt-row-column-wrap) > .wp-block-kadence-column{justify-content:start;}.kb-row-layout-id34_94c75a-18 > .kt-row-column-wrap{column-gap:var(--global-kb-gap-md, 2rem);row-gap:var(--global-kb-gap-md, 2rem);padding-top:95px;padding-bottom:150px;grid-template-columns:minmax(0, 1fr);}.kb-row-layout-id34_94c75a-18{background-color:#bbb5ac;}.kb-row-layout-id34_94c75a-18 > .kt-row-layout-overlay{opacity:0.30;}@media all and (max-width: 1024px){.kb-row-layout-id34_94c75a-18 > .kt-row-column-wrap{padding-top:68px;padding-bottom:120px;grid-template-columns:minmax(0, 1fr);}}@media all and (max-width: 767px){.kb-row-layout-wrap.wp-block-kadence-rowlayout.kb-row-layout-id34_94c75a-18{margin-top:63px;}.kb-row-layout-id34_94c75a-18 > .kt-row-column-wrap{padding-top:37px;padding-bottom:90px;grid-template-columns:minmax(0, 1fr);}}<\/style><div class=\"kb-row-layout-wrap kb-row-layout-id34_94c75a-18 alignfull kt-row-has-bg wp-block-kadence-rowlayout\"><div class=\"kt-row-column-wrap kt-has-1-columns kt-row-layout-equal kt-tab-layout-inherit kt-mobile-layout-row kt-row-valign-top\">\n<style>.kadence-column34_4519eb-08 > .kt-inside-inner-col{padding-top:0%;padding-right:20%;padding-bottom:0%;padding-left:20%;}.kadence-column34_4519eb-08 > .kt-inside-inner-col,.kadence-column34_4519eb-08 > .kt-inside-inner-col:before{border-top-left-radius:0px;border-top-right-radius:0px;border-bottom-right-radius:0px;border-bottom-left-radius:0px;}.kadence-column34_4519eb-08 > .kt-inside-inner-col{column-gap:var(--global-kb-gap-sm, 1rem);}.kadence-column34_4519eb-08 > .kt-inside-inner-col{flex-direction:column;}.kadence-column34_4519eb-08 > .kt-inside-inner-col > .aligncenter{width:100%;}.kadence-column34_4519eb-08 > .kt-inside-inner-col:before{opacity:0.3;}.kadence-column34_4519eb-08{position:relative;}.kadence-column34_4519eb-08, .kt-inside-inner-col > .kadence-column34_4519eb-08:not(.specificity){margin-top:0px;margin-bottom:0px;}@media all and (max-width: 1024px){.kadence-column34_4519eb-08 > .kt-inside-inner-col{padding-right:10%;padding-left:10%;flex-direction:column;justify-content:center;}}@media all and (max-width: 767px){.kadence-column34_4519eb-08 > .kt-inside-inner-col{padding-right:5%;padding-left:5%;flex-direction:column;justify-content:center;}}<\/style>\n<div class=\"wp-block-kadence-column kadence-column34_4519eb-08\"><div class=\"kt-inside-inner-col\">\n<p class=\"has-text-align-center h3 has-white-color has-text-color has-link-color wp-elements-a623d7e2bb5e15ec28f85742d0cf7108\">Pide tu cita y empezamos a cuidar de tu salud bucodental con atenci\u00f3n cercana y profesional.<\/p>\n\n\n\n<div class=\"wp-block-buttons is-content-justification-center is-layout-flex wp-container-core-buttons-is-layout-16018d1d wp-block-buttons-is-layout-flex\">\n<div class=\"wp-block-button\"><a class=\"wp-block-button__link has-white-color has-text-color has-background has-link-color has-custom-font-size wp-element-button\" href=\"https:\/\/arizagaballestar.com\/es\/contacto\/\" style=\"background-color:#375165;font-size:16px\">Cita Online<\/a><\/div>\n<\/div>\n<\/div><\/div>\n\n<\/div><\/div>","protected":false},"excerpt":{"rendered":"<p>Servicio de odontopediatr\u00eda en Matar\u00f3 para cuidar la salud bucal de los ni\u00f1os con tratamientos adaptados, atenci\u00f3n cercana y prevenci\u00f3n desde peque\u00f1os.<\/p>\n","protected":false},"author":2,"featured_media":127,"parent":0,"menu_order":0,"comment_status":"closed","ping_status":"closed","template":"templates\/template-builder.php","meta":{"inline_featured_image":false,"_kad_blocks_custom_css":"","_kad_blocks_head_custom_js":"","_kad_blocks_body_custom_js":"","_kad_blocks_footer_custom_js":"","footnotes":""},"class_list":["post-1028","page","type-page","status-publish","has-post-thumbnail","hentry","post","with-featured-image"],"taxonomy_info":[],"featured_image_src_large":["https:\/\/arizagaballestar.com\/wp-content\/uploads\/2025\/05\/odontopediatria.webp",905,680,false],"author_info":{"display_name":"Ideamatic","author_link":"https:\/\/arizagaballestar.com\/es\/author\/ideadmin\/"},"comment_info":0,"_links":{"self":[{"href":"https:\/\/arizagaballestar.com\/es\/wp-json\/wp\/v2\/pages\/1028","targetHints":{"allow":["GET"]}}],"collection":[{"href":"https:\/\/arizagaballestar.com\/es\/wp-json\/wp\/v2\/pages"}],"about":[{"href":"https:\/\/arizagaballestar.com\/es\/wp-json\/wp\/v2\/types\/page"}],"author":[{"embeddable":true,"href":"https:\/\/arizagaballestar.com\/es\/wp-json\/wp\/v2\/users\/2"}],"replies":[{"embeddable":true,"href":"https:\/\/arizagaballestar.com\/es\/wp-json\/wp\/v2\/comments?post=1028"}],"version-history":[{"count":2,"href":"https:\/\/arizagaballestar.com\/es\/wp-json\/wp\/v2\/pages\/1028\/revisions"}],"predecessor-version":[{"id":1173,"href":"https:\/\/arizagaballestar.com\/es\/wp-json\/wp\/v2\/pages\/1028\/revisions\/1173"}],"wp:featuredmedia":[{"embeddable":true,"href":"https:\/\/arizagaballestar.com\/es\/wp-json\/wp\/v2\/media\/127"}],"wp:attachment":[{"href":"https:\/\/arizagaballestar.com\/es\/wp-json\/wp\/v2\/media?parent=1028"}],"curies":[{"name":"wp","href":"https:\/\/api.w.org\/{rel}","templated":true}]}}