{"id":1020,"date":"2025-05-17T17:48:29","date_gmt":"2025-05-17T15:48:29","guid":{"rendered":"https:\/\/arizagaballestar.com\/endodoncia\/"},"modified":"2025-06-02T20:08:14","modified_gmt":"2025-06-02T18:08:14","slug":"tratamiento-endodoncia","status":"publish","type":"page","link":"https:\/\/arizagaballestar.com\/es\/tratamiento-endodoncia\/","title":{"rendered":"Endodoncia"},"content":{"rendered":"<style>.kb-row-layout-wrap.wp-block-kadence-rowlayout.kb-row-layout-id1020_28cbbb-ca{margin-top:137px;margin-bottom:78px;}.kb-row-layout-id1020_28cbbb-ca > .kt-row-column-wrap{align-content:start;}:where(.kb-row-layout-id1020_28cbbb-ca > .kt-row-column-wrap) > .wp-block-kadence-column{justify-content:start;}.kb-row-layout-id1020_28cbbb-ca > .kt-row-column-wrap{row-gap:30px;padding-top:0px;padding-bottom:0px;grid-template-columns:minmax(0, 1fr);}.kb-row-layout-id1020_28cbbb-ca > .kt-row-layout-overlay{opacity:0.30;}@media all and (max-width: 1024px){.kb-row-layout-wrap.wp-block-kadence-rowlayout.kb-row-layout-id1020_28cbbb-ca{margin-top:84px;margin-bottom:58px;}}@media all and (max-width: 1024px){.kb-row-layout-id1020_28cbbb-ca > .kt-row-column-wrap{grid-template-columns:minmax(0, 1fr);}}@media all and (max-width: 767px){.kb-row-layout-wrap.wp-block-kadence-rowlayout.kb-row-layout-id1020_28cbbb-ca{margin-top:87px;margin-bottom:41px;}.kb-row-layout-id1020_28cbbb-ca > .kt-row-column-wrap{row-gap:30px;grid-template-columns:minmax(0, 1fr);}}<\/style><div class=\"kb-row-layout-wrap kb-row-layout-id1020_28cbbb-ca alignnone fila--header--interiors fila--tractament wp-block-kadence-rowlayout\"><div class=\"kt-row-column-wrap kt-has-2-columns kt-row-layout-row kt-tab-layout-inherit kt-mobile-layout-row kt-row-valign-top\">\n<style>.kadence-column1020_f8d493-c8 > .kt-inside-inner-col{padding-top:0px;padding-bottom:0px;}.kadence-column1020_f8d493-c8 > .kt-inside-inner-col,.kadence-column1020_f8d493-c8 > .kt-inside-inner-col:before{border-top-left-radius:0px;border-top-right-radius:0px;border-bottom-right-radius:0px;border-bottom-left-radius:0px;}.kadence-column1020_f8d493-c8 > .kt-inside-inner-col{column-gap:var(--global-kb-gap-sm, 1rem);}.kadence-column1020_f8d493-c8 > .kt-inside-inner-col{flex-direction:column;}.kadence-column1020_f8d493-c8 > .kt-inside-inner-col > .aligncenter{width:100%;}.kadence-column1020_f8d493-c8 > .kt-inside-inner-col:before{opacity:0.3;}.kadence-column1020_f8d493-c8{position:relative;}.kadence-column1020_f8d493-c8, .kt-inside-inner-col > .kadence-column1020_f8d493-c8:not(.specificity){margin-top:0px;margin-bottom:0px;}@media all and (max-width: 1024px){.kadence-column1020_f8d493-c8 > .kt-inside-inner-col{flex-direction:column;justify-content:center;}}@media all and (max-width: 767px){.kadence-column1020_f8d493-c8 > .kt-inside-inner-col{flex-direction:column;justify-content:center;}}<\/style>\n<div class=\"wp-block-kadence-column kadence-column1020_f8d493-c8\"><div class=\"kt-inside-inner-col\">\n<div class=\"wp-block-buttons breadcrumbs is-layout-flex wp-block-buttons-is-layout-flex\">\n<div class=\"wp-block-button is-style-fill\"><a class=\"wp-block-button__link has-text-color has-background has-link-color has-custom-font-size wp-element-button\" href=\"https:\/\/arizagaballestar.com\/es\/tratamientos-dentales-mataro\/\" style=\"color:#535561;background-color:#ffffff00;font-size:16px\">Volver a Tratamientos<\/a><\/div>\n<\/div>\n\n\n<h1 class=\"h1--plus wp-block-post-title\">Endodoncia<\/h1><\/div><\/div>\n\n\n<style>.kadence-column1020_a4e064-67 > .kt-inside-inner-col{padding-top:0px;padding-bottom:0px;}.kadence-column1020_a4e064-67 > .kt-inside-inner-col,.kadence-column1020_a4e064-67 > .kt-inside-inner-col:before{border-top-left-radius:0px;border-top-right-radius:0px;border-bottom-right-radius:0px;border-bottom-left-radius:0px;}.kadence-column1020_a4e064-67 > .kt-inside-inner-col{column-gap:var(--global-kb-gap-sm, 1rem);}.kadence-column1020_a4e064-67 > .kt-inside-inner-col{flex-direction:column;}.kadence-column1020_a4e064-67 > .kt-inside-inner-col > .aligncenter{width:100%;}.kadence-column1020_a4e064-67 > .kt-inside-inner-col:before{opacity:0.3;}.kadence-column1020_a4e064-67{position:relative;}.kadence-column1020_a4e064-67, .kt-inside-inner-col > .kadence-column1020_a4e064-67:not(.specificity){margin-top:0px;margin-bottom:0px;}@media all and (max-width: 1024px){.kadence-column1020_a4e064-67 > .kt-inside-inner-col{flex-direction:column;justify-content:center;}}@media all and (max-width: 767px){.kadence-column1020_a4e064-67 > .kt-inside-inner-col{flex-direction:column;justify-content:center;}}<\/style>\n<div class=\"wp-block-kadence-column kadence-column1020_a4e064-67\"><div class=\"kt-inside-inner-col\"><style>.wp-block-kadence-advancedheading.kt-adv-heading1020_83e0c4-52, .wp-block-kadence-advancedheading.kt-adv-heading1020_83e0c4-52[data-kb-block=\"kb-adv-heading1020_83e0c4-52\"]{font-style:normal;}.wp-block-kadence-advancedheading.kt-adv-heading1020_83e0c4-52 mark.kt-highlight, .wp-block-kadence-advancedheading.kt-adv-heading1020_83e0c4-52[data-kb-block=\"kb-adv-heading1020_83e0c4-52\"] mark.kt-highlight{font-style:normal;color:#f76a0c;-webkit-box-decoration-break:clone;box-decoration-break:clone;padding-top:0px;padding-right:0px;padding-bottom:0px;padding-left:0px;}.wp-block-kadence-advancedheading.kt-adv-heading1020_83e0c4-52 img.kb-inline-image, .wp-block-kadence-advancedheading.kt-adv-heading1020_83e0c4-52[data-kb-block=\"kb-adv-heading1020_83e0c4-52\"] img.kb-inline-image{width:150px;vertical-align:baseline;}<\/style>\n<h2 class=\"kt-adv-heading1020_83e0c4-52 h3 wp-block-kadence-advancedheading\" data-kb-block=\"kb-adv-heading1020_83e0c4-52\">Tratamiento de endodoncia para eliminar infecciones del nervio dental, conservar la pieza y evitar la extracci\u00f3n con t\u00e9cnicas precisas y seguras.<\/h2>\n<\/div><\/div>\n\n<\/div><\/div>\n\n<style>.kb-row-layout-wrap.wp-block-kadence-rowlayout.kb-row-layout-id1020_bd1493-4a{margin-top:0px;margin-bottom:150px;}.kb-row-layout-id1020_bd1493-4a > .kt-row-column-wrap{align-content:start;}:where(.kb-row-layout-id1020_bd1493-4a > .kt-row-column-wrap) > .wp-block-kadence-column{justify-content:start;}.kb-row-layout-id1020_bd1493-4a > .kt-row-column-wrap{column-gap:90px;row-gap:var(--global-kb-gap-md, 2rem);padding-top:0px;padding-bottom:0px;grid-template-columns:repeat(2, minmax(0, 1fr));}.kb-row-layout-id1020_bd1493-4a > .kt-row-layout-overlay{opacity:0.30;}@media all and (max-width: 1024px){.kb-row-layout-wrap.wp-block-kadence-rowlayout.kb-row-layout-id1020_bd1493-4a{margin-bottom:65px;}}@media all and (max-width: 1024px){.kb-row-layout-id1020_bd1493-4a > .kt-row-column-wrap{column-gap:60px;grid-template-columns:repeat(2, minmax(0, 1fr));}}@media all and (max-width: 767px){.kb-row-layout-wrap.wp-block-kadence-rowlayout.kb-row-layout-id1020_bd1493-4a{margin-bottom:40px;}.kb-row-layout-id1020_bd1493-4a > .kt-row-column-wrap{row-gap:60px;grid-template-columns:minmax(0, 1fr);}}<\/style><div class=\"kb-row-layout-wrap kb-row-layout-id1020_bd1493-4a alignnone fila--entradeta--foto fila--tractament wp-block-kadence-rowlayout\"><div class=\"kt-row-column-wrap kt-has-2-columns kt-row-layout-equal kt-tab-layout-inherit kt-mobile-layout-row kt-row-valign-top\">\n<style>.kadence-column1020_b7af12-8d > .kt-inside-inner-col{padding-top:0px;padding-bottom:0px;}.kadence-column1020_b7af12-8d > .kt-inside-inner-col,.kadence-column1020_b7af12-8d > .kt-inside-inner-col:before{border-top-left-radius:0px;border-top-right-radius:0px;border-bottom-right-radius:0px;border-bottom-left-radius:0px;}.kadence-column1020_b7af12-8d > .kt-inside-inner-col{column-gap:var(--global-kb-gap-sm, 1rem);}.kadence-column1020_b7af12-8d > .kt-inside-inner-col{flex-direction:column;}.kadence-column1020_b7af12-8d > .kt-inside-inner-col > .aligncenter{width:100%;}.kadence-column1020_b7af12-8d > .kt-inside-inner-col:before{opacity:0.3;}.kadence-column1020_b7af12-8d{position:relative;}.kadence-column1020_b7af12-8d, .kt-inside-inner-col > .kadence-column1020_b7af12-8d:not(.specificity){margin-top:0px;margin-bottom:0px;}@media all and (max-width: 1024px){.kadence-column1020_b7af12-8d > .kt-inside-inner-col{flex-direction:column;justify-content:center;}}@media all and (max-width: 767px){.kadence-column1020_b7af12-8d > .kt-inside-inner-col{flex-direction:column;justify-content:center;}}<\/style>\n<div class=\"wp-block-kadence-column kadence-column1020_b7af12-8d\"><div class=\"kt-inside-inner-col\"><style>.wp-block-kadence-spacer.kt-block-spacer-1020_10ce48-32 .kt-block-spacer{height:10px;}.wp-block-kadence-spacer.kt-block-spacer-1020_10ce48-32 .kt-divider{border-top-width:1px;height:1px;border-top-color:#535561;width:100%;border-top-style:solid;}<\/style>\n<div class=\"wp-block-kadence-spacer alignnone kt-block-spacer-1020_10ce48-32\"><div class=\"kt-block-spacer kt-block-spacer-halign-left\"><hr class=\"kt-divider\"\/><\/div><\/div>\n\n\n\n<p>La endodoncia es una rama de la odontolog\u00eda que se dedica al diagn\u00f3stico y tratamiento de las enfermedades que afectan a la c\u00e1mara pulpar o nervio dental, localizado en los conductos radiculares de las ra\u00edces dentales. La c\u00e1mara pulpar es el espacio interior del diente que contiene nervios, vasos sangu\u00edneos y tejido conectivo. Cuando este tejido se inflama o se infecta a causa de caries profundas, fracturas o m\u00faltiples tratamientos previos, se hace necesario realizar un tratamiento de endodoncia para salvar el diente.<\/p>\n\n\n<style>.wp-block-kadence-spacer.kt-block-spacer-1020_18a478-d5 .kt-block-spacer{height:6px;}.wp-block-kadence-spacer.kt-block-spacer-1020_18a478-d5 .kt-divider{border-top-width:1px;height:1px;border-top-color:#eee;width:80%;border-top-style:solid;}<\/style>\n<div class=\"wp-block-kadence-spacer aligncenter kt-block-spacer-1020_18a478-d5 kvs-md-false kvs-sm-false\"><div class=\"kt-block-spacer kt-block-spacer-halign-center\"><\/div><\/div>\n\n\n\n<div class=\"wp-block-buttons is-layout-flex wp-block-buttons-is-layout-flex\">\n<div class=\"wp-block-button\"><a class=\"wp-block-button__link has-custom-font-size wp-element-button\" href=\"https:\/\/arizagaballestar.com\/es\/contacto\/\" style=\"font-size:16px\">Cita Online<\/a><\/div>\n<\/div>\n<\/div><\/div>\n\n\n<style>.kadence-column1020_cd3cdf-1f > .kt-inside-inner-col,.kadence-column1020_cd3cdf-1f > .kt-inside-inner-col:before{border-top-left-radius:0px;border-top-right-radius:0px;border-bottom-right-radius:0px;border-bottom-left-radius:0px;}.kadence-column1020_cd3cdf-1f > .kt-inside-inner-col{column-gap:var(--global-kb-gap-sm, 1rem);}.kadence-column1020_cd3cdf-1f > .kt-inside-inner-col{flex-direction:column;}.kadence-column1020_cd3cdf-1f > .kt-inside-inner-col > .aligncenter{width:100%;}.kadence-column1020_cd3cdf-1f > .kt-inside-inner-col:before{opacity:0.3;}.kadence-column1020_cd3cdf-1f{position:relative;}@media all and (max-width: 1024px){.kadence-column1020_cd3cdf-1f > .kt-inside-inner-col{flex-direction:column;justify-content:center;}}@media all and (max-width: 767px){.kadence-column1020_cd3cdf-1f > .kt-inside-inner-col{flex-direction:column;justify-content:center;}}<\/style>\n<div class=\"wp-block-kadence-column kadence-column1020_cd3cdf-1f\"><div class=\"kt-inside-inner-col\"><style>.kb-image1020_21688b-4e .kb-image-has-overlay:after{opacity:0.3;border-top-left-radius:90px;border-top-right-radius:90px;border-bottom-right-radius:90px;border-bottom-left-radius:90px;}.kb-image1020_21688b-4e img.kb-img, .kb-image1020_21688b-4e .kb-img img{border-top-left-radius:90px;border-top-right-radius:90px;border-bottom-right-radius:90px;border-bottom-left-radius:90px;}@media all and (max-width: 1024px){.kb-image1020_21688b-4e .kb-image-has-overlay:after{border-top-left-radius:45px;border-top-right-radius:45px;border-bottom-right-radius:45px;border-bottom-left-radius:45px;}}@media all and (max-width: 1024px){.kb-image1020_21688b-4e img.kb-img, .kb-image1020_21688b-4e .kb-img img{border-top-left-radius:45px;border-top-right-radius:45px;border-bottom-right-radius:45px;border-bottom-left-radius:45px;}}@media all and (max-width: 767px){.kb-image1020_21688b-4e .kb-image-has-overlay:after{border-top-left-radius:45px;border-top-right-radius:45px;border-bottom-right-radius:45px;border-bottom-left-radius:45px;}.kb-image1020_21688b-4e img.kb-img, .kb-image1020_21688b-4e .kb-img img{border-top-left-radius:45px;border-top-right-radius:45px;border-bottom-right-radius:45px;border-bottom-left-radius:45px;}}<\/style>\n<figure class=\"wp-block-kadence-image kb-image1020_21688b-4e kb-image-is-ratio-size\"><div class=\"kb-is-ratio-image kb-image-ratio-land43\"><img loading=\"lazy\" decoding=\"async\" width=\"2049\" height=\"1539\" src=\"https:\/\/arizagaballestar.com\/wp-content\/uploads\/2025\/05\/endodoncia.webp\" alt=\"Endodoncia\" class=\"kb-img wp-image-92\" srcset=\"https:\/\/arizagaballestar.com\/wp-content\/uploads\/2025\/05\/endodoncia.webp 2049w, https:\/\/arizagaballestar.com\/wp-content\/uploads\/2025\/05\/endodoncia-1200x901.webp 1200w, https:\/\/arizagaballestar.com\/wp-content\/uploads\/2025\/05\/endodoncia-1400x1052.webp 1400w, https:\/\/arizagaballestar.com\/wp-content\/uploads\/2025\/05\/endodoncia-300x225.webp 300w\" sizes=\"auto, (max-width: 2049px) 100vw, 2049px\" \/><\/div><\/figure>\n<\/div><\/div>\n\n<\/div><\/div>\n\n<style>.kb-row-layout-wrap.wp-block-kadence-rowlayout.kb-row-layout-id1020_c26638-25{margin-top:0px;margin-bottom:120px;}.kb-row-layout-id1020_c26638-25 > .kt-row-column-wrap{align-content:start;}:where(.kb-row-layout-id1020_c26638-25 > .kt-row-column-wrap) > .wp-block-kadence-column{justify-content:start;}.kb-row-layout-id1020_c26638-25 > .kt-row-column-wrap{column-gap:90px;row-gap:var(--global-kb-gap-md, 2rem);padding-top:0px;padding-bottom:0px;grid-template-columns:repeat(2, minmax(0, 1fr));}.kb-row-layout-id1020_c26638-25 > .kt-row-layout-overlay{opacity:0.30;}@media all and (max-width: 1024px){.kb-row-layout-wrap.wp-block-kadence-rowlayout.kb-row-layout-id1020_c26638-25{margin-bottom:62px;}}@media all and (max-width: 1024px){.kb-row-layout-id1020_c26638-25 > .kt-row-column-wrap{column-gap:60px;grid-template-columns:repeat(2, minmax(0, 1fr));}}@media all and (max-width: 767px){.kb-row-layout-wrap.wp-block-kadence-rowlayout.kb-row-layout-id1020_c26638-25{margin-bottom:10px;}.kb-row-layout-id1020_c26638-25 > .kt-row-column-wrap{row-gap:0px;grid-template-columns:minmax(0, 1fr);}}<\/style><div class=\"kb-row-layout-wrap kb-row-layout-id1020_c26638-25 alignnone fila--tractament wp-block-kadence-rowlayout\"><div class=\"kt-row-column-wrap kt-has-2-columns kt-row-layout-equal kt-tab-layout-inherit kt-mobile-layout-row kt-row-valign-top\">\n<style>#wrapper.site{overflow:clip;}.kadence-column1020_08563c-c6{--kb-section-setting-offset:137px;}.kadence-column1020_08563c-c6 > .kt-inside-inner-col{padding-top:0px;padding-bottom:0px;}.kadence-column1020_08563c-c6 > .kt-inside-inner-col,.kadence-column1020_08563c-c6 > .kt-inside-inner-col:before{border-top-left-radius:0px;border-top-right-radius:0px;border-bottom-right-radius:0px;border-bottom-left-radius:0px;}.kadence-column1020_08563c-c6 > .kt-inside-inner-col{column-gap:var(--global-kb-gap-sm, 1rem);}.kadence-column1020_08563c-c6 > .kt-inside-inner-col{flex-direction:column;}.kadence-column1020_08563c-c6 > .kt-inside-inner-col > .aligncenter{width:100%;}.kadence-column1020_08563c-c6 > .kt-inside-inner-col:before{opacity:0.3;}.kadence-column1020_08563c-c6{position:relative;}.kadence-column1020_08563c-c6, .kt-inside-inner-col > .kadence-column1020_08563c-c6:not(.specificity){margin-top:0px;margin-bottom:0px;}@media all and (max-width: 1024px){.kadence-column1020_08563c-c6{--kb-section-setting-offset:1px;}}@media all and (max-width: 1024px){.kadence-column1020_08563c-c6 > .kt-inside-inner-col{flex-direction:column;justify-content:center;}}@media all and (max-width: 767px){.kadence-column1020_08563c-c6 > .kt-inside-inner-col{flex-direction:column;justify-content:center;}}<\/style>\n<div class=\"wp-block-kadence-column kadence-column1020_08563c-c6 kb-section-is-sticky columna--titol\"><div class=\"kt-inside-inner-col\"><style>.wp-block-kadence-advancedheading.kt-adv-heading1020_9bb065-7e, .wp-block-kadence-advancedheading.kt-adv-heading1020_9bb065-7e[data-kb-block=\"kb-adv-heading1020_9bb065-7e\"]{font-style:normal;}.wp-block-kadence-advancedheading.kt-adv-heading1020_9bb065-7e mark.kt-highlight, .wp-block-kadence-advancedheading.kt-adv-heading1020_9bb065-7e[data-kb-block=\"kb-adv-heading1020_9bb065-7e\"] mark.kt-highlight{font-style:normal;color:#f76a0c;-webkit-box-decoration-break:clone;box-decoration-break:clone;padding-top:0px;padding-right:0px;padding-bottom:0px;padding-left:0px;}.wp-block-kadence-advancedheading.kt-adv-heading1020_9bb065-7e img.kb-inline-image, .wp-block-kadence-advancedheading.kt-adv-heading1020_9bb065-7e[data-kb-block=\"kb-adv-heading1020_9bb065-7e\"] img.kb-inline-image{width:150px;vertical-align:baseline;}<\/style>\n<h3 class=\"kt-adv-heading1020_9bb065-7e wp-block-kadence-advancedheading\" data-kb-block=\"kb-adv-heading1020_9bb065-7e\">\u00bfEn qu\u00e9 consiste exactamente?<\/h3>\n<\/div><\/div>\n\n\n<style>.kadence-column1020_e749b4-22 > .kt-inside-inner-col{padding-top:0px;padding-bottom:0px;}.kadence-column1020_e749b4-22 > .kt-inside-inner-col,.kadence-column1020_e749b4-22 > .kt-inside-inner-col:before{border-top-left-radius:0px;border-top-right-radius:0px;border-bottom-right-radius:0px;border-bottom-left-radius:0px;}.kadence-column1020_e749b4-22 > .kt-inside-inner-col{column-gap:var(--global-kb-gap-sm, 1rem);}.kadence-column1020_e749b4-22 > .kt-inside-inner-col{flex-direction:column;}.kadence-column1020_e749b4-22 > .kt-inside-inner-col > .aligncenter{width:100%;}.kadence-column1020_e749b4-22 > .kt-inside-inner-col:before{opacity:0.3;}.kadence-column1020_e749b4-22{position:relative;}.kadence-column1020_e749b4-22, .kt-inside-inner-col > .kadence-column1020_e749b4-22:not(.specificity){margin-top:0px;margin-bottom:0px;}@media all and (max-width: 1024px){.kadence-column1020_e749b4-22 > .kt-inside-inner-col{flex-direction:column;justify-content:center;}}@media all and (max-width: 767px){.kadence-column1020_e749b4-22 > .kt-inside-inner-col{flex-direction:column;justify-content:center;}}<\/style>\n<div class=\"wp-block-kadence-column kadence-column1020_e749b4-22\"><div class=\"kt-inside-inner-col\"><style>.wp-block-kadence-spacer.kt-block-spacer-1020_5eb9ce-4c .kt-block-spacer{height:10px;}.wp-block-kadence-spacer.kt-block-spacer-1020_5eb9ce-4c .kt-divider{border-top-width:1px;height:1px;border-top-color:#535561;width:100%;border-top-style:solid;}<\/style>\n<div class=\"wp-block-kadence-spacer alignnone kt-block-spacer-1020_5eb9ce-4c\"><div class=\"kt-block-spacer kt-block-spacer-halign-left\"><hr class=\"kt-divider\"\/><\/div><\/div>\n\n\n\n<p>El procedimiento de endodoncia consiste en eliminar la pulpa infectada o inflamada, limpiar y desinfectar los conductos radiculares y, posteriormente, rellenarlos con un material especial que permite recuperar su funci\u00f3n y evitar futuras infecciones. Este tratamiento permite evitar la extracci\u00f3n del diente, manteniendo su funcionalidad y mejorando la calidad de vida del paciente.<\/p>\n\n\n\n<p>La t\u00e9cnica de la endodoncia ha evolucionado mucho gracias al uso de tecnolog\u00eda avanzada como los sistemas de aumento de imagen o los sistemas de instrumentaci\u00f3n rotatoria, que facilitan una limpieza y desinfecci\u00f3n m\u00e1s precisas. Aunque puede parecer un procedimiento complejo, es habitual y seguro, con un alto \u00edndice de \u00e9xito. Tras el tratamiento, es habitual que el diente necesite una restauraci\u00f3n espec\u00edfica para protegerlo, como una incrustaci\u00f3n o incluso una corona, que garantice su durabilidad y est\u00e9tica.<\/p>\n\n\n\n<p>En resumen, la endodoncia es esencial para preservar dientes afectados por infecciones o inflamaciones internas, evitando extracciones y asegurando una mejor salud bucal a largo plazo.<\/p>\n<\/div><\/div>\n\n<\/div><\/div>\n\n<style>.kb-row-layout-wrap.wp-block-kadence-rowlayout.kb-row-layout-id34_94c75a-18{margin-top:0px;margin-bottom:0px;}.kb-row-layout-id34_94c75a-18 > .kt-row-column-wrap{align-content:start;}:where(.kb-row-layout-id34_94c75a-18 > .kt-row-column-wrap) > .wp-block-kadence-column{justify-content:start;}.kb-row-layout-id34_94c75a-18 > .kt-row-column-wrap{column-gap:var(--global-kb-gap-md, 2rem);row-gap:var(--global-kb-gap-md, 2rem);padding-top:95px;padding-bottom:150px;grid-template-columns:minmax(0, 1fr);}.kb-row-layout-id34_94c75a-18{background-color:#bbb5ac;}.kb-row-layout-id34_94c75a-18 > .kt-row-layout-overlay{opacity:0.30;}@media all and (max-width: 1024px){.kb-row-layout-id34_94c75a-18 > .kt-row-column-wrap{padding-top:68px;padding-bottom:120px;grid-template-columns:minmax(0, 1fr);}}@media all and (max-width: 767px){.kb-row-layout-wrap.wp-block-kadence-rowlayout.kb-row-layout-id34_94c75a-18{margin-top:63px;}.kb-row-layout-id34_94c75a-18 > .kt-row-column-wrap{padding-top:37px;padding-bottom:90px;grid-template-columns:minmax(0, 1fr);}}<\/style><div class=\"kb-row-layout-wrap kb-row-layout-id34_94c75a-18 alignfull kt-row-has-bg wp-block-kadence-rowlayout\"><div class=\"kt-row-column-wrap kt-has-1-columns kt-row-layout-equal kt-tab-layout-inherit kt-mobile-layout-row kt-row-valign-top\">\n<style>.kadence-column34_4519eb-08 > .kt-inside-inner-col{padding-top:0%;padding-right:20%;padding-bottom:0%;padding-left:20%;}.kadence-column34_4519eb-08 > .kt-inside-inner-col,.kadence-column34_4519eb-08 > .kt-inside-inner-col:before{border-top-left-radius:0px;border-top-right-radius:0px;border-bottom-right-radius:0px;border-bottom-left-radius:0px;}.kadence-column34_4519eb-08 > .kt-inside-inner-col{column-gap:var(--global-kb-gap-sm, 1rem);}.kadence-column34_4519eb-08 > .kt-inside-inner-col{flex-direction:column;}.kadence-column34_4519eb-08 > .kt-inside-inner-col > .aligncenter{width:100%;}.kadence-column34_4519eb-08 > .kt-inside-inner-col:before{opacity:0.3;}.kadence-column34_4519eb-08{position:relative;}.kadence-column34_4519eb-08, .kt-inside-inner-col > .kadence-column34_4519eb-08:not(.specificity){margin-top:0px;margin-bottom:0px;}@media all and (max-width: 1024px){.kadence-column34_4519eb-08 > .kt-inside-inner-col{padding-right:10%;padding-left:10%;flex-direction:column;justify-content:center;}}@media all and (max-width: 767px){.kadence-column34_4519eb-08 > .kt-inside-inner-col{padding-right:5%;padding-left:5%;flex-direction:column;justify-content:center;}}<\/style>\n<div class=\"wp-block-kadence-column kadence-column34_4519eb-08\"><div class=\"kt-inside-inner-col\">\n<p class=\"has-text-align-center h3 has-white-color has-text-color has-link-color wp-elements-a623d7e2bb5e15ec28f85742d0cf7108\">Pide tu cita y empezamos a cuidar de tu salud bucodental con atenci\u00f3n cercana y profesional.<\/p>\n\n\n\n<div class=\"wp-block-buttons is-content-justification-center is-layout-flex wp-container-core-buttons-is-layout-16018d1d wp-block-buttons-is-layout-flex\">\n<div class=\"wp-block-button\"><a class=\"wp-block-button__link has-white-color has-text-color has-background has-link-color has-custom-font-size wp-element-button\" href=\"https:\/\/arizagaballestar.com\/es\/contacto\/\" style=\"background-color:#375165;font-size:16px\">Cita Online<\/a><\/div>\n<\/div>\n<\/div><\/div>\n\n<\/div><\/div>","protected":false},"excerpt":{"rendered":"<p>Tratamiento de endodoncia para eliminar infecciones del nervio dental, conservar la pieza y evitar la extracci\u00f3n con t\u00e9cnicas precisas y seguras.<\/p>\n","protected":false},"author":2,"featured_media":133,"parent":0,"menu_order":0,"comment_status":"closed","ping_status":"closed","template":"templates\/template-builder.php","meta":{"inline_featured_image":false,"_kad_blocks_custom_css":"","_kad_blocks_head_custom_js":"","_kad_blocks_body_custom_js":"","_kad_blocks_footer_custom_js":"","footnotes":""},"class_list":["post-1020","page","type-page","status-publish","has-post-thumbnail","hentry","post","with-featured-image"],"taxonomy_info":[],"featured_image_src_large":["https:\/\/arizagaballestar.com\/wp-content\/uploads\/2025\/05\/endodoncia.webp",905,680,false],"author_info":{"display_name":"Ideamatic","author_link":"https:\/\/arizagaballestar.com\/es\/author\/ideadmin\/"},"comment_info":0,"_links":{"self":[{"href":"https:\/\/arizagaballestar.com\/es\/wp-json\/wp\/v2\/pages\/1020","targetHints":{"allow":["GET"]}}],"collection":[{"href":"https:\/\/arizagaballestar.com\/es\/wp-json\/wp\/v2\/pages"}],"about":[{"href":"https:\/\/arizagaballestar.com\/es\/wp-json\/wp\/v2\/types\/page"}],"author":[{"embeddable":true,"href":"https:\/\/arizagaballestar.com\/es\/wp-json\/wp\/v2\/users\/2"}],"replies":[{"embeddable":true,"href":"https:\/\/arizagaballestar.com\/es\/wp-json\/wp\/v2\/comments?post=1020"}],"version-history":[{"count":3,"href":"https:\/\/arizagaballestar.com\/es\/wp-json\/wp\/v2\/pages\/1020\/revisions"}],"predecessor-version":[{"id":1159,"href":"https:\/\/arizagaballestar.com\/es\/wp-json\/wp\/v2\/pages\/1020\/revisions\/1159"}],"wp:featuredmedia":[{"embeddable":true,"href":"https:\/\/arizagaballestar.com\/es\/wp-json\/wp\/v2\/media\/133"}],"wp:attachment":[{"href":"https:\/\/arizagaballestar.com\/es\/wp-json\/wp\/v2\/media?parent=1020"}],"curies":[{"name":"wp","href":"https:\/\/api.w.org\/{rel}","templated":true}]}}